{"id":4331,"date":"2025-11-06T12:04:32","date_gmt":"2025-11-06T12:04:32","guid":{"rendered":"https:\/\/raytalkcomms.com\/?post_type=product&#038;p=4331"},"modified":"2025-12-25T07:44:22","modified_gmt":"2025-12-25T07:44:22","slug":"epac-10c-half-gel-and-half-foam-replacement-ear-pad","status":"publish","type":"product","link":"https:\/\/raytalkcomms.com\/de\/produkt\/epac-10c-half-gel-and-half-foam-replacement-ear-pad\/","title":{"rendered":"EPAC-10C Halb Gel und halb Schaumstoff Ersatzohrpolster"},"content":{"rendered":"<h3>W\u00e4hlen Sie die Ohrpolster, die zu Ihrem Betrieb passen:<\/h3>\n<ul>\n<li>Halb Gel und halb Roam Ohrpolster<\/li>\n<li>Gebaut, um Rissen und Abnutzung zu widerstehen, f\u00fcr eine l\u00e4nger anhaltende Leistung<\/li>\n<li>100 \u00d7 75 \u00d7 25 mm<\/li>\n<\/ul>","protected":false},"excerpt":{"rendered":"<p>Das EPAC-10C Ohrpolster ist ein halb aus Gel und halb aus Schaumstoff bestehendes Ersatzpolster, das f\u00fcr l\u00e4rmintensive Flugzeuge und intensive Trainingszwecke entwickelt wurde. Sein dickeres Profil verbessert die akustische Abdichtung, um Motor- und Windger\u00e4usche besser zu blockieren. Es wurde in Zusammenarbeit mit Piloten und Ausbildungsabteilungen entwickelt und besteht aus einer hautseitigen Silikongelschicht, die den Abrieb reduziert und dunkle Flecken durch h\u00e4ufiges Tragen verhindert, und einer Schaumstoffschicht auf der Schalenseite, die die Dichtungsstabilit\u00e4t und Atmungsaktivit\u00e4t verbessert. Er l\u00e4sst sich schnell installieren und passt auf die meisten GA- und PNR-Headsets.<\/p>\n<p>Aber egal, ob Sie im Cockpit, in der Fabrikhalle, im Bergbau oder auf Baustellen arbeiten, RayTalks dickstes Ohrpolster EPAC-10C ist es wert, in Ihre Ausr\u00fcstungsliste aufgenommen zu werden.<\/p>","protected":false},"featured_media":4324,"template":"","meta":[],"product_brand":[],"product_cat":[208,246,218,214],"product_tag":[],"class_list":{"0":"post-4331","1":"product","2":"type-product","3":"status-publish","4":"has-post-thumbnail","6":"product_cat-aviation","7":"product_cat-headset-accessories","8":"product_cat-spare-parts","9":"product_cat-two-way-radio-accessories","11":"first","12":"instock","13":"shipping-taxable","14":"purchasable","15":"product-type-simple"},"_links":{"self":[{"href":"https:\/\/raytalkcomms.com\/de\/wp-json\/wp\/v2\/product\/4331","targetHints":{"allow":["GET"]}}],"collection":[{"href":"https:\/\/raytalkcomms.com\/de\/wp-json\/wp\/v2\/product"}],"about":[{"href":"https:\/\/raytalkcomms.com\/de\/wp-json\/wp\/v2\/types\/product"}],"wp:featuredmedia":[{"embeddable":true,"href":"https:\/\/raytalkcomms.com\/de\/wp-json\/wp\/v2\/media\/4324"}],"wp:attachment":[{"href":"https:\/\/raytalkcomms.com\/de\/wp-json\/wp\/v2\/media?parent=4331"}],"wp:term":[{"taxonomy":"product_brand","embeddable":true,"href":"https:\/\/raytalkcomms.com\/de\/wp-json\/wp\/v2\/product_brand?post=4331"},{"taxonomy":"product_cat","embeddable":true,"href":"https:\/\/raytalkcomms.com\/de\/wp-json\/wp\/v2\/product_cat?post=4331"},{"taxonomy":"product_tag","embeddable":true,"href":"https:\/\/raytalkcomms.com\/de\/wp-json\/wp\/v2\/product_tag?post=4331"}],"curies":[{"name":"wp","href":"https:\/\/api.w.org\/{rel}","templated":true}]}}