{"id":4305,"date":"2025-11-06T07:42:29","date_gmt":"2025-11-06T07:42:29","guid":{"rendered":"https:\/\/raytalkcomms.com\/?post_type=product&#038;p=4305"},"modified":"2025-12-03T10:21:55","modified_gmt":"2025-12-03T10:21:55","slug":"asp-14-aviation-headset-bag-for-ph-600a","status":"publish","type":"product","link":"https:\/\/raytalkcomms.com\/de\/produkt\/asp-14-aviation-headset-bag-for-ph-600a\/","title":{"rendered":"ASP-14 Aviation Headset-Tasche f\u00fcr PH-600A"},"content":{"rendered":"<h3>Merkmale:<\/h3>\n<ul>\n<li>Gr\u00f6\u00dfe 260 \u00d7 200 \u00d7 80 mm f\u00fcr einfachen Transport und perfekten Schutz des Headsets<\/li>\n<li>Hergestellt aus strapazierf\u00e4higem Oxford-Gewebe<\/li>\n<\/ul>","protected":false},"excerpt":{"rendered":"<p>Die ASP-14 Aviation Headset Bag ist aus strapazierf\u00e4higem Oxford-Gewebe gefertigt, das robust und verformungsbest\u00e4ndig ist. Die Headset-Tasche verf\u00fcgt \u00fcber ein Samtfutter, das sich weich anf\u00fchlt und eine hervorragende Polsterung und Schutz f\u00fcr Ihr Headset bietet. Sie wurde f\u00fcr unser PH-600A Bluetooth ANR Aviation Headset entwickelt und ist auch mit anderen beliebten Aviation Headset-Marken wie Bose, David Clark und Sennheiser kompatibel.<\/p>","protected":false},"featured_media":4306,"template":"","meta":[],"product_brand":[],"product_cat":[208,246],"product_tag":[],"class_list":{"0":"post-4305","1":"product","2":"type-product","3":"status-publish","4":"has-post-thumbnail","6":"product_cat-aviation","7":"product_cat-headset-accessories","9":"first","10":"instock","11":"shipping-taxable","12":"purchasable","13":"product-type-simple"},"_links":{"self":[{"href":"https:\/\/raytalkcomms.com\/de\/wp-json\/wp\/v2\/product\/4305","targetHints":{"allow":["GET"]}}],"collection":[{"href":"https:\/\/raytalkcomms.com\/de\/wp-json\/wp\/v2\/product"}],"about":[{"href":"https:\/\/raytalkcomms.com\/de\/wp-json\/wp\/v2\/types\/product"}],"wp:featuredmedia":[{"embeddable":true,"href":"https:\/\/raytalkcomms.com\/de\/wp-json\/wp\/v2\/media\/4306"}],"wp:attachment":[{"href":"https:\/\/raytalkcomms.com\/de\/wp-json\/wp\/v2\/media?parent=4305"}],"wp:term":[{"taxonomy":"product_brand","embeddable":true,"href":"https:\/\/raytalkcomms.com\/de\/wp-json\/wp\/v2\/product_brand?post=4305"},{"taxonomy":"product_cat","embeddable":true,"href":"https:\/\/raytalkcomms.com\/de\/wp-json\/wp\/v2\/product_cat?post=4305"},{"taxonomy":"product_tag","embeddable":true,"href":"https:\/\/raytalkcomms.com\/de\/wp-json\/wp\/v2\/product_tag?post=4305"}],"curies":[{"name":"wp","href":"https:\/\/api.w.org\/{rel}","templated":true}]}}