{"id":4298,"date":"2025-11-06T07:01:56","date_gmt":"2025-11-06T07:01:56","guid":{"rendered":"https:\/\/raytalkcomms.com\/?post_type=product&#038;p=4298"},"modified":"2025-12-03T10:32:47","modified_gmt":"2025-12-03T10:32:47","slug":"asp-12-light-weight-pilot-bag","status":"publish","type":"product","link":"https:\/\/raytalkcomms.com\/de\/produkt\/asp-12-light-weight-pilot-bag\/","title":{"rendered":"ASP-12 Leichtgewichtige Pilotentasche"},"content":{"rendered":"<h3>Merkmale:<\/h3>\n<ul>\n<li>Gr\u00f6\u00dfe 220 \u00d7 190 \u00d7 65 mm f\u00fcr einfachen Transport und perfekten Schutz des Headsets<\/li>\n<li>Hergestellt aus leichterem und flexiblerem EVA-Material<\/li>\n<\/ul>","protected":false},"excerpt":{"rendered":"<p>Die ASP-12 Lightweight Pilot Bag besteht aus EVA-Material, wodurch sie leichter, weicher und besser gepolstert ist. Im Vergleich zur klassischen ASP-11 Aviation Headset Bag bietet sie eine strukturiertere Form und eine verbesserte Wasserbest\u00e4ndigkeit, sodass sie Wind und Regen w\u00e4hrend des Fluges standh\u00e4lt und gleichzeitig einen besseren Schutz f\u00fcr Ihr Aviation Headset bietet.<\/p>","protected":false},"featured_media":4299,"template":"","meta":[],"product_brand":[],"product_cat":[246,208],"product_tag":[],"class_list":{"0":"post-4298","1":"product","2":"type-product","3":"status-publish","4":"has-post-thumbnail","6":"product_cat-headset-accessories","7":"product_cat-aviation","9":"first","10":"instock","11":"shipping-taxable","12":"purchasable","13":"product-type-simple"},"_links":{"self":[{"href":"https:\/\/raytalkcomms.com\/de\/wp-json\/wp\/v2\/product\/4298","targetHints":{"allow":["GET"]}}],"collection":[{"href":"https:\/\/raytalkcomms.com\/de\/wp-json\/wp\/v2\/product"}],"about":[{"href":"https:\/\/raytalkcomms.com\/de\/wp-json\/wp\/v2\/types\/product"}],"wp:featuredmedia":[{"embeddable":true,"href":"https:\/\/raytalkcomms.com\/de\/wp-json\/wp\/v2\/media\/4299"}],"wp:attachment":[{"href":"https:\/\/raytalkcomms.com\/de\/wp-json\/wp\/v2\/media?parent=4298"}],"wp:term":[{"taxonomy":"product_brand","embeddable":true,"href":"https:\/\/raytalkcomms.com\/de\/wp-json\/wp\/v2\/product_brand?post=4298"},{"taxonomy":"product_cat","embeddable":true,"href":"https:\/\/raytalkcomms.com\/de\/wp-json\/wp\/v2\/product_cat?post=4298"},{"taxonomy":"product_tag","embeddable":true,"href":"https:\/\/raytalkcomms.com\/de\/wp-json\/wp\/v2\/product_tag?post=4298"}],"curies":[{"name":"wp","href":"https:\/\/api.w.org\/{rel}","templated":true}]}}