{"id":4297,"date":"2025-11-06T06:58:37","date_gmt":"2025-11-06T06:58:37","guid":{"rendered":"https:\/\/raytalkcomms.com\/?post_type=product&#038;p=4297"},"modified":"2025-12-03T10:21:04","modified_gmt":"2025-12-03T10:21:04","slug":"asp-11-aviation-headset-bag","status":"publish","type":"product","link":"https:\/\/raytalkcomms.com\/de\/produkt\/asp-11-aviation-headset-bag\/","title":{"rendered":"ASP-11 Aviation Headset-Tasche"},"content":{"rendered":"<h3>Merkmale:<\/h3>\n<ul>\n<li>Gr\u00f6\u00dfe 200 \u00d7 105 \u00d7 240 mm f\u00fcr einfachen Transport und perfekten Schutz des Headsets<\/li>\n<li>Hergestellt aus strapazierf\u00e4higem Oxford-Gewebe<\/li>\n<\/ul>","protected":false},"excerpt":{"rendered":"<p>Die ASP-11 Headset-Tasche ist das Standardmodell der RayTalk-Serie von Headset-Taschen f\u00fcr die Luftfahrt. Sie bringen einen neuen Stil in die Pilotenausr\u00fcstung. Es ist auch die klassischste und beliebteste Wahl unter Piloten und Luftfahrtorganisationen. Sie geh\u00f6ren zu den funktionellsten Headset-Taschen auf dem Markt. Mit ihrem sauberen, raffinierten und professionellen Look halten sie auch den h\u00e4rtesten Belastungen stand und sehen am Ende des Tages immer noch gut aus. Die ASP-11 Headset-Tasche ist ein Beweis f\u00fcr das Engagement von RayTalk bei der Herstellung einer hochwertigen Headset-Tasche f\u00fcr die Luftfahrt, die sowohl stilvoll als auch langlebig ist.<\/p>","protected":false},"featured_media":4292,"template":"","meta":[],"product_brand":[],"product_cat":[208,246],"product_tag":[],"class_list":{"0":"post-4297","1":"product","2":"type-product","3":"status-publish","4":"has-post-thumbnail","6":"product_cat-aviation","7":"product_cat-headset-accessories","9":"first","10":"instock","11":"shipping-taxable","12":"purchasable","13":"product-type-simple"},"_links":{"self":[{"href":"https:\/\/raytalkcomms.com\/de\/wp-json\/wp\/v2\/product\/4297","targetHints":{"allow":["GET"]}}],"collection":[{"href":"https:\/\/raytalkcomms.com\/de\/wp-json\/wp\/v2\/product"}],"about":[{"href":"https:\/\/raytalkcomms.com\/de\/wp-json\/wp\/v2\/types\/product"}],"wp:featuredmedia":[{"embeddable":true,"href":"https:\/\/raytalkcomms.com\/de\/wp-json\/wp\/v2\/media\/4292"}],"wp:attachment":[{"href":"https:\/\/raytalkcomms.com\/de\/wp-json\/wp\/v2\/media?parent=4297"}],"wp:term":[{"taxonomy":"product_brand","embeddable":true,"href":"https:\/\/raytalkcomms.com\/de\/wp-json\/wp\/v2\/product_brand?post=4297"},{"taxonomy":"product_cat","embeddable":true,"href":"https:\/\/raytalkcomms.com\/de\/wp-json\/wp\/v2\/product_cat?post=4297"},{"taxonomy":"product_tag","embeddable":true,"href":"https:\/\/raytalkcomms.com\/de\/wp-json\/wp\/v2\/product_tag?post=4297"}],"curies":[{"name":"wp","href":"https:\/\/api.w.org\/{rel}","templated":true}]}}