{"id":4289,"date":"2025-11-06T03:29:04","date_gmt":"2025-11-06T03:29:04","guid":{"rendered":"https:\/\/raytalkcomms.com\/?post_type=product&#038;p=4289"},"modified":"2025-12-03T07:16:31","modified_gmt":"2025-12-03T07:16:31","slug":"asp-02m-dynamic-microphone-for-metal-boom-flying-headset","status":"publish","type":"product","link":"https:\/\/raytalkcomms.com\/de\/produkt\/asp-02m-dynamic-microphone-for-metal-boom-flying-headset\/","title":{"rendered":"ASP-02M Dynamisches Mikrofon f\u00fcr fliegendes Headset mit Metallb\u00fcgel"},"content":{"rendered":"<h3>Merkmale:<\/h3>\n<ul>\n<li>Dynamisches Mikrofonelement mit Ger\u00e4uschunterdr\u00fcckung<\/li>\n<li>Liefert klaren und scharfen Ton<\/li>\n<li>Kompatibel mit den meisten Headsets f\u00fcr die allgemeine Luftfahrt und Hubschrauber<\/li>\n<\/ul>\n<h3>Vorteile:<\/h3>\n<p>Das dynamische Mikrofon ASP-02M besteht aus widerstandsf\u00e4higeren Materialien und ist dadurch widerstandsf\u00e4higer gegen Verschlei\u00df, Korrosion und Besch\u00e4digung. Die Ausstattung von Headsets f\u00fcr die Luftfahrt mit dem dynamischen Mikrofon ASP-02M verl\u00e4ngert deren Lebensdauer, reduziert die Gesamtkosten der Organisation und verbessert die Effizienz der Flugkommunikation.<\/p>","protected":false},"excerpt":{"rendered":"<p>ASP-02M Dynamisches Mikrofon f\u00fcr Metallb\u00fcgel-Flugheadsets. Kompatibel mit Crystal Mic, Bose und den meisten ANR-Headsets f\u00fcr die allgemeine Luftfahrt. Das dynamische Mikrofon ASP-02M ist leicht auszutauschen. Es kann mit wenigen Handgriffen an einem Metallarm installiert werden und verleiht Ihrem Flug-Headset ein neues Leben. Es liefert einen klareren Klang und eine verbesserte Kommunikationsleistung.<\/p>","protected":false},"featured_media":4290,"template":"","meta":[],"product_brand":[],"product_cat":[246,208],"product_tag":[],"class_list":{"0":"post-4289","1":"product","2":"type-product","3":"status-publish","4":"has-post-thumbnail","6":"product_cat-headset-accessories","7":"product_cat-aviation","9":"first","10":"instock","11":"shipping-taxable","12":"purchasable","13":"product-type-simple"},"_links":{"self":[{"href":"https:\/\/raytalkcomms.com\/de\/wp-json\/wp\/v2\/product\/4289","targetHints":{"allow":["GET"]}}],"collection":[{"href":"https:\/\/raytalkcomms.com\/de\/wp-json\/wp\/v2\/product"}],"about":[{"href":"https:\/\/raytalkcomms.com\/de\/wp-json\/wp\/v2\/types\/product"}],"wp:featuredmedia":[{"embeddable":true,"href":"https:\/\/raytalkcomms.com\/de\/wp-json\/wp\/v2\/media\/4290"}],"wp:attachment":[{"href":"https:\/\/raytalkcomms.com\/de\/wp-json\/wp\/v2\/media?parent=4289"}],"wp:term":[{"taxonomy":"product_brand","embeddable":true,"href":"https:\/\/raytalkcomms.com\/de\/wp-json\/wp\/v2\/product_brand?post=4289"},{"taxonomy":"product_cat","embeddable":true,"href":"https:\/\/raytalkcomms.com\/de\/wp-json\/wp\/v2\/product_cat?post=4289"},{"taxonomy":"product_tag","embeddable":true,"href":"https:\/\/raytalkcomms.com\/de\/wp-json\/wp\/v2\/product_tag?post=4289"}],"curies":[{"name":"wp","href":"https:\/\/api.w.org\/{rel}","templated":true}]}}