{"id":4286,"date":"2025-11-06T03:13:44","date_gmt":"2025-11-06T03:13:44","guid":{"rendered":"https:\/\/raytalkcomms.com\/?post_type=product&#038;p=4286"},"modified":"2025-12-03T07:15:26","modified_gmt":"2025-12-03T07:15:26","slug":"asp-02-replaceable-dynamic-microphone-for-flexible-boom-flying-headset","status":"publish","type":"product","link":"https:\/\/raytalkcomms.com\/de\/produkt\/asp-02-replaceable-dynamic-microphone-for-flexible-boom-flying-headset\/","title":{"rendered":"ASP-02 Auswechselbares dynamisches Mikrofon f\u00fcr fliegendes Headset mit flexiblem Ausleger"},"content":{"rendered":"<h3>Merkmale:<\/h3>\n<ul>\n<li>Dynamisches Mikrofonelement mit Ger\u00e4uschunterdr\u00fcckung<\/li>\n<li>Liefert klaren und scharfen Ton<\/li>\n<li>Kompatibel mit den meisten Headsets f\u00fcr die allgemeine Luftfahrt und Hubschrauber<\/li>\n<\/ul>\n<h3>Vorteile:<\/h3>\n<p>Headsets f\u00fcr die Luftfahrt sind oft mit einem flexiblen Ausleger ausgestattet, der ein leistungsf\u00e4higeres Mikrofonelement erfordert. Wir bieten nicht nur Elektretmikrofone f\u00fcr Pilotenheadsets, sondern auch dynamische Mikrofone. F\u00fcr Flugvereine und Fluggesellschaften bieten wir eine breitere Palette von Optionen, um den Beschaffungsbedarf zu decken - mit erschwinglicheren Preisen und \u00fcberlegener Qualit\u00e4t.<\/p>\n<div id=\"gtx-trans\" style=\"position: absolute; left: -72px; top: 138.713px;\">\n<div class=\"gtx-trans-icon\"><\/div>\n<\/div>","protected":false},"excerpt":{"rendered":"<p>ASP-02 Auswechselbares dynamisches Mikrofon f\u00fcr fliegendes Headset mit flexiblem Ausleger. Kompatibel mit Crystal Mic, David Clark und den meisten ANR-Headsets. Dies ist ein verst\u00e4rktes dynamisches Mikrofon mit Rauschunterdr\u00fcckung, das bei Luftfahrtenthusiasten und Piloten sehr beliebt ist. Dieses dynamische Mikrofon ist unter anderem auch mit dem ANR-Fliegerheadset PH-100 ANR, dem PH-100H Helicopter Headset und dem PH-400 Bluetooth Headset von RayTalk kompatibel.<\/p>","protected":false},"featured_media":4287,"template":"","meta":[],"product_brand":[],"product_cat":[208,246],"product_tag":[],"class_list":{"0":"post-4286","1":"product","2":"type-product","3":"status-publish","4":"has-post-thumbnail","6":"product_cat-aviation","7":"product_cat-headset-accessories","9":"first","10":"instock","11":"shipping-taxable","12":"purchasable","13":"product-type-simple"},"_links":{"self":[{"href":"https:\/\/raytalkcomms.com\/de\/wp-json\/wp\/v2\/product\/4286","targetHints":{"allow":["GET"]}}],"collection":[{"href":"https:\/\/raytalkcomms.com\/de\/wp-json\/wp\/v2\/product"}],"about":[{"href":"https:\/\/raytalkcomms.com\/de\/wp-json\/wp\/v2\/types\/product"}],"wp:featuredmedia":[{"embeddable":true,"href":"https:\/\/raytalkcomms.com\/de\/wp-json\/wp\/v2\/media\/4287"}],"wp:attachment":[{"href":"https:\/\/raytalkcomms.com\/de\/wp-json\/wp\/v2\/media?parent=4286"}],"wp:term":[{"taxonomy":"product_brand","embeddable":true,"href":"https:\/\/raytalkcomms.com\/de\/wp-json\/wp\/v2\/product_brand?post=4286"},{"taxonomy":"product_cat","embeddable":true,"href":"https:\/\/raytalkcomms.com\/de\/wp-json\/wp\/v2\/product_cat?post=4286"},{"taxonomy":"product_tag","embeddable":true,"href":"https:\/\/raytalkcomms.com\/de\/wp-json\/wp\/v2\/product_tag?post=4286"}],"curies":[{"name":"wp","href":"https:\/\/api.w.org\/{rel}","templated":true}]}}