{"id":4278,"date":"2025-11-05T12:27:39","date_gmt":"2025-11-05T12:27:39","guid":{"rendered":"https:\/\/raytalkcomms.com\/?post_type=product&#038;p=4278"},"modified":"2025-11-24T09:59:23","modified_gmt":"2025-11-24T09:59:23","slug":"ph-hm400q-intercom-helmets-headsets-for-skydive","status":"publish","type":"product","link":"https:\/\/raytalkcomms.com\/de\/produkt\/ph-hm400q-intercom-helmets-headsets-for-skydive\/","title":{"rendered":"PH-HM400Q Intercom Helme Headsets f\u00fcr Fallschirmspr\u00fcnge"},"content":{"rendered":"<h3>Merkmale:<\/h3>\n<ul>\n<li>Integriertes Helmvisier: Das durchsichtige Visier sch\u00fctzt vor Sonnenlicht, Wind und Schmutz und gew\u00e4hrleistet sicheres und komfortables Fliegen.<\/li>\n<li>Integriertes Aviation-Headset: Hochwertige Ohrmuscheln mit Mikrofon f\u00fcr klare Kommunikation w\u00e4hrend des Fluges.<\/li>\n<li>Doppelstecker-Anschluss: Standard-GA-Doppelstecker f\u00fcr zuverl\u00e4ssige Kompatibilit\u00e4t mit Intercom-Systemen in der Luftfahrt.<\/li>\n<li>Ganzt\u00e4giger Komfort: Leichter Aufbau mit gepolsterter Innenseite f\u00fcr langes Tragen ohne Erm\u00fcdung.<\/li>\n<li>Erh\u00f6hte Sicherheit: Bietet sowohl Kopfschutz als auch L\u00e4rmreduzierung und sorgt so f\u00fcr Sicherheit in anspruchsvollen Umgebungen.<\/li>\n<\/ul>\n<h3>Vorteile:<\/h3>\n<p>Der motorisierte Gleitschirmhelm PH-HM400Q bietet sowohl Schutz als auch klare Kommunikation. Das vollfl\u00e4chige Visier und die Kohlefaserschale sch\u00fctzen Kopf und Gesicht - ideal f\u00fcr Piloten-Teams mit hohen Anforderungen. Das seitlich befestigte, mit einem Schlitz versehene Headset bleibt auch bei schnellen Man\u00f6vern sicher. Die effektive PNR-Funktion d\u00e4mpft Wind und Motorenger\u00e4usche und sorgt so f\u00fcr ein ruhigeres Cockpit f\u00fcr Flugvereine und -enthusiasten, w\u00e4hrend das gepolsterte Innenfutter lange Fl\u00fcge unterst\u00fctzt und die Verst\u00e4ndlichkeit von Gespr\u00e4chen gew\u00e4hrleistet.<\/p>","protected":false},"excerpt":{"rendered":"<p>Das PH-HM400Q Carbon-Fiber In-Helmet Intercom (PNR) ist Teil der RayTalk Intercom Helmets Headsets, die f\u00fcr Fallschirmsprungschulen, Drop Zones, Motorschirm- und Gleitschirmteams entwickelt wurden, die Schutz und klare Kommunikation in einem Ger\u00e4t ben\u00f6tigen. Die ultraleichte Kohlefaserschale mit Vollvisier reduziert Erm\u00fcdungserscheinungen, w\u00e4hrend die Helmlautsprecher mit passiver Ger\u00e4uschunterdr\u00fcckung daf\u00fcr sorgen, dass Funk- und Trainergespr\u00e4che auch bei starkem Wind verst\u00e4ndlich sind. Ein flexibles Mikrofon mit Ger\u00e4uschunterdr\u00fcckung, eine gepolsterte Auskleidung und ein Headset mit Steckplatz sorgen f\u00fcr sicheren Halt beim Man\u00f6vrieren. Das robuste 5-polige XLR-Kabel sorgt f\u00fcr eine zuverl\u00e4ssige, professionelle Konnektivit\u00e4t.<\/p>","protected":false},"featured_media":4275,"template":"","meta":[],"product_brand":[],"product_cat":[208,243],"product_tag":[],"class_list":{"0":"post-4278","1":"product","2":"type-product","3":"status-publish","4":"has-post-thumbnail","6":"product_cat-aviation","7":"product_cat-helmet-headsets","9":"first","10":"instock","11":"shipping-taxable","12":"purchasable","13":"product-type-simple"},"_links":{"self":[{"href":"https:\/\/raytalkcomms.com\/de\/wp-json\/wp\/v2\/product\/4278","targetHints":{"allow":["GET"]}}],"collection":[{"href":"https:\/\/raytalkcomms.com\/de\/wp-json\/wp\/v2\/product"}],"about":[{"href":"https:\/\/raytalkcomms.com\/de\/wp-json\/wp\/v2\/types\/product"}],"wp:featuredmedia":[{"embeddable":true,"href":"https:\/\/raytalkcomms.com\/de\/wp-json\/wp\/v2\/media\/4275"}],"wp:attachment":[{"href":"https:\/\/raytalkcomms.com\/de\/wp-json\/wp\/v2\/media?parent=4278"}],"wp:term":[{"taxonomy":"product_brand","embeddable":true,"href":"https:\/\/raytalkcomms.com\/de\/wp-json\/wp\/v2\/product_brand?post=4278"},{"taxonomy":"product_cat","embeddable":true,"href":"https:\/\/raytalkcomms.com\/de\/wp-json\/wp\/v2\/product_cat?post=4278"},{"taxonomy":"product_tag","embeddable":true,"href":"https:\/\/raytalkcomms.com\/de\/wp-json\/wp\/v2\/product_tag?post=4278"}],"curies":[{"name":"wp","href":"https:\/\/api.w.org\/{rel}","templated":true}]}}