{"id":4253,"date":"2025-11-05T11:31:23","date_gmt":"2025-11-05T11:31:23","guid":{"rendered":"https:\/\/raytalkcomms.com\/?post_type=product&#038;p=4253"},"modified":"2026-03-13T09:50:01","modified_gmt":"2026-03-13T09:50:01","slug":"ph-500-in-ear-light-weight-flight-headset","status":"publish","type":"product","link":"https:\/\/raytalkcomms.com\/de\/produkt\/ph-500-in-ear-light-weight-flight-headset\/","title":{"rendered":"PH-500 In Ear Light Weight Flight Headset"},"content":{"rendered":"<h3>Merkmale:<\/h3>\n<ul>\n<li>In-Ohr-Typ<\/li>\n<li>Hinter dem Kopf verstellbares Band aus rostfreiem Stahl<\/li>\n<li>Ohrst\u00f6psel aus Silikon oder hygienischem Schaumstoff<\/li>\n<li>Superleichtes Design<\/li>\n<li>GA-Stecker<\/li>\n<li>Passive Ger\u00e4uschunterdr\u00fcckung<\/li>\n<li>Elektretmikrofon mit Rauschunterdr\u00fcckung<\/li>\n<li>Lautst\u00e4rkeregler<\/li>\n<\/ul>\n<h3>Vorteile:<\/h3>\n<p>Das In-Ear-Flug-Headset PH-500 ist ein hochleistungsf\u00e4higes, ultraleichtes Headset f\u00fcr die Luftfahrt. Durch die Verwendung der neuesten Miniatur-Audiowandlertechnologie und eines hochempfindlichen, ger\u00e4uschunterdr\u00fcckenden Elektretmikrofons sorgt das ultraleichte Design f\u00fcr ein angenehmeres Flugerlebnis und beugt Erm\u00fcdung vor.<\/p>\n<div id=\"gtx-trans\" style=\"position: absolute; left: -85px; top: 258.712px;\">\n<div class=\"gtx-trans-icon\"><\/div>\n<\/div>","protected":false},"excerpt":{"rendered":"<p>Das leichte In-Ear-Flug-Headset PH-500 wurde f\u00fcr Flugschulen, Charterunternehmen und Wartungsmannschaften entwickelt, die eine klare Kommunikation ohne gro\u00dfen Platzbedarf ben\u00f6tigen. Balanced-Armature-Lautsprecher und ein ger\u00e4uschunterdr\u00fcckendes Elektret-Mikrofon sorgen f\u00fcr klare ATC- und Intercom-Audiosignale, w\u00e4hrend Silikon- oder hygienische Schaumstoffaufs\u00e4tze f\u00fcr eine sichere Abdichtung und passive Ger\u00e4uschunterdr\u00fcckung sorgen. Das hinter dem Kopf verstellbare Edelstahlband passt sich einer Vielzahl von Benutzern an. Ein kompaktes Steuermodul bietet eine taktile Lautst\u00e4rkeregelung, Mono-\/Stereo-Umschaltung, einen einstellbaren Mikrofonwiderstand und eine 3,5-mm-Aux-Buchse.<\/p>","protected":false},"featured_media":4254,"template":"","meta":[],"product_brand":[],"product_cat":[208,314,319],"product_tag":[],"class_list":{"0":"post-4253","1":"product","2":"type-product","3":"status-publish","4":"has-post-thumbnail","6":"product_cat-aviation","7":"product_cat-fixed-wing","8":"product_cat-passive-noise-reduction-fixed-wing","10":"first","11":"instock","12":"shipping-taxable","13":"purchasable","14":"product-type-simple"},"_links":{"self":[{"href":"https:\/\/raytalkcomms.com\/de\/wp-json\/wp\/v2\/product\/4253","targetHints":{"allow":["GET"]}}],"collection":[{"href":"https:\/\/raytalkcomms.com\/de\/wp-json\/wp\/v2\/product"}],"about":[{"href":"https:\/\/raytalkcomms.com\/de\/wp-json\/wp\/v2\/types\/product"}],"wp:featuredmedia":[{"embeddable":true,"href":"https:\/\/raytalkcomms.com\/de\/wp-json\/wp\/v2\/media\/4254"}],"wp:attachment":[{"href":"https:\/\/raytalkcomms.com\/de\/wp-json\/wp\/v2\/media?parent=4253"}],"wp:term":[{"taxonomy":"product_brand","embeddable":true,"href":"https:\/\/raytalkcomms.com\/de\/wp-json\/wp\/v2\/product_brand?post=4253"},{"taxonomy":"product_cat","embeddable":true,"href":"https:\/\/raytalkcomms.com\/de\/wp-json\/wp\/v2\/product_cat?post=4253"},{"taxonomy":"product_tag","embeddable":true,"href":"https:\/\/raytalkcomms.com\/de\/wp-json\/wp\/v2\/product_tag?post=4253"}],"curies":[{"name":"wp","href":"https:\/\/api.w.org\/{rel}","templated":true}]}}