{"id":4252,"date":"2025-11-05T10:51:22","date_gmt":"2025-11-05T10:51:22","guid":{"rendered":"https:\/\/raytalkcomms.com\/?post_type=product&#038;p=4252"},"modified":"2026-03-13T09:54:36","modified_gmt":"2026-03-13T09:54:36","slug":"ph-400ah-military-pilot-headset-with-noise-cancelling-mic","status":"publish","type":"product","link":"https:\/\/raytalkcomms.com\/de\/produkt\/ph-400ah-military-pilot-headset-with-noise-cancelling-mic\/","title":{"rendered":"PH-400AH Milit\u00e4risches Piloten-Headset mit ger\u00e4uschunterdr\u00fcckendem Mikrofon"},"content":{"rendered":"<h3>Merkmale:<\/h3>\n<ul>\n<li>Kohlefaser, ultraleicht, wiegt nur 9 Unzen (255 Gramm).<\/li>\n<li>U174\/U-Stecker f\u00fcr einen Hubschrauber.<\/li>\n<li>Passive Ger\u00e4uschunterdr\u00fcckung (NRR): 23 dB.<\/li>\n<li>Komfortabel mit Ohrpolstern aus Kunstleder.<\/li>\n<li>Elektretmikrofon mit Ger\u00e4uschunterdr\u00fcckung als Standard, dynamisches Mikrofon als Option.<\/li>\n<li>Flacher Drehknopf f\u00fcr die Lautst\u00e4rke.<\/li>\n<\/ul>\n<h3>Vorteile:<\/h3>\n<p>F\u00fcr Hubschrauberreiseunternehmen, Luftrettungseinheiten, Feuerwehren und SAR-Teams bietet das PH-400AH einsatzbereite Kommunikation: Dank der Clear-Hear-Lautsprecher und der passiven Ger\u00e4uschunterdr\u00fcckung von 23 dB k\u00f6nnen ATC und Intercom die Rotorger\u00e4usche unterdr\u00fccken. Ultraleichte Kohlefaserschalen, weiche Kunstlederpolster und ein vollflexibles Mikrofon mit Rauschunterdr\u00fcckung verringern Erm\u00fcdung und H\u00f6rfehler. Ein U174\/U-Stecker, ein robustes Spulenkabel und ein flacher Lautst\u00e4rkeregler sorgen f\u00fcr Langlebigkeit und Kompatibilit\u00e4t mit der Flotte.<\/p>","protected":false},"excerpt":{"rendered":"<p>The PH-400AH military pilot headset is a headset with crystal-clear audio communication. For pilots, enjoy all-day comfort and clear audio performance. With a Full flexible boom, noise-canceling microphone, and wind-blocking foam mic muff. Clear Hear performance speakers and a 23dB NRR noise reduction rating, Air Traffic Control will come through loud and clear.<br \/>\nWith a military-grade U174 plug, tough, durable coil cord, and ultra-lightweight Carbon fiber ear shells, the PH-400AH military pilot headset is the perfect choice for all of your flying adventures.<\/p>","protected":false},"featured_media":4250,"template":"","meta":[],"product_brand":[],"product_cat":[208,315,245],"product_tag":[],"class_list":{"0":"post-4252","1":"product","2":"type-product","3":"status-publish","4":"has-post-thumbnail","6":"product_cat-aviation","7":"product_cat-helicopter","8":"product_cat-passive-noise-reduction","10":"first","11":"instock","12":"shipping-taxable","13":"purchasable","14":"product-type-simple"},"_links":{"self":[{"href":"https:\/\/raytalkcomms.com\/de\/wp-json\/wp\/v2\/product\/4252","targetHints":{"allow":["GET"]}}],"collection":[{"href":"https:\/\/raytalkcomms.com\/de\/wp-json\/wp\/v2\/product"}],"about":[{"href":"https:\/\/raytalkcomms.com\/de\/wp-json\/wp\/v2\/types\/product"}],"wp:featuredmedia":[{"embeddable":true,"href":"https:\/\/raytalkcomms.com\/de\/wp-json\/wp\/v2\/media\/4250"}],"wp:attachment":[{"href":"https:\/\/raytalkcomms.com\/de\/wp-json\/wp\/v2\/media?parent=4252"}],"wp:term":[{"taxonomy":"product_brand","embeddable":true,"href":"https:\/\/raytalkcomms.com\/de\/wp-json\/wp\/v2\/product_brand?post=4252"},{"taxonomy":"product_cat","embeddable":true,"href":"https:\/\/raytalkcomms.com\/de\/wp-json\/wp\/v2\/product_cat?post=4252"},{"taxonomy":"product_tag","embeddable":true,"href":"https:\/\/raytalkcomms.com\/de\/wp-json\/wp\/v2\/product_tag?post=4252"}],"curies":[{"name":"wp","href":"https:\/\/api.w.org\/{rel}","templated":true}]}}