{"id":4251,"date":"2025-11-05T10:47:20","date_gmt":"2025-11-05T10:47:20","guid":{"rendered":"https:\/\/raytalkcomms.com\/?post_type=product&#038;p=4251"},"modified":"2026-03-13T09:31:10","modified_gmt":"2026-03-13T09:31:10","slug":"ph-400a-carbon-fiber-lightweight-aviation-headset-for-airline-pilots","status":"publish","type":"product","link":"https:\/\/raytalkcomms.com\/de\/produkt\/ph-400a-carbon-fiber-lightweight-aviation-headset-for-airline-pilots\/","title":{"rendered":"PH-400A Carbon Fiber Lightweight Aviation Headset f\u00fcr Airline-Piloten"},"content":{"rendered":"<h3>Merkmale:<\/h3>\n<ul>\n<li>Ultraleicht, wiegt nur 9 Unzen (255 Gramm).<\/li>\n<li>Doppelstecker f\u00fcr GA.<\/li>\n<li>Ohrenkissen aus Kunstleder.<\/li>\n<li>Passive Ger\u00e4uschunterdr\u00fcckung (NRR): 23 dB.<\/li>\n<li>Elektretmikrofon mit Rauschunterdr\u00fcckung, ein dynamisches Mikrofon ist optional erh\u00e4ltlich.<\/li>\n<li>Flacher Lautst\u00e4rkeregler.<\/li>\n<li>Ohrh\u00f6rer-Stecker: PJ-055(.25\u2033F6.3 Stecker).<\/li>\n<li>Mikrofonstecker: PJ-068(.206\u2033F5.2-Stecker).<\/li>\n<li>Gerades Kabel vom Headset zum geformten Stecker, 150CM.<\/li>\n<li>Standardm\u00e4\u00dfig mit S\/M-Schalter, mit zwei Lautst\u00e4rkereglern am Steuermodul.<\/li>\n<\/ul>\n<h3>Vorteile:<\/h3>\n<p>Das ger\u00e4uschunterdr\u00fcckende Elektret-Mikrofonelement nimmt die Stimme des Piloten schnell auf und \u00fcbertr\u00e4gt sie direkt und pr\u00e4zise an den Kontrollturm am Boden, um eine reibungslose Kommunikation zwischen Luft und Boden zu gew\u00e4hrleisten. F\u00fcr Flugkapit\u00e4ne der allgemeinen Luftfahrt kann der Mikrofonarm um 270 Grad gedreht und sowohl vertikal als auch horizontal eingestellt werden, um eine optimale Mikrofonpositionierung und eine klare \u00dcbertragung w\u00e4hrend des gesamten Fluges zu gew\u00e4hrleisten. Es ist das leichteste und erschwinglichste Kohlefaser-Airline-Headset f\u00fcr Flugdemonstrationsteams, Pilotentrainingszentren und Charterflugunternehmen.<\/p>\n<div id=\"gtx-trans\" style=\"position: absolute; left: -62px; top: 1.2px;\">\n<div class=\"gtx-trans-icon\"><\/div>\n<\/div>","protected":false},"excerpt":{"rendered":"<p>PH-400A premium lightweight aviation headset made of carbon fiber. PH-400A lightweight aviation headset is unlike any other headset you have ever worn. Hold it for just a second to realize what thousands of pilots have realized &#8211; &#8220;wow, this is very light.&#8221; At only 9oz!<br \/>\nEar Shell 100% premium carbon fiber design offers not only PNR 23dB noise reduction, but also weighs nearly half of a typical aviation headset. You will truly appreciate the low-key, low-weight design of the PH-400A carbon fiber lightweight aviation headset.<\/p>","protected":false},"featured_media":4249,"template":"","meta":[],"product_brand":[],"product_cat":[208,314,319],"product_tag":[],"class_list":{"0":"post-4251","1":"product","2":"type-product","3":"status-publish","4":"has-post-thumbnail","6":"product_cat-aviation","7":"product_cat-fixed-wing","8":"product_cat-passive-noise-reduction-fixed-wing","10":"first","11":"instock","12":"shipping-taxable","13":"purchasable","14":"product-type-simple"},"_links":{"self":[{"href":"https:\/\/raytalkcomms.com\/de\/wp-json\/wp\/v2\/product\/4251","targetHints":{"allow":["GET"]}}],"collection":[{"href":"https:\/\/raytalkcomms.com\/de\/wp-json\/wp\/v2\/product"}],"about":[{"href":"https:\/\/raytalkcomms.com\/de\/wp-json\/wp\/v2\/types\/product"}],"wp:featuredmedia":[{"embeddable":true,"href":"https:\/\/raytalkcomms.com\/de\/wp-json\/wp\/v2\/media\/4249"}],"wp:attachment":[{"href":"https:\/\/raytalkcomms.com\/de\/wp-json\/wp\/v2\/media?parent=4251"}],"wp:term":[{"taxonomy":"product_brand","embeddable":true,"href":"https:\/\/raytalkcomms.com\/de\/wp-json\/wp\/v2\/product_brand?post=4251"},{"taxonomy":"product_cat","embeddable":true,"href":"https:\/\/raytalkcomms.com\/de\/wp-json\/wp\/v2\/product_cat?post=4251"},{"taxonomy":"product_tag","embeddable":true,"href":"https:\/\/raytalkcomms.com\/de\/wp-json\/wp\/v2\/product_tag?post=4251"}],"curies":[{"name":"wp","href":"https:\/\/api.w.org\/{rel}","templated":true}]}}