{"id":4243,"date":"2025-11-05T09:11:01","date_gmt":"2025-11-05T09:11:01","guid":{"rendered":"https:\/\/raytalkcomms.com\/?post_type=product&#038;p=4243"},"modified":"2026-03-13T09:08:04","modified_gmt":"2026-03-13T09:08:04","slug":"ph-100ah-pnr-helicopter-headset-with-microphone","status":"publish","type":"product","link":"https:\/\/raytalkcomms.com\/de\/produkt\/ph-100ah-pnr-helicopter-headset-with-microphone\/","title":{"rendered":"PH-100AH PNR-Helikopter-Headset mit Mikrofon"},"content":{"rendered":"<h3>Merkmale:<\/h3>\n<ul>\n<li>U174\/U Stecker f\u00fcr Hubschrauber.<\/li>\n<li>PNR Passives Headset mit Ger\u00e4uschunterdr\u00fcckung und Elektretmikrofon.<\/li>\n<li>Passive Ger\u00e4uschunterdr\u00fcckung (NRR): 23 dB.<\/li>\n<li>Komfortable Ohrpolster, halb Gel, halb Schaumstoff.<\/li>\n<li>Starker, flexibler Ausleger f\u00fcr perfekte Mikrofonplatzierung.<\/li>\n<li>Flacher Lautst\u00e4rkeregler .<\/li>\n<li>Spiralkabel vom Headset zum vergossenen Stecker, 70CM.<\/li>\n<\/ul>\n<h3>Optionale Anpassungen:<\/h3>\n<ul>\n<li>Passen Sie Ihr Headset mit dem B\u00fcgelarm Ihrer Wahl an (flexibler B\u00fcgel und ein verstellbarer Metallb\u00fcgelarm)<\/li>\n<li>Erh\u00e4ltlich in Schwarz, Blau, Gelb, Gr\u00fcn, Grau, Rosa, Rot und Orange<\/li>\n<\/ul>\n<h3>Vorteile:<\/h3>\n<p>Helicopter cockpits with large glass panels let in intense sunlight, often causing glare and heat that distract pilots during flight. The PH-100AH\u2019s low-profile design reduces reflection and visual interference, while its convenient volume knob allows quick sound adjustment for clear communication. The durable coiled cord stretches and retracts easily, preventing tangles and ensuring flexible movement in tight cockpit spaces. Fly Smarter with the PH-100AH helicopter headset.<\/p>","protected":false},"excerpt":{"rendered":"<p>Das PNR-Hubschrauber-Headset PH-100AH ist ein beliebtes, preisg\u00fcnstiges Kommunikationszubeh\u00f6r, das f\u00fcr Hubschraubersysteme entwickelt wurde und durch seine robuste passive Ger\u00e4uschunterdr\u00fcckung f\u00fcr eine klare Audioqualit\u00e4t und zuverl\u00e4ssige Koordination der Besatzung sorgt. Mit einem NRR-Wert von 23 dB werden Rotor- und Cockpitger\u00e4usche unterdr\u00fcckt, so dass Funkger\u00e4te sauberer klingen und Anweisungen leichter zu verstehen sind. Das weiche Schaumstoff-Kopfpolster und das hinterschnittene Design in Kombination mit Ohrdichtungen aus halbem Schaumstoff und halbem Gel sorgen f\u00fcr Komfort bei langen Eins\u00e4tzen.<\/p>\n<p>The flexible microphone boom lets pilots place the electret mic precisely for consistent speech pickup, and the mic assembly is engineered to stringent pull-and-flex standards for durability in demanding ops. A single U-174\/U plug streamlines fleet integration and keeps setup fast.<\/p>\n<p>For flight departments who need dependable voice quality, comfort, and straightforward compatibility at an attractive price point, the PH-100AH PNR helicopter headset is ready for daily duty.<\/p>","protected":false},"featured_media":4240,"template":"","meta":[],"product_brand":[],"product_cat":[208,315,245],"product_tag":[],"class_list":{"0":"post-4243","1":"product","2":"type-product","3":"status-publish","4":"has-post-thumbnail","6":"product_cat-aviation","7":"product_cat-helicopter","8":"product_cat-passive-noise-reduction","10":"first","11":"instock","12":"shipping-taxable","13":"purchasable","14":"product-type-simple"},"_links":{"self":[{"href":"https:\/\/raytalkcomms.com\/de\/wp-json\/wp\/v2\/product\/4243","targetHints":{"allow":["GET"]}}],"collection":[{"href":"https:\/\/raytalkcomms.com\/de\/wp-json\/wp\/v2\/product"}],"about":[{"href":"https:\/\/raytalkcomms.com\/de\/wp-json\/wp\/v2\/types\/product"}],"wp:featuredmedia":[{"embeddable":true,"href":"https:\/\/raytalkcomms.com\/de\/wp-json\/wp\/v2\/media\/4240"}],"wp:attachment":[{"href":"https:\/\/raytalkcomms.com\/de\/wp-json\/wp\/v2\/media?parent=4243"}],"wp:term":[{"taxonomy":"product_brand","embeddable":true,"href":"https:\/\/raytalkcomms.com\/de\/wp-json\/wp\/v2\/product_brand?post=4243"},{"taxonomy":"product_cat","embeddable":true,"href":"https:\/\/raytalkcomms.com\/de\/wp-json\/wp\/v2\/product_cat?post=4243"},{"taxonomy":"product_tag","embeddable":true,"href":"https:\/\/raytalkcomms.com\/de\/wp-json\/wp\/v2\/product_tag?post=4243"}],"curies":[{"name":"wp","href":"https:\/\/api.w.org\/{rel}","templated":true}]}}