{"id":4237,"date":"2025-11-05T07:48:55","date_gmt":"2025-11-05T07:48:55","guid":{"rendered":"https:\/\/raytalkcomms.com\/?post_type=product&#038;p=4237"},"modified":"2026-03-13T09:46:05","modified_gmt":"2026-03-13T09:46:05","slug":"ph-400ah-bluetooth-headset-for-pilots","status":"publish","type":"product","link":"https:\/\/raytalkcomms.com\/de\/produkt\/ph-400ah-bluetooth-headset-for-pilots\/","title":{"rendered":"PH-400AH Bluetooth-Helikopter-Headset f\u00fcr Piloten"},"content":{"rendered":"<h3>Merkmale:<\/h3>\n<ul>\n<li>U174\/U-Stecker f\u00fcr einen Hubschrauber.<\/li>\n<li>Aktive Ger\u00e4uschunterdr\u00fcckung (NRR): 29 dB.<\/li>\n<li>Passive Ger\u00e4uschunterdr\u00fcckung (NRR): 23 dB.<\/li>\n<li>Ultraleichtgewicht aus Kohlefaser mit Bluetooth-Funktion f\u00fcr Musik und Telefongespr\u00e4che.<\/li>\n<li>Zus\u00e4tzlicher 3,5-mm-Audioeingang. (Kabel enthalten)<\/li>\n<li>3-Wege-Audiopriorit\u00e4tsschalter: A)Interkom-Priorit\u00e4t, B)Alle Audioquellen, C)Nur Interkom.<\/li>\n<li>3-farbige Power\/Batteriestatus-LED.<\/li>\n<li>4-Funktions-Bluetooth-Status-LED.<\/li>\n<li>Ben\u00f6tigt 2 AA-Alkalibatterien (Batterien nicht enthalten).<\/li>\n<li>Hochwertige Lautsprecher und ein Mikrofon f\u00fcr kristallklaren Klang.<\/li>\n<\/ul>\n<h3>Vorteile:<\/h3>\n<p>Das Bluetooth-Headset PH-400AH mit aktiver Ger\u00e4uschunterdr\u00fcckung f\u00fcr Flugorganisationen und Luftfahrtteams, die Hubschraubersysteme betreiben, deckt alle wesentlichen Anforderungen an ein Hubschrauber-Headset ab. Mit besserem Klang, h\u00f6herem Komfort und einer leichteren Bauweise ist es das ideale Headset f\u00fcr Piloten. Mit Bluetooth f\u00fcr Anrufe und Musik k\u00f6nnen Piloten w\u00e4hrend des Fluges Audio verwalten und sich auf die Mission konzentrieren, ohne den Arbeitsablauf zu unterbrechen.<\/p>","protected":false},"excerpt":{"rendered":"<p>PH-400AHC- BT Bluetooth-Headset f\u00fcr Piloten, eine un\u00fcbertroffene Kombination aus aktiver Ger\u00e4uschunterdr\u00fcckung, Komfort und klarer Kommunikation, damit Sie sich auf das Wesentliche konzentrieren k\u00f6nnen - das Fliegen.<br \/>\nMit einer Ohrmuschel aus Kohlefaser und einem Gewicht von nur 260 g ist es eines der leichtesten und komfortabelsten Headsets f\u00fcr die Luftfahrt, die Sie finden k\u00f6nnen.<br \/>\nHochwertige Ohr- und Kopfpolster, superweich, bequemer Sitz. Das Ohrpolster schirmt nicht nur den L\u00e4rm ab, sondern sch\u00fctzt auch den Kopf vor Quetschungen. Der Kopfb\u00fcgel des Headsets kann frei eingestellt werden, ist f\u00fcr jede Kopfgr\u00f6\u00dfe geeignet und bietet Ihnen ganzt\u00e4gigen Komfort. Es ist au\u00dferdem mit einem U174\/U-Stecker ausgestattet und eignet sich daher besonders f\u00fcr Hubschrauberkommunikationssysteme.<\/p>","protected":false},"featured_media":4236,"template":"","meta":[],"product_brand":[],"product_cat":[208,315,321],"product_tag":[],"class_list":{"0":"post-4237","1":"product","2":"type-product","3":"status-publish","4":"has-post-thumbnail","6":"product_cat-aviation","7":"product_cat-helicopter","8":"product_cat-bluetooth-helicopter","10":"first","11":"instock","12":"shipping-taxable","13":"purchasable","14":"product-type-simple"},"_links":{"self":[{"href":"https:\/\/raytalkcomms.com\/de\/wp-json\/wp\/v2\/product\/4237","targetHints":{"allow":["GET"]}}],"collection":[{"href":"https:\/\/raytalkcomms.com\/de\/wp-json\/wp\/v2\/product"}],"about":[{"href":"https:\/\/raytalkcomms.com\/de\/wp-json\/wp\/v2\/types\/product"}],"wp:featuredmedia":[{"embeddable":true,"href":"https:\/\/raytalkcomms.com\/de\/wp-json\/wp\/v2\/media\/4236"}],"wp:attachment":[{"href":"https:\/\/raytalkcomms.com\/de\/wp-json\/wp\/v2\/media?parent=4237"}],"wp:term":[{"taxonomy":"product_brand","embeddable":true,"href":"https:\/\/raytalkcomms.com\/de\/wp-json\/wp\/v2\/product_brand?post=4237"},{"taxonomy":"product_cat","embeddable":true,"href":"https:\/\/raytalkcomms.com\/de\/wp-json\/wp\/v2\/product_cat?post=4237"},{"taxonomy":"product_tag","embeddable":true,"href":"https:\/\/raytalkcomms.com\/de\/wp-json\/wp\/v2\/product_tag?post=4237"}],"curies":[{"name":"wp","href":"https:\/\/api.w.org\/{rel}","templated":true}]}}