{"id":4232,"date":"2025-11-05T07:38:24","date_gmt":"2025-11-05T07:38:24","guid":{"rendered":"https:\/\/raytalkcomms.com\/?post_type=product&#038;p=4232"},"modified":"2026-03-02T09:21:09","modified_gmt":"2026-03-02T09:21:09","slug":"ph-400ac-anr-carbon-fiber-general-aviation-headsets","status":"publish","type":"product","link":"https:\/\/raytalkcomms.com\/de\/produkt\/ph-400ac-anr-carbon-fiber-general-aviation-headsets\/","title":{"rendered":"PH-400AC ANR Kohlefaser-Headsets f\u00fcr die allgemeine Luftfahrt"},"content":{"rendered":"<h3>Merkmale:<\/h3>\n<ul>\n<li>Doppelstecker f\u00fcr GA.<\/li>\n<li>Aktive Ger\u00e4uschunterdr\u00fcckung (NRR): 29 dB.<\/li>\n<li>Passive Ger\u00e4uschunterdr\u00fcckung (NRR): 23 dB.<\/li>\n<li>Kleine AA-Alkalibatteriebox mit G\u00fcrtelclip. (Batterie nicht enthalten)<\/li>\n<li>Ultrabequeme Kunstlederkissen.<\/li>\n<li>Standard mit S\/M-Schalter, mit zwei Lautst\u00e4rkereglern an den Ohrmuscheln<\/li>\n<li>Elektretmikrofon mit Rauschunterdr\u00fcckung, ein dynamisches Mikrofon ist optional erh\u00e4ltlich.<\/li>\n<li>Gro\u00dfartige Audio-Lautsprecherleistung mit klarem Klang.<\/li>\n<li>Flacher Drehknopf f\u00fcr die Lautst\u00e4rke.<\/li>\n<li>Vollst\u00e4ndig verstellbares Kopfband aus Federstahl.<\/li>\n<li>Ohrh\u00f6rer-Stecker: PJ-055(.25\u2033F6.3 Stecker).<\/li>\n<li>Mikrofonstecker: PJ-068(.206\u2033F5.2-Stecker).<\/li>\n<li>Gerades Kabel vom Headset zum geformten Stecker, 150CM.<\/li>\n<\/ul>\n<h3>Vorteile:<\/h3>\n<p>Wenn K\u00e4ufer und Besatzungen in der Luftfahrt etwas Leichteres und Hochwertigeres suchen, ist das PH-400AC ANR Carbonfaser-Headset kaum zu schlagen. Wenn Sie sich f\u00fcr dieses Cockpit-Headset entscheiden, erhalten Sie ultrabequeme Kunstlederpolster, die sich sowohl bei kurzen Fl\u00fcgen als auch bei langen Missionen wolkenweich anf\u00fchlen. Die hervorragende Audioqualit\u00e4t sorgt f\u00fcr reibungslose Gespr\u00e4che und beschleunigt die Koordination. Wir unterst\u00fctzen auch ein individuelles Branding auf den Ohrmuscheln, damit Ihre Fluggesellschaft oder Ihr Betriebsteam mit der Marke identifiziert werden kann.<\/p>","protected":false},"excerpt":{"rendered":"<p>Die PH-400AC (Carbon Fiber Edition) Headsets f\u00fcr die allgemeine Luftfahrt sind eine limitierte Serie von Aviation Headsets. Die meisten Strukturelemente, einschlie\u00dflich der Muscheln und ihrer Griffe, sind aus Kohlefaser gefertigt. Die Verwendung dieses Materials hat, abgesehen von der einzigartigen \u00c4sthetik, das Gewicht des Kopfh\u00f6rers reduziert. (nur 9 Unzen). Pilot, vor allem, w\u00fcrde er sich wohl f\u00fchlen, vor allem nach langen Stunden des Fluges. Die PH-400AC Kopfh\u00f6rer f\u00fcr die allgemeine Luftfahrt sind standardm\u00e4\u00dfig mit Ohrpolstern aus Kunstleder ausgestattet, aber auch andere Arten von Ohrpolstern sind erh\u00e4ltlich.<\/p>","protected":false},"featured_media":4233,"template":"","meta":[],"product_brand":[],"product_cat":[208,314,244],"product_tag":[],"class_list":{"0":"post-4232","1":"product","2":"type-product","3":"status-publish","4":"has-post-thumbnail","6":"product_cat-aviation","7":"product_cat-fixed-wing","8":"product_cat-active-noise-cancelling","10":"first","11":"instock","12":"shipping-taxable","13":"purchasable","14":"product-type-simple"},"_links":{"self":[{"href":"https:\/\/raytalkcomms.com\/de\/wp-json\/wp\/v2\/product\/4232","targetHints":{"allow":["GET"]}}],"collection":[{"href":"https:\/\/raytalkcomms.com\/de\/wp-json\/wp\/v2\/product"}],"about":[{"href":"https:\/\/raytalkcomms.com\/de\/wp-json\/wp\/v2\/types\/product"}],"wp:featuredmedia":[{"embeddable":true,"href":"https:\/\/raytalkcomms.com\/de\/wp-json\/wp\/v2\/media\/4233"}],"wp:attachment":[{"href":"https:\/\/raytalkcomms.com\/de\/wp-json\/wp\/v2\/media?parent=4232"}],"wp:term":[{"taxonomy":"product_brand","embeddable":true,"href":"https:\/\/raytalkcomms.com\/de\/wp-json\/wp\/v2\/product_brand?post=4232"},{"taxonomy":"product_cat","embeddable":true,"href":"https:\/\/raytalkcomms.com\/de\/wp-json\/wp\/v2\/product_cat?post=4232"},{"taxonomy":"product_tag","embeddable":true,"href":"https:\/\/raytalkcomms.com\/de\/wp-json\/wp\/v2\/product_tag?post=4232"}],"curies":[{"name":"wp","href":"https:\/\/api.w.org\/{rel}","templated":true}]}}