{"id":4227,"date":"2025-11-05T07:15:40","date_gmt":"2025-11-05T07:15:40","guid":{"rendered":"https:\/\/raytalkcomms.com\/?post_type=product&#038;p=4227"},"modified":"2026-03-13T09:41:29","modified_gmt":"2026-03-13T09:41:29","slug":"ph-100h-helicopter-headset-with-metal-boom-arm","status":"publish","type":"product","link":"https:\/\/raytalkcomms.com\/de\/produkt\/ph-100h-helicopter-headset-with-metal-boom-arm\/","title":{"rendered":"PH-100H Hubschrauber-Headset mit Metall-Auslegerarm"},"content":{"rendered":"<h3>Merkmale:<\/h3>\n<ul>\n<li>ANR Headset mit aktiver Ger\u00e4uschunterdr\u00fcckung und Elektretmikrofon.<\/li>\n<li>Aktive Ger\u00e4uschunterdr\u00fcckung (NRR): 29 dB.<\/li>\n<li>Passive Ger\u00e4uschunterdr\u00fcckung (NRR): 23 dB.<\/li>\n<li>Kleine AA-Alkalibatteriebox mit G\u00fcrtelclip (Batterie nicht enthalten)<\/li>\n<li>Starker, flexibler Ausleger f\u00fcr perfekte Mikrofonplatzierung.<\/li>\n<li>Flacher Drehknopf f\u00fcr die Lautst\u00e4rke.<\/li>\n<li>Vollst\u00e4ndig verstellbares Kopfband aus Federstahl.<\/li>\n<li>Eine 3,5-mm-Audiobuchse ist optional f\u00fcr Musik.<\/li>\n<\/ul>\n<h3>Optionale Anpassungen:<\/h3>\n<ul>\n<li>Erh\u00e4ltlich in Schwarz, Blau, Gelb, Gr\u00fcn, Grau, Rosa und Rot<\/li>\n<\/ul>\n<h3>Vorteile:<\/h3>\n<p>Das Hubschrauber-Headset PH-100 H mit Metallarm wurde f\u00fcr Hubschrauberbetreiber und Rettungsdienste entwickelt und bietet zwei Mikrofonoptionen: einen verstellbaren Metallarm und einen flexiblen Arm. Es bietet ein Gleichgewicht zwischen starrer Positionierung und flexibler Anpassung, um eine stabile Aufnahme und klare Kommunikation in Umgebungen mit hohem L\u00e4rmpegel und starken Vibrationen zu gew\u00e4hrleisten.<br \/>\nDieses Over-Ear-Headset f\u00fcr Beschaffungsteams kombiniert einen bequemen, ohrumschlie\u00dfenden Sitz mit einer effektiven Ger\u00e4uschunterdr\u00fcckung, um die Konzentration von Pilot und Besatzung zu verbessern und gleichzeitig das Risiko von Kommunikationsfehlern zu verringern. Es eignet sich f\u00fcr eine Vielzahl von Eins\u00e4tzen, darunter Rundfl\u00fcge, land- und forstwirtschaftliche Eins\u00e4tze, Schulungen und Dienstschichten sowie Rettungs- und Feuerwehreins\u00e4tze.<\/p>","protected":false},"excerpt":{"rendered":"<p>PH- 100HC ANR helicopter headset with Metal Boom Arm reduces the unwanted ambient noise in the cockpit by using both Passive Noise Reduction (PNR) and Active Noise Reduction(ANR). Using this technology, low-frequency ambient noise is significantly reduced, and important communication can be heard in a clear, crisp manner.<br \/>\nPH-100HC helicopter headset will continue to operate as a PNR headset should the ANR become inactive for any reason, such as low or no battery power.<\/p>","protected":false},"featured_media":4231,"template":"","meta":[],"product_brand":[],"product_cat":[208,315,318],"product_tag":[],"class_list":{"0":"post-4227","1":"product","2":"type-product","3":"status-publish","4":"has-post-thumbnail","6":"product_cat-aviation","7":"product_cat-helicopter","8":"product_cat-active-noise-cancelling-helicopter","10":"first","11":"instock","12":"shipping-taxable","13":"purchasable","14":"product-type-simple"},"_links":{"self":[{"href":"https:\/\/raytalkcomms.com\/de\/wp-json\/wp\/v2\/product\/4227","targetHints":{"allow":["GET"]}}],"collection":[{"href":"https:\/\/raytalkcomms.com\/de\/wp-json\/wp\/v2\/product"}],"about":[{"href":"https:\/\/raytalkcomms.com\/de\/wp-json\/wp\/v2\/types\/product"}],"wp:featuredmedia":[{"embeddable":true,"href":"https:\/\/raytalkcomms.com\/de\/wp-json\/wp\/v2\/media\/4231"}],"wp:attachment":[{"href":"https:\/\/raytalkcomms.com\/de\/wp-json\/wp\/v2\/media?parent=4227"}],"wp:term":[{"taxonomy":"product_brand","embeddable":true,"href":"https:\/\/raytalkcomms.com\/de\/wp-json\/wp\/v2\/product_brand?post=4227"},{"taxonomy":"product_cat","embeddable":true,"href":"https:\/\/raytalkcomms.com\/de\/wp-json\/wp\/v2\/product_cat?post=4227"},{"taxonomy":"product_tag","embeddable":true,"href":"https:\/\/raytalkcomms.com\/de\/wp-json\/wp\/v2\/product_tag?post=4227"}],"curies":[{"name":"wp","href":"https:\/\/api.w.org\/{rel}","templated":true}]}}