{"id":4216,"date":"2025-11-05T03:00:39","date_gmt":"2025-11-05T03:00:39","guid":{"rendered":"https:\/\/raytalkcomms.com\/?post_type=product&#038;p=4216"},"modified":"2025-12-19T13:42:13","modified_gmt":"2025-12-19T13:42:13","slug":"ph-100a-active-noise-reduction-aviation-headsets-for-pilot","status":"publish","type":"product","link":"https:\/\/raytalkcomms.com\/de\/produkt\/ph-100a-active-noise-reduction-aviation-headsets-for-pilot\/","title":{"rendered":"PH-100A Aktive Ger\u00e4uschunterdr\u00fcckung Aviation Headsets f\u00fcr Piloten"},"content":{"rendered":"<h3>Merkmale:<\/h3>\n<ul>\n<li>Aktive Ger\u00e4uschunterdr\u00fcckung (NRR): 29 dB.<\/li>\n<li>Passive Ger\u00e4uschunterdr\u00fcckung (NRR): 23 dB.<\/li>\n<li>Kleine AA-Alkalibatteriebox mit G\u00fcrtelclip (Batterie nicht enthalten).<\/li>\n<li>Komfortables Ohrpolster, halb Gel, halb Schaumstoff.<\/li>\n<li>Standardm\u00e4\u00dfig mit S\/M-Schalter, mit zwei Lautst\u00e4rkereglern an den Ohrmuscheln.<\/li>\n<li>Elektretmikrofon mit Ger\u00e4uschunterdr\u00fcckung als Standard; ein dynamisches Mikrofon kann als Option gew\u00e4hlt werden.<\/li>\n<li>Gro\u00dfartige Audio-Lautsprecherleistung mit klarem Klang.<\/li>\n<li>Eine 3,5-mm-Audiobuchse f\u00fcr Musik ist optional.<\/li>\n<li>Vollst\u00e4ndig verstellbares Kopfband aus Federstahl.<\/li>\n<li>Ohrh\u00f6rer-Stecker: PJ-055(.25\u2033F6.3 Stecker).<\/li>\n<li>Mikrofonstecker: PJ-068(.206\u2033F5.2-Stecker).<\/li>\n<li>Gerades Kabel vom Headset zum geformten Stecker, 150CM.<\/li>\n<li>Farben: Schwarz, Blau, Gelb, Gr\u00fcn, Grau, Rosa, Rot.<\/li>\n<\/ul>\n<h3>Optionale Anpassungen:<\/h3>\n<ul>\n<li>W\u00e4hlen Sie je nach Bedarf zwischen einem flexiblen Auslegerarm und einem verstellbaren Metallauslegerarm.<\/li>\n<li>Erh\u00e4ltlich als dynamisches oder Elektret-Mikrofon f\u00fcr unterschiedliche Kommunikationsanforderungen.<\/li>\n<\/ul>\n<h3>Vorteile:<\/h3>\n<p>Das RayTalk PH-100A ANR Aviation Headset ist ein klassisches, bew\u00e4hrtes Headset, dem Flugschulen und Luftfahrtprofis weltweit vertrauen. Das Headset mit aktiver Ger\u00e4uschunterdr\u00fcckung (Active Noise Reduction, ANR) sorgt f\u00fcr kristallklare Kommunikation, indem es Triebwerks- und Umgebungsger\u00e4usche effektiv minimiert, sodass sich Piloten und Flugsch\u00fcler auf das konzentrieren k\u00f6nnen, was wirklich wichtig ist - sichere und pr\u00e4zise Flugkommunikation.<\/p>","protected":false},"excerpt":{"rendered":"<p>PH-100A ANR Aviation Headset mit aktiver Ger\u00e4uschunterdr\u00fcckung, Clear Hear Hochleistungslautsprechern, zweifacher Stereo-Lautst\u00e4rkeregelung und leicht zug\u00e4nglichem AA-Batteriefach mit Monoschalter.<br \/>\nBequeme Ohrdichtungen aus halbem Gel und halbem Schaumstoff; verstellbarer Kopfb\u00fcgel aus Federstahl; Clear Hear ANR-Audiotechnologie, die Hintergrundger\u00e4usche ausblendet; neu entwickeltes Mikrofon mit Ger\u00e4uschunterdr\u00fcckung und Mikrofonmuschel aus winddichtem Schaumstoff. Piloten und Fluglehrer werden das PH-100A ANR Aviation Headset genie\u00dfen, das den ganzen Tag \u00fcber Komfort bietet.<\/p>","protected":false},"featured_media":4238,"template":"","meta":[],"product_brand":[],"product_cat":[208,314,244],"product_tag":[],"class_list":{"0":"post-4216","1":"product","2":"type-product","3":"status-publish","4":"has-post-thumbnail","6":"product_cat-aviation","7":"product_cat-fixed-wing","8":"product_cat-active-noise-cancelling","10":"first","11":"instock","12":"shipping-taxable","13":"purchasable","14":"product-type-simple"},"_links":{"self":[{"href":"https:\/\/raytalkcomms.com\/de\/wp-json\/wp\/v2\/product\/4216","targetHints":{"allow":["GET"]}}],"collection":[{"href":"https:\/\/raytalkcomms.com\/de\/wp-json\/wp\/v2\/product"}],"about":[{"href":"https:\/\/raytalkcomms.com\/de\/wp-json\/wp\/v2\/types\/product"}],"wp:featuredmedia":[{"embeddable":true,"href":"https:\/\/raytalkcomms.com\/de\/wp-json\/wp\/v2\/media\/4238"}],"wp:attachment":[{"href":"https:\/\/raytalkcomms.com\/de\/wp-json\/wp\/v2\/media?parent=4216"}],"wp:term":[{"taxonomy":"product_brand","embeddable":true,"href":"https:\/\/raytalkcomms.com\/de\/wp-json\/wp\/v2\/product_brand?post=4216"},{"taxonomy":"product_cat","embeddable":true,"href":"https:\/\/raytalkcomms.com\/de\/wp-json\/wp\/v2\/product_cat?post=4216"},{"taxonomy":"product_tag","embeddable":true,"href":"https:\/\/raytalkcomms.com\/de\/wp-json\/wp\/v2\/product_tag?post=4216"}],"curies":[{"name":"wp","href":"https:\/\/api.w.org\/{rel}","templated":true}]}}