{"id":4161,"date":"2025-10-27T08:52:00","date_gmt":"2025-10-27T08:52:00","guid":{"rendered":"https:\/\/raytalkcomms.com\/?post_type=product&#038;p=4161"},"modified":"2025-12-04T08:54:30","modified_gmt":"2025-12-04T08:54:30","slug":"heavy-duty-radio-headphone-ran-3000cf-4ptt","status":"publish","type":"product","link":"https:\/\/raytalkcomms.com\/de\/produkt\/heavy-duty-radio-headphone-ran-3000cf-4ptt\/","title":{"rendered":"Heavy Duty Funkkopfh\u00f6rer RAN-3000CF\/4PTT"},"content":{"rendered":"<p>Der drahtlose Kommunikationskopfh\u00f6rer RAN-3000CF\/4PTT wurde f\u00fcr den Einsatz im Katastrophenfall, im Schienenverkehr und in Fertigungshallen entwickelt, wo L\u00e4rm und Dringlichkeit die Kommunikation belasten. Einschlie\u00dflich XLR-5-Pin-Audioeingang. Der Komfort der Doppelmuschel, der verstellbare B\u00fcgel und die ger\u00e4uschreduzierte Stimme sorgen f\u00fcr klare und koordinierte Teams.<\/p>\n<h3>Merkmale:<\/h3>\n<ul>\n<li>Doppelter Kapselgeh\u00f6rschutz<\/li>\n<li>Hochwertiges Mikrofon<\/li>\n<li>Schaumstoff-Kopfpolster<\/li>\n<li>Gel-Ohrdichtungen<\/li>\n<li>Rote Push-to-Talk-Taste<\/li>\n<li>5-poliger XLR-Audioeingangsanschluss<\/li>\n<\/ul>\n<h3>Vorteile:<\/h3>\n<p>Der Funkkopfh\u00f6rer RAN-3000CF\/4PTT ist der langlebigste Kopfh\u00f6rer und verf\u00fcgt \u00fcber eine diskrete, ergonomische Kopfbandverstellung. Profis k\u00f6nnen ihn im Handumdrehen an ihre Kopfform anpassen und so einen stabilen und sicheren Tragekomfort f\u00fcr anspruchsvolle Eins\u00e4tze gew\u00e4hrleisten. Mit Mini-XLR-Schnellkupplungsbuchse, erfordert XLR-QD-Schnellkupplungskabel oder QDC-Schnellkupplungskabel mit PTT (separat erh\u00e4ltlich)<\/p>","protected":false},"excerpt":{"rendered":"<p>Der Funkkopfh\u00f6rer RAN-3000CF\/4PTT ist ein kabelloser Kopfh\u00f6rer mit zwei Muscheln, der \u00fcber dem Kopf getragen wird. Das bedruckte Kohlefaser-Finish verleiht dem praktischen Design einen eleganten Touch. Er ist entweder mit einem Elektret- oder einem dynamischen Mikrofon erh\u00e4ltlich und bietet eine verbesserte Rauschunterdr\u00fcckung und eine \u00fcberragende Sprachverst\u00e4ndlichkeit mit Rauschunterdr\u00fcckung, w\u00e4hrend er gleichzeitig Komfort und Stabilit\u00e4t gew\u00e4hrleistet. Der Benutzer kann den Abstand zwischen Mund und Mikrofon ganz einfach nach Bedarf einstellen.<\/p>","protected":false},"featured_media":4162,"template":"","meta":[],"product_brand":[],"product_cat":[214,217],"product_tag":[],"class_list":{"0":"post-4161","1":"product","2":"type-product","3":"status-publish","4":"has-post-thumbnail","6":"product_cat-two-way-radio-accessories","7":"product_cat-heavy-duty-headset","9":"first","10":"instock","11":"shipping-taxable","12":"purchasable","13":"product-type-simple"},"_links":{"self":[{"href":"https:\/\/raytalkcomms.com\/de\/wp-json\/wp\/v2\/product\/4161","targetHints":{"allow":["GET"]}}],"collection":[{"href":"https:\/\/raytalkcomms.com\/de\/wp-json\/wp\/v2\/product"}],"about":[{"href":"https:\/\/raytalkcomms.com\/de\/wp-json\/wp\/v2\/types\/product"}],"wp:featuredmedia":[{"embeddable":true,"href":"https:\/\/raytalkcomms.com\/de\/wp-json\/wp\/v2\/media\/4162"}],"wp:attachment":[{"href":"https:\/\/raytalkcomms.com\/de\/wp-json\/wp\/v2\/media?parent=4161"}],"wp:term":[{"taxonomy":"product_brand","embeddable":true,"href":"https:\/\/raytalkcomms.com\/de\/wp-json\/wp\/v2\/product_brand?post=4161"},{"taxonomy":"product_cat","embeddable":true,"href":"https:\/\/raytalkcomms.com\/de\/wp-json\/wp\/v2\/product_cat?post=4161"},{"taxonomy":"product_tag","embeddable":true,"href":"https:\/\/raytalkcomms.com\/de\/wp-json\/wp\/v2\/product_tag?post=4161"}],"curies":[{"name":"wp","href":"https:\/\/api.w.org\/{rel}","templated":true}]}}