{"id":4129,"date":"2025-10-23T08:18:01","date_gmt":"2025-10-23T08:18:01","guid":{"rendered":"https:\/\/raytalkcomms.com\/?post_type=product&#038;p=4129"},"modified":"2025-12-19T11:21:25","modified_gmt":"2025-12-19T11:21:25","slug":"em-3927-walkie-talkie-earpiece-for-fbi-and-security","status":"publish","type":"product","link":"https:\/\/raytalkcomms.com\/de\/produkt\/em-3927-walkie-talkie-earpiece-for-fbi-and-security\/","title":{"rendered":"EM-3927 Walkie Talkie-H\u00f6rer f\u00fcr FBI und Sicherheit"},"content":{"rendered":"<p>Das EM-3927 \u00dcberwachungsmikrofon besteht aus hochwertigen Komponenten und langlebigen Materialien, was es zur ersten Wahl f\u00fcr Profis macht. Das Mikrofon ist sowohl mit zwei Dr\u00e4hten als auch mit einem Draht erh\u00e4ltlich und wurde mit Blick auf Diskretion entwickelt. Es kann am Kragen, an der Krawatte oder am Revers befestigt und mit der Push-to-Talk-Taste (PTT) in der Mitte des Schalters schnell aktiviert werden.<br \/>\nAusgestattet mit einer H\u00f6rmuschel und einem Push-to-Talk-Mikrofon (PTT), ist dies ein praktischer und strapazierf\u00e4higer Funkkopfh\u00f6rer f\u00fcr Pf\u00f6rtner, Personensch\u00fctzer und alle, die in Sicherheitsdiensten, im Gastgewerbe oder im Publikumsverkehr t\u00e4tig sind. Wenn Sie sich f\u00fcr unsere EM-3927 Radio FBI Ohrh\u00f6rer zum Verkauf interessieren, k\u00f6nnen Sie uns gerne kontaktieren und um ein Angebot bitten.<\/p>\n<h3>Merkmale:<\/h3>\n<ul>\n<li>Schallschlauch-Ohrst\u00fcck E-39<\/li>\n<li>1 drahtiges Kevlarkabel<\/li>\n<li>Palm PTT mit Mikrofon und Metallclip<\/li>\n<li>Es sind mehrere Arten von Funksteckern erh\u00e4ltlich, darunter M1, M16, K1, H8 und I4.<\/li>\n<\/ul>\n<h3>Vorteile:<\/h3>\n<p>Der EM-3927 FBI-Ohrh\u00f6rer verf\u00fcgt \u00fcber eine handtellergro\u00dfe PTT, die gut in der Hand liegt und mit nur einem Tastendruck die Steuerung des Funksignals erm\u00f6glicht, um den Empfang und die Kommunikation im Team aufrechtzuerhalten. Ein verst\u00e4rkter Metallclip l\u00e4sst sich sicher an Uniformen und Schutzwesten befestigen und h\u00e4lt auch bei Razzien, Verfolgungsjagden und verdeckten Eins\u00e4tzen. Dieser FBI-Agenten-Ohrh\u00f6rer h\u00e4lt eine starke Funkverbindung mit Kommandozentralen aufrecht und verhindert so Kommunikationsverluste in missionskritischen Momenten. Das EM-3927 wurde f\u00fcr den taktischen und sicherheitstechnischen Einsatz entwickelt und bietet eine zuverl\u00e4ssige Leistung, was es zur bevorzugten und kosteng\u00fcnstigsten Wahl f\u00fcr Regierungsbeh\u00f6rden, Strafverfolgungsbeh\u00f6rden und private Sicherheitsunternehmen weltweit macht.<\/p>","protected":false},"excerpt":{"rendered":"<p>Der EM-3927 Walkie-Talkie-H\u00f6rer verf\u00fcgt \u00fcber einen klaren akustischen Schlauch, der bei der \u00dcberwachung im Freien transparent und unauff\u00e4llig bleibt. Eine Schnellzugriffs-PTT erm\u00f6glicht einen schnellen, ger\u00e4uschlosen Betrieb, w\u00e4hrend der Pr\u00e4zisionslautsprecher und das Mikrofon Nachrichten pr\u00e4zise erfassen und an das Team weiterleiten. Der Walkie-Talkie-Ohrh\u00f6rer wurde f\u00fcr FBI-Agenten und Sicherheitsexperten entwickelt und erm\u00f6glicht eine zuverl\u00e4ssige und komfortable Kommunikation bei Patrouillen und der Kontrolle von Menschenmengen. Langlebige, witterungsbest\u00e4ndige Komponenten und weiche Ohrst\u00f6psel unterst\u00fctzen das ganzt\u00e4gige Tragen im Einsatz. Der Walkie-Talkie-H\u00f6rer EM-3927 ist ein diskretes \u00dcberwachungszubeh\u00f6r, das viele Menschen f\u00fcr ihre Arbeit nutzen.<\/p>","protected":false},"featured_media":4128,"template":"","meta":[],"product_brand":[],"product_cat":[214,215,306],"product_tag":[],"class_list":{"0":"post-4129","1":"product","2":"type-product","3":"status-publish","4":"has-post-thumbnail","6":"product_cat-two-way-radio-accessories","7":"product_cat-earpieces","8":"product_cat-1-wire-earpiece","10":"first","11":"instock","12":"shipping-taxable","13":"purchasable","14":"product-type-simple"},"_links":{"self":[{"href":"https:\/\/raytalkcomms.com\/de\/wp-json\/wp\/v2\/product\/4129","targetHints":{"allow":["GET"]}}],"collection":[{"href":"https:\/\/raytalkcomms.com\/de\/wp-json\/wp\/v2\/product"}],"about":[{"href":"https:\/\/raytalkcomms.com\/de\/wp-json\/wp\/v2\/types\/product"}],"wp:featuredmedia":[{"embeddable":true,"href":"https:\/\/raytalkcomms.com\/de\/wp-json\/wp\/v2\/media\/4128"}],"wp:attachment":[{"href":"https:\/\/raytalkcomms.com\/de\/wp-json\/wp\/v2\/media?parent=4129"}],"wp:term":[{"taxonomy":"product_brand","embeddable":true,"href":"https:\/\/raytalkcomms.com\/de\/wp-json\/wp\/v2\/product_brand?post=4129"},{"taxonomy":"product_cat","embeddable":true,"href":"https:\/\/raytalkcomms.com\/de\/wp-json\/wp\/v2\/product_cat?post=4129"},{"taxonomy":"product_tag","embeddable":true,"href":"https:\/\/raytalkcomms.com\/de\/wp-json\/wp\/v2\/product_tag?post=4129"}],"curies":[{"name":"wp","href":"https:\/\/api.w.org\/{rel}","templated":true}]}}