{"id":4123,"date":"2025-10-23T06:08:46","date_gmt":"2025-10-23T06:08:46","guid":{"rendered":"https:\/\/raytalkcomms.com\/?post_type=product&#038;p=4123"},"modified":"2025-12-04T09:28:26","modified_gmt":"2025-12-04T09:28:26","slug":"ran-1000cf-1e-single-muff-carbon-fiber-broadcast-headset","status":"publish","type":"product","link":"https:\/\/raytalkcomms.com\/de\/produkt\/ran-1000cf-1e-single-muff-carbon-fiber-broadcast-headset\/","title":{"rendered":"RAN-1000CF-1E Einmuffen-Kohlenstofffaser-Broadcast-Headset"},"content":{"rendered":"<p>RAN-1000CF-1E ist ein Headset f\u00fcr Filmteams mit flexiblem B\u00fcgelmikrofon, das sich leicht an Ihre Bed\u00fcrfnisse anpassen l\u00e4sst. Es verf\u00fcgt \u00fcber einen verstellbaren, gepolsterten Kopfb\u00fcgel und eine PTT-Taste, die bequem an der stark gepolsterten Ohrmuschel angebracht ist. Es bietet klare, komfortable Kommunikation in relativ lauten Umgebungen, ohne dabei sperrig zu sein.<\/p>\n<h3>Merkmale:<\/h3>\n<ul>\n<li>Einzelne Ohrmuschel aus Kohlefaser<\/li>\n<li>Verzerrungsarmes Boom-Mikrofon<\/li>\n<li>\u00dcber-Kopf-Design<\/li>\n<li>Bequemes Kopfpolster<\/li>\n<li>Einstellbarer Kopfbandknopf<\/li>\n<li>Kissen aus Kunstleder<\/li>\n<li>Taste zum Sprechen<\/li>\n<li>Lautst\u00e4rkeschalter<\/li>\n<li>Mini XLR 5-polige Buchse<\/li>\n<\/ul>\n<h3>Vorteile:<\/h3>\n<p>Das Rundfunk-Headset RAN-1000CF-1E mit Mikrofon ist ein Ein-Ohr-Headset, bei dem die gegen\u00fcberliegende Seite mit einem weichen Schaumstoffpolster ausgestattet ist, das f\u00fcr Gleichgewicht und dauerhaften Komfort sorgt. Extra weiches Kunstlederpolster f\u00fcr h\u00f6chsten Komfort. Als bew\u00e4hrtes Headset f\u00fcr Filmteams unterst\u00fctzt es Regisseure, Kameraleute und Sendepersonal mit klarer, zuverl\u00e4ssiger Kommunikation am Set.<\/p>","protected":false},"excerpt":{"rendered":"<p>Das Broadcast-Headset RAN-1000CF-1E ist ein leichtes 1-Ohr-Headset, das f\u00fcr Produktionsteams in Rundfunk, Film und Fernsehen entwickelt wurde. Die Ohrmuscheln aus 100%-Kohlefaser sind ultraleicht und superleise. Da es ein Ohr f\u00fcr die Umgebung offen h\u00e4lt, l\u00f6st es die Herausforderung einer klaren Teamkommunikation, ohne die Aktivit\u00e4ten in der Umgebung zu vernachl\u00e4ssigen. So wird sichergestellt, dass Regisseure, Kameraleute und Mitarbeiter am Set keine wichtigen Anweisungen verpassen.<\/p>\n<div id=\"gtx-trans\" style=\"position: absolute; left: 107px; top: -8.8px;\">\n<div class=\"gtx-trans-icon\"><\/div>\n<\/div>","protected":false},"featured_media":4124,"template":"","meta":[],"product_brand":[],"product_cat":[214,217],"product_tag":[],"class_list":{"0":"post-4123","1":"product","2":"type-product","3":"status-publish","4":"has-post-thumbnail","6":"product_cat-two-way-radio-accessories","7":"product_cat-heavy-duty-headset","9":"first","10":"instock","11":"shipping-taxable","12":"purchasable","13":"product-type-simple"},"_links":{"self":[{"href":"https:\/\/raytalkcomms.com\/de\/wp-json\/wp\/v2\/product\/4123","targetHints":{"allow":["GET"]}}],"collection":[{"href":"https:\/\/raytalkcomms.com\/de\/wp-json\/wp\/v2\/product"}],"about":[{"href":"https:\/\/raytalkcomms.com\/de\/wp-json\/wp\/v2\/types\/product"}],"wp:featuredmedia":[{"embeddable":true,"href":"https:\/\/raytalkcomms.com\/de\/wp-json\/wp\/v2\/media\/4124"}],"wp:attachment":[{"href":"https:\/\/raytalkcomms.com\/de\/wp-json\/wp\/v2\/media?parent=4123"}],"wp:term":[{"taxonomy":"product_brand","embeddable":true,"href":"https:\/\/raytalkcomms.com\/de\/wp-json\/wp\/v2\/product_brand?post=4123"},{"taxonomy":"product_cat","embeddable":true,"href":"https:\/\/raytalkcomms.com\/de\/wp-json\/wp\/v2\/product_cat?post=4123"},{"taxonomy":"product_tag","embeddable":true,"href":"https:\/\/raytalkcomms.com\/de\/wp-json\/wp\/v2\/product_tag?post=4123"}],"curies":[{"name":"wp","href":"https:\/\/api.w.org\/{rel}","templated":true}]}}