{"id":4030,"date":"2025-10-16T09:34:56","date_gmt":"2025-10-16T09:34:56","guid":{"rendered":"https:\/\/raytalkcomms.com\/?post_type=product&#038;p=4030"},"modified":"2025-12-04T12:58:45","modified_gmt":"2025-12-04T12:58:45","slug":"rsm-800-ip67-waterproof-walkie-talkie-speaker-mics","status":"publish","type":"product","link":"https:\/\/raytalkcomms.com\/de\/produkt\/rsm-800-ip67-waterproof-walkie-talkie-speaker-mics\/","title":{"rendered":"RSM-800 IP67 Wasserdichtes Walkie Talkie Lautsprecher-Mikrofone"},"content":{"rendered":"<p>Das RSM-800\/CC setzt einen neuen Standard f\u00fcr professionelle Lautsprechermikrofone und sorgt f\u00fcr klare Kommunikation in jeder Umgebung. Es ist ein kompaktes und dennoch leistungsstarkes kleines Lautsprecher-Mikrofon, das Langlebigkeit mit Komfort verbindet. Sein wasserdichtes IP67-Geh\u00e4use sorgt f\u00fcr einen zuverl\u00e4ssigen Einsatz im Freien, w\u00e4hrend das Design des Lautsprechermikrofons eine leistungsstarke Audioqualit\u00e4t f\u00fcr anspruchsvolle Teams bietet.<\/p>\n<h3>Merkmale:<\/h3>\n<ul>\n<li>IP 67 wasserdicht und staubdicht<\/li>\n<li>Ergonomische Gestaltung<\/li>\n<li>Press-to-talk-Taste<\/li>\n<li>360-Grad-Ratationsclip<\/li>\n<li>3,5-mm-Hilfsbuchse f\u00fcr reinen H\u00f6rer<\/li>\n<\/ul>\n<h3>Optionale Anpassungen:<\/h3>\n<ul>\n<li>Notfall-Taste<\/li>\n<\/ul>\n<h3>Vorteile:<\/h3>\n<p>Mit seinem ergonomischen Griff und seiner klaren Leistung fungiert das Walkie-Talkie-Mikrofon RSM-800 als wasserdichter Funklautsprecher nach IP67, ideal f\u00fcr kritische Kommunikationsaufgaben in den Bereichen Sicherheit, \u00f6ffentliche Sicherheit und mehr. Von Fachleuten auf der ganzen Welt vertraut, bereit f\u00fcr eine langfristige Versorgung.<\/p>","protected":false},"excerpt":{"rendered":"<p>RSM-800 Walkie-Talkie-Lautsprechermikrofone sind das neue Produkt f\u00fcr kritische Kommunikation. Die neuesten wasserdichten Lautsprechermikrofone, die speziell f\u00fcr die Zwei-Wege-Funkkommunikation entwickelt wurden. Es liegt ergonomisch in der Hand und bietet einen komfortablen Griff, der l\u00e4ngere Eins\u00e4tze erleichtert. Es bietet IP67-Schutz, kristallklaren Ton und eine optional anpassbare Notruftaste.<\/p>","protected":false},"featured_media":4031,"template":"","meta":[],"product_brand":[],"product_cat":[214,216],"product_tag":[],"class_list":{"0":"post-4030","1":"product","2":"type-product","3":"status-publish","4":"has-post-thumbnail","6":"product_cat-two-way-radio-accessories","7":"product_cat-speaker-microphone","9":"first","10":"instock","11":"shipping-taxable","12":"purchasable","13":"product-type-simple"},"_links":{"self":[{"href":"https:\/\/raytalkcomms.com\/de\/wp-json\/wp\/v2\/product\/4030","targetHints":{"allow":["GET"]}}],"collection":[{"href":"https:\/\/raytalkcomms.com\/de\/wp-json\/wp\/v2\/product"}],"about":[{"href":"https:\/\/raytalkcomms.com\/de\/wp-json\/wp\/v2\/types\/product"}],"wp:featuredmedia":[{"embeddable":true,"href":"https:\/\/raytalkcomms.com\/de\/wp-json\/wp\/v2\/media\/4031"}],"wp:attachment":[{"href":"https:\/\/raytalkcomms.com\/de\/wp-json\/wp\/v2\/media?parent=4030"}],"wp:term":[{"taxonomy":"product_brand","embeddable":true,"href":"https:\/\/raytalkcomms.com\/de\/wp-json\/wp\/v2\/product_brand?post=4030"},{"taxonomy":"product_cat","embeddable":true,"href":"https:\/\/raytalkcomms.com\/de\/wp-json\/wp\/v2\/product_cat?post=4030"},{"taxonomy":"product_tag","embeddable":true,"href":"https:\/\/raytalkcomms.com\/de\/wp-json\/wp\/v2\/product_tag?post=4030"}],"curies":[{"name":"wp","href":"https:\/\/api.w.org\/{rel}","templated":true}]}}