{"id":4022,"date":"2025-10-16T08:58:20","date_gmt":"2025-10-16T08:58:20","guid":{"rendered":"https:\/\/raytalkcomms.com\/?post_type=product&#038;p=4022"},"modified":"2025-12-04T13:01:09","modified_gmt":"2025-12-04T13:01:09","slug":"rsm-310-medium-duty-remote-speaker-mic","status":"publish","type":"product","link":"https:\/\/raytalkcomms.com\/de\/produkt\/rsm-310-medium-duty-remote-speaker-mic\/","title":{"rendered":"RSM-310 Medium Duty Remote Speaker Mic"},"content":{"rendered":"<p>Das RSM-310\/CC ist eine mittelschwere Wahl unter den Mikrofonen mit eingebauten Lautsprechern, was es zu einem der zuverl\u00e4ssigsten Lautsprechermikrofone und zum perfekten Zubeh\u00f6r f\u00fcr professionelle Funkger\u00e4te macht. Das abgesetzte Lautsprechermikrofon RSM-310 ist ideal f\u00fcr Sicherheitspersonal in Schulen und bei Veranstaltungen, die ein leichteres, kompakteres Design mit lauterem, klarerem Ton ben\u00f6tigen.<\/p>\n<h3>Merkmale:<\/h3>\n<ul>\n<li>Eingebautes Mikrofon an der Vorderseite<\/li>\n<li>Push-to-talk-Design<\/li>\n<li>Lauter, klarer Lautsprecher<\/li>\n<li>Drehbarer G\u00fcrtelclip<\/li>\n<li>Kevlar-verst\u00e4rktes Spulenkabel<\/li>\n<li>3,5-mm-Audioanschluss<\/li>\n<\/ul>\n<h3>Optionale Anpassungen:<\/h3>\n<ul>\n<li>Notfall-Taste<\/li>\n<li>Lautst\u00e4rke auf und ab<\/li>\n<\/ul>\n<h3>Vorteile:<\/h3>\n<p>Es ist mit einem umweltfreundlichen Polyurethan-Spulenkabel ausgestattet, das mit Kevlar und einer Zugentlastung verst\u00e4rkt ist, um eine lange Lebensdauer zu gew\u00e4hrleisten. Das RSM-310\/CC liefert eine klare Kommunikation, egal ob es als abgesetztes Lautsprechermikrofon f\u00fcr die Schulter verwendet oder im t\u00e4glichen professionellen Funkbetrieb getragen wird.<\/p>","protected":false},"excerpt":{"rendered":"<p>Das RSM-310\/CC Lautsprechermikrofon ist unser Funklautsprechermikrofon in Milit\u00e4rqualit\u00e4t. Es kombiniert die hochwertige Funktionalit\u00e4t mit der Rauschunterdr\u00fcckungstechnologie in einem einzigen Mikrofon und ist damit das ultimative Lautsprechermikrofon f\u00fcr die anspruchsvollsten Umgebungen. Eine beliebte Wahl f\u00fcr die \u00f6ffentliche Sicherheit und taktische Anwendungen.<\/p>","protected":false},"featured_media":4023,"template":"","meta":[],"product_brand":[],"product_cat":[214,216],"product_tag":[],"class_list":{"0":"post-4022","1":"product","2":"type-product","3":"status-publish","4":"has-post-thumbnail","6":"product_cat-two-way-radio-accessories","7":"product_cat-speaker-microphone","9":"first","10":"instock","11":"shipping-taxable","12":"purchasable","13":"product-type-simple"},"_links":{"self":[{"href":"https:\/\/raytalkcomms.com\/de\/wp-json\/wp\/v2\/product\/4022","targetHints":{"allow":["GET"]}}],"collection":[{"href":"https:\/\/raytalkcomms.com\/de\/wp-json\/wp\/v2\/product"}],"about":[{"href":"https:\/\/raytalkcomms.com\/de\/wp-json\/wp\/v2\/types\/product"}],"wp:featuredmedia":[{"embeddable":true,"href":"https:\/\/raytalkcomms.com\/de\/wp-json\/wp\/v2\/media\/4023"}],"wp:attachment":[{"href":"https:\/\/raytalkcomms.com\/de\/wp-json\/wp\/v2\/media?parent=4022"}],"wp:term":[{"taxonomy":"product_brand","embeddable":true,"href":"https:\/\/raytalkcomms.com\/de\/wp-json\/wp\/v2\/product_brand?post=4022"},{"taxonomy":"product_cat","embeddable":true,"href":"https:\/\/raytalkcomms.com\/de\/wp-json\/wp\/v2\/product_cat?post=4022"},{"taxonomy":"product_tag","embeddable":true,"href":"https:\/\/raytalkcomms.com\/de\/wp-json\/wp\/v2\/product_tag?post=4022"}],"curies":[{"name":"wp","href":"https:\/\/api.w.org\/{rel}","templated":true}]}}