{"id":3880,"date":"2025-10-10T10:07:57","date_gmt":"2025-10-10T10:07:57","guid":{"rendered":"https:\/\/raytalkcomms.com\/?post_type=product&#038;p=3880"},"modified":"2025-12-19T11:38:35","modified_gmt":"2025-12-19T11:38:35","slug":"em-3327n-braided-fiber-earphone-for-walkie-talkie","status":"publish","type":"product","link":"https:\/\/raytalkcomms.com\/de\/produkt\/em-3327n-braided-fiber-earphone-for-walkie-talkie\/","title":{"rendered":"EM-3327N Geflochtener Faser-Ohrh\u00f6rer f\u00fcr Walkie Talkie"},"content":{"rendered":"<p>Die geflochtenen EM-3327N Funkkopfh\u00f6rer verf\u00fcgen \u00fcber ein C-f\u00f6rmiges, drehbares Design f\u00fcr sicheren Halt. Sie bieten eine L\u00f6sung f\u00fcr die Unannehmlichkeiten, die mit dem Tragen eines Ohrh\u00f6rers \u00fcber einen l\u00e4ngeren Zeitraum verbunden sind, indem sie es dem Benutzer erm\u00f6glichen, den C-f\u00f6rmigen, drehbaren Ohrh\u00f6rer an beiden Ohren zu tragen.<\/p>\n<h3>Merkmale:<\/h3>\n<ul>\n<li>C-f\u00f6rmiger Ohrhaken<\/li>\n<li>Geflochtenes Faserkabel<\/li>\n<li>Push-to-talk-Schalter<\/li>\n<li>Zugentlastung an PTT und Stecker<\/li>\n<\/ul>\n<h3>Optionale Anpassungen:<\/h3>\n<ul>\n<li>Geformter Stecker f\u00fcr Motorola, Hytera, Kenwood und eine Vielzahl von Funkger\u00e4ten erh\u00e4ltlich<\/li>\n<\/ul>\n<h3>Vorteile:<\/h3>\n<p>In \u00fcberf\u00fcllten Transport-, Industrie-, Bau- und Veranstaltungsumgebungen, in denen Druck und Reibung die Ausr\u00fcstung leicht besch\u00e4digen, zeichnet sich der EM-3327N Ohrh\u00f6rer f\u00fcr Walkie Talkies aus. Mit einer Inline-PTT und einem HF-abgeschirmten Mikrofon sorgt dieser Sicherheits-Ohrh\u00f6rer f\u00fcr klare, zuverl\u00e4ssige und dauerhafte Kommunikation ohne Verheddern.<\/p>\n<div id=\"gtx-trans\" style=\"position: absolute; left: -28px; top: 346.825px;\">\n<div class=\"gtx-trans-icon\"><\/div>\n<\/div>","protected":false},"excerpt":{"rendered":"<p>Der EM-3327N ist ein strapazierf\u00e4higer Ohrh\u00f6rer f\u00fcr Walkie-Talkies, der aus geflochtenen Fasern besteht und dreimal so stark ist wie herk\u00f6mmliche Harzleitungen. Dieser Sicherheits-Ohrh\u00f6rer ist widerstandsf\u00e4hig gegen Risse, Zerrei\u00dfen und Verheddern, w\u00e4hrend das Fasergeflecht Knickstellen verhindert und die Kabel vor Kraft und Reibung sch\u00fctzt - f\u00fcr eine zuverl\u00e4ssige t\u00e4gliche Kommunikation.<\/p>","protected":false},"featured_media":3794,"template":"","meta":[],"product_brand":[],"product_cat":[214,215,311],"product_tag":[],"class_list":{"0":"post-3880","1":"product","2":"type-product","3":"status-publish","4":"has-post-thumbnail","6":"product_cat-two-way-radio-accessories","7":"product_cat-earpieces","8":"product_cat-braided-fiber-earpiece","10":"first","11":"instock","12":"shipping-taxable","13":"purchasable","14":"product-type-simple"},"_links":{"self":[{"href":"https:\/\/raytalkcomms.com\/de\/wp-json\/wp\/v2\/product\/3880","targetHints":{"allow":["GET"]}}],"collection":[{"href":"https:\/\/raytalkcomms.com\/de\/wp-json\/wp\/v2\/product"}],"about":[{"href":"https:\/\/raytalkcomms.com\/de\/wp-json\/wp\/v2\/types\/product"}],"wp:featuredmedia":[{"embeddable":true,"href":"https:\/\/raytalkcomms.com\/de\/wp-json\/wp\/v2\/media\/3794"}],"wp:attachment":[{"href":"https:\/\/raytalkcomms.com\/de\/wp-json\/wp\/v2\/media?parent=3880"}],"wp:term":[{"taxonomy":"product_brand","embeddable":true,"href":"https:\/\/raytalkcomms.com\/de\/wp-json\/wp\/v2\/product_brand?post=3880"},{"taxonomy":"product_cat","embeddable":true,"href":"https:\/\/raytalkcomms.com\/de\/wp-json\/wp\/v2\/product_cat?post=3880"},{"taxonomy":"product_tag","embeddable":true,"href":"https:\/\/raytalkcomms.com\/de\/wp-json\/wp\/v2\/product_tag?post=3880"}],"curies":[{"name":"wp","href":"https:\/\/api.w.org\/{rel}","templated":true}]}}