{"id":3878,"date":"2025-10-10T09:52:16","date_gmt":"2025-10-10T09:52:16","guid":{"rendered":"https:\/\/raytalkcomms.com\/?post_type=product&#038;p=3878"},"modified":"2025-12-19T11:37:15","modified_gmt":"2025-12-19T11:37:15","slug":"em-2023v-vox-walkie-talkie-earpiece-and-microphone","status":"publish","type":"product","link":"https:\/\/raytalkcomms.com\/de\/produkt\/em-2023v-vox-walkie-talkie-earpiece-and-microphone\/","title":{"rendered":"EM-2023V VOX Walkie Talkie Ohrh\u00f6rer und Mikrofon"},"content":{"rendered":"<p>EM-2023V Ohrh\u00f6rer Walkie Talkie ist ein VOX Ohrh\u00f6rer f\u00fcr Motorola Radio. Dieser Walkie-Talkie-Ohrh\u00f6rer und das Mikrofon lassen sich leicht vom herk\u00f6mmlichen PTT-Push-to-Talk-Modus auf VOX-Betrieb umschalten. Die VOX-Empfindlichkeit ist elektronisch zwischen2 mV RMS und 10 mV RMS einstellbar, um eine bequeme Mikrofonplatzierung zu erm\u00f6glichen.<\/p>\n<h3>Merkmale:<\/h3>\n<ul>\n<li>Verstellbarer G-Ring-Ohrb\u00fcgel<\/li>\n<li>Slip PTT\/VOX-Schalter<\/li>\n<li>Zugentlastung an PTT und Stecker<\/li>\n<\/ul>\n<h3>Optionale Anpassungen:<\/h3>\n<ul>\n<li>Geformter Stecker f\u00fcr Motorola, Hytera, Kenwood und eine Vielzahl von Funkger\u00e4ten erh\u00e4ltlich<\/li>\n<\/ul>\n<h3>Vorteile:<\/h3>\n<p>Im Gegensatz zu Standard-Ohrh\u00f6rern f\u00fcr Walkie-Talkies l\u00e4sst der EM-2023V Vox-Ohrh\u00f6rer den Schalter f\u00fcr eine kontinuierliche Sprachaufnahme einrasten. Mit diesem Walkie-Talkie-Ohrh\u00f6rer bleibt das Personal jederzeit mit seinem Team verbunden und gew\u00e4hrleistet eine nahtlose, freih\u00e4ndige Kommunikation ohne Unterbrechung.<\/p>\n<div id=\"gtx-trans\" style=\"position: absolute; left: -66px; top: 276.225px;\">\n<div class=\"gtx-trans-icon\"><\/div>\n<\/div>","protected":false},"excerpt":{"rendered":"<p>Der EM-2023V Ohrh\u00f6rer Walkie Talkie ist ein effektiver Walkie Talkie Ohrh\u00f6rer mit Mikrofon, der sowohl PTT- als auch VOX-Funktionen f\u00fcr einen flexiblen Einsatz unterst\u00fctzt. Diese vielseitige VOX-H\u00f6rer bietet diskrete Kommunikation und Komfort, w\u00e4hrend auch als zuverl\u00e4ssige drahtlose Funk-Ohrh\u00f6rer Option f\u00fcr Profis in der Freizeit, Veranstaltungen und industrielle Fertigung arbeiten.<\/p>","protected":false},"featured_media":3797,"template":"","meta":[],"product_brand":[],"product_cat":[214,215,310],"product_tag":[],"class_list":{"0":"post-3878","1":"product","2":"type-product","3":"status-publish","4":"has-post-thumbnail","6":"product_cat-two-way-radio-accessories","7":"product_cat-earpieces","8":"product_cat-vox-earpiece","10":"first","11":"instock","12":"shipping-taxable","13":"purchasable","14":"product-type-simple"},"_links":{"self":[{"href":"https:\/\/raytalkcomms.com\/de\/wp-json\/wp\/v2\/product\/3878","targetHints":{"allow":["GET"]}}],"collection":[{"href":"https:\/\/raytalkcomms.com\/de\/wp-json\/wp\/v2\/product"}],"about":[{"href":"https:\/\/raytalkcomms.com\/de\/wp-json\/wp\/v2\/types\/product"}],"wp:featuredmedia":[{"embeddable":true,"href":"https:\/\/raytalkcomms.com\/de\/wp-json\/wp\/v2\/media\/3797"}],"wp:attachment":[{"href":"https:\/\/raytalkcomms.com\/de\/wp-json\/wp\/v2\/media?parent=3878"}],"wp:term":[{"taxonomy":"product_brand","embeddable":true,"href":"https:\/\/raytalkcomms.com\/de\/wp-json\/wp\/v2\/product_brand?post=3878"},{"taxonomy":"product_cat","embeddable":true,"href":"https:\/\/raytalkcomms.com\/de\/wp-json\/wp\/v2\/product_cat?post=3878"},{"taxonomy":"product_tag","embeddable":true,"href":"https:\/\/raytalkcomms.com\/de\/wp-json\/wp\/v2\/product_tag?post=3878"}],"curies":[{"name":"wp","href":"https:\/\/api.w.org\/{rel}","templated":true}]}}