{"id":3799,"date":"2025-09-27T06:15:17","date_gmt":"2025-09-27T06:15:17","guid":{"rendered":"https:\/\/raytalkcomms.com\/?post_type=product&#038;p=3799"},"modified":"2025-12-19T11:21:25","modified_gmt":"2025-12-19T11:21:25","slug":"em-2027-g-hook-earpiece-for-walkie-talkie","status":"publish","type":"product","link":"https:\/\/raytalkcomms.com\/de\/produkt\/em-2027-g-hook-earpiece-for-walkie-talkie\/","title":{"rendered":"EM-2027 G-Haken-Ohrh\u00f6rer f\u00fcr Walkie Talkie"},"content":{"rendered":"<p>Der EM-2027 mit G-Haken sitzt bequem, ohne auf dem Ohr zu dr\u00fccken, und ist damit einer der benutzerfreundlichsten Zwei-Wege-Funkkopfh\u00f6rer. Der drehbare Ohrst\u00f6psel l\u00e4sst sich leicht f\u00fcr die Verwendung am linken oder rechten Ohr einstellen, sodass keine separaten Ger\u00e4te gekauft werden m\u00fcssen. Dieser vielseitige \u00dcberwachungs-Kit-Ohrh\u00f6rer bietet Komfort und Funktionalit\u00e4t f\u00fcr die t\u00e4gliche Kommunikation. Als professionelle Zwei-Wege-Funkkopfh\u00f6rer liefern sie klaren Ton f\u00fcr Sicherheits-, Gastgewerbe- und Au\u00dfendienstteams. Dieses Funk\u00fcberwachungsset ist leicht und dennoch strapazierf\u00e4hig, so dass es auch f\u00fcr lange Schichten geeignet ist, ohne zu st\u00f6ren. Es wird von Organisationen auf der ganzen Welt gesch\u00e4tzt und vereint Zuverl\u00e4ssigkeit und Nutzen im t\u00e4glichen Einsatz.<\/p>\n<h3>Merkmale:<\/h3>\n<ul>\n<li>G-Form Ohrhaken<\/li>\n<li>Handfl\u00e4chengro\u00dfes PTT mit Mikrofon und Clip<\/li>\n<li>Zugentlastung an PTT und Stecker<\/li>\n<\/ul>\n<h3>Optionale Anpassungen:<\/h3>\n<ul>\n<li>Geformter Stecker f\u00fcr Motorola, Hytera, Kenwood und eine Vielzahl von Funkger\u00e4ten erh\u00e4ltlich<\/li>\n<\/ul>\n<h3>Vorteile:<\/h3>\n<p>Dieser G-f\u00f6rmige Ohrh\u00f6rer f\u00fcr Walkie-Talkies mit einem einzigen Kabel l\u00e4sst sich mit dem PTT-Mikrofon einfach am Hemdkragen oder Revers befestigen. Sein diskretes Design macht es zu einem zuverl\u00e4ssigen Funk\u00fcberwachungsset f\u00fcr Sicherheitsteams, Polizei und Personal in Hotels oder Resorts.<\/p>","protected":false},"excerpt":{"rendered":"<p>Der EM-2027 ist ein zuverl\u00e4ssiger G-Haken-Ohrh\u00f6rer f\u00fcr Walkie-Talkie-Nutzer, der klare Kommunikation und ganzt\u00e4gigen Komfort bietet. Er ist \u00fcblicherweise Teil eines Funk\u00fcberwachungs-Kits und bietet die Haltbarkeit und Diskretion, die man von professionellen Polizei-Ohrh\u00f6rern erwartet, und eignet sich daher f\u00fcr Sicherheits- und Strafverfolgungszwecke sowie f\u00fcr den t\u00e4glichen Einsatz.<\/p>","protected":false},"featured_media":3800,"template":"","meta":[],"product_brand":[],"product_cat":[214,306,215],"product_tag":[],"class_list":{"0":"post-3799","1":"product","2":"type-product","3":"status-publish","4":"has-post-thumbnail","6":"product_cat-two-way-radio-accessories","7":"product_cat-1-wire-earpiece","8":"product_cat-earpieces","10":"first","11":"instock","12":"shipping-taxable","13":"purchasable","14":"product-type-simple"},"_links":{"self":[{"href":"https:\/\/raytalkcomms.com\/de\/wp-json\/wp\/v2\/product\/3799","targetHints":{"allow":["GET"]}}],"collection":[{"href":"https:\/\/raytalkcomms.com\/de\/wp-json\/wp\/v2\/product"}],"about":[{"href":"https:\/\/raytalkcomms.com\/de\/wp-json\/wp\/v2\/types\/product"}],"wp:featuredmedia":[{"embeddable":true,"href":"https:\/\/raytalkcomms.com\/de\/wp-json\/wp\/v2\/media\/3800"}],"wp:attachment":[{"href":"https:\/\/raytalkcomms.com\/de\/wp-json\/wp\/v2\/media?parent=3799"}],"wp:term":[{"taxonomy":"product_brand","embeddable":true,"href":"https:\/\/raytalkcomms.com\/de\/wp-json\/wp\/v2\/product_brand?post=3799"},{"taxonomy":"product_cat","embeddable":true,"href":"https:\/\/raytalkcomms.com\/de\/wp-json\/wp\/v2\/product_cat?post=3799"},{"taxonomy":"product_tag","embeddable":true,"href":"https:\/\/raytalkcomms.com\/de\/wp-json\/wp\/v2\/product_tag?post=3799"}],"curies":[{"name":"wp","href":"https:\/\/api.w.org\/{rel}","templated":true}]}}