{"id":3760,"date":"2025-09-27T03:09:31","date_gmt":"2025-09-27T03:09:31","guid":{"rendered":"https:\/\/raytalkcomms.com\/?post_type=product&#038;p=3760"},"modified":"2025-12-19T11:21:25","modified_gmt":"2025-12-19T11:21:25","slug":"em-3449-2-way-radio-earpiece-with-mic","status":"publish","type":"product","link":"https:\/\/raytalkcomms.com\/de\/produkt\/em-3449-2-way-radio-earpiece-with-mic\/","title":{"rendered":"EM-3449 2-Wege-Radio-Ohrh\u00f6rer mit Mikrofon"},"content":{"rendered":"<p>Proven through testing and real user feedback, the EM-3449 2 way radio earpiece adopts a curved earhook design. Its soft rubber earpiece hook with an ear tip delivers dual comfort, making this radio ear piece an ideal radio communication earpiece for staff who need long hours of clear audio.<\/p>\n<h3>Merkmale:<\/h3>\n<ul>\n<li>Soft rubber E-34 earhook(S\/M\/L eartips optional)<\/li>\n<li>Lautsprecher mit hoher Leistung<\/li>\n<li>Schlanke Push-to-talk-Taste<\/li>\n<li>Zugentlastung an PTT und Stecker<\/li>\n<\/ul>\n<h3>Optionale Anpassungen:<\/h3>\n<p>Geformter Stecker f\u00fcr Motorola, Hytera, Kenwood und eine Vielzahl von Funkger\u00e4ten erh\u00e4ltlich<\/p>\n<h3>Vorteile:<\/h3>\n<p>In entertainment venues, retail, and hospitality, large teams often rotate and share the same gear, raising hygiene concerns. The EM-3449 2-way radios earpiece with optional removable ear tips solves this, while the radio earpiece with mic ensures clear, reliable communication.<\/p>","protected":false},"excerpt":{"rendered":"<p>The EM-3449 radio ear piece is a reliable 2 way radio earpiece designed for clear communication. Featuring a new E-34 earhook style with a slimline PTT, this radio earpiece with mic ensures comfort and stability, making it ideal for fast-paced business environments.<\/p>\n<div id=\"gtx-trans\" style=\"position: absolute; left: 383px; top: 15.2px;\">\n<div class=\"gtx-trans-icon\"><\/div>\n<\/div>","protected":false},"featured_media":3749,"template":"","meta":[],"product_brand":[],"product_cat":[214,215,306],"product_tag":[],"class_list":{"0":"post-3760","1":"product","2":"type-product","3":"status-publish","4":"has-post-thumbnail","6":"product_cat-two-way-radio-accessories","7":"product_cat-earpieces","8":"product_cat-1-wire-earpiece","10":"first","11":"instock","12":"shipping-taxable","13":"purchasable","14":"product-type-simple"},"_links":{"self":[{"href":"https:\/\/raytalkcomms.com\/de\/wp-json\/wp\/v2\/product\/3760","targetHints":{"allow":["GET"]}}],"collection":[{"href":"https:\/\/raytalkcomms.com\/de\/wp-json\/wp\/v2\/product"}],"about":[{"href":"https:\/\/raytalkcomms.com\/de\/wp-json\/wp\/v2\/types\/product"}],"wp:featuredmedia":[{"embeddable":true,"href":"https:\/\/raytalkcomms.com\/de\/wp-json\/wp\/v2\/media\/3749"}],"wp:attachment":[{"href":"https:\/\/raytalkcomms.com\/de\/wp-json\/wp\/v2\/media?parent=3760"}],"wp:term":[{"taxonomy":"product_brand","embeddable":true,"href":"https:\/\/raytalkcomms.com\/de\/wp-json\/wp\/v2\/product_brand?post=3760"},{"taxonomy":"product_cat","embeddable":true,"href":"https:\/\/raytalkcomms.com\/de\/wp-json\/wp\/v2\/product_cat?post=3760"},{"taxonomy":"product_tag","embeddable":true,"href":"https:\/\/raytalkcomms.com\/de\/wp-json\/wp\/v2\/product_tag?post=3760"}],"curies":[{"name":"wp","href":"https:\/\/api.w.org\/{rel}","templated":true}]}}