{"id":3716,"date":"2025-09-27T02:02:27","date_gmt":"2025-09-27T02:02:27","guid":{"rendered":"https:\/\/raytalkcomms.com\/?post_type=product&#038;p=3716"},"modified":"2025-11-24T09:47:55","modified_gmt":"2025-11-24T09:47:55","slug":"ph-hm100-aviation-helmets-with-headsets","status":"publish","type":"product","link":"https:\/\/raytalkcomms.com\/de\/produkt\/ph-hm100-aviation-helmets-with-headsets\/","title":{"rendered":"PH-HM100 Luftfahrthelme mit Headsets"},"content":{"rendered":"<p>Die PH-HM100 Fliegerhelme mit Headsets wurden f\u00fcr Gleitschirmfliegen, Motorschirmfliegen und Fallschirmspringen entwickelt. Im Gegensatz zu einem Standard-Flughelm bieten sie nicht nur Geh\u00f6rschutz, sondern auch Kommunikationsfunktionen, damit Piloten und Sportflieger mit dem Boden in Verbindung bleiben k\u00f6nnen. Sie bieten eine robuste, sto\u00dffeste Schale, die auch bei starkem Wind sicher bleibt. Mit den integrierten Steuerelementen des Headsets k\u00f6nnen die Piloten die Lautst\u00e4rke und die Kommunikation m\u00fchelos einstellen, w\u00e4hrend zwei Stecker die weltweite Kompatibilit\u00e4t mit Flugzeugen gew\u00e4hrleisten.<\/p>\n<h3>Merkmale:<\/h3>\n<ul>\n<li>Integriertes Helmvisier: Das durchsichtige Visier sch\u00fctzt vor Sonnenlicht, Wind und Schmutz und gew\u00e4hrleistet sicheres und komfortables Fliegen.<\/li>\n<li>Integriertes Aviation-Headset: Hochwertige Ohrmuscheln mit Mikrofon f\u00fcr klare Kommunikation w\u00e4hrend des Fluges.<\/li>\n<li>Doppelstecker-Anschluss: Standard-GA-Doppelstecker f\u00fcr zuverl\u00e4ssige Kompatibilit\u00e4t mit Intercom-Systemen in der Luftfahrt.<\/li>\n<li>Langlebige Konstruktion: Robustes Helmdesign, entwickelt f\u00fcr Gleitschirmfliegen, Ultraleicht- und Extremflugsportarten.<\/li>\n<li>Ganzt\u00e4giger Komfort: Leichter Aufbau mit gepolsterter Innenseite f\u00fcr langes Tragen ohne Erm\u00fcdung.<\/li>\n<li>Erh\u00f6hte Sicherheit: Bietet sowohl Kopfschutz als auch L\u00e4rmreduzierung und sorgt so f\u00fcr Sicherheit in anspruchsvollen Umgebungen.<\/li>\n<\/ul>\n<h3>Optionale Anpassungen:<\/h3>\n<ul>\n<li>Kundenspezifische Optionen zur Ger\u00e4uschreduzierung: Erh\u00e4ltlich mit passiver Ger\u00e4uschunterdr\u00fcckung (PNR) oder aktiver Ger\u00e4uschunterdr\u00fcckung (ANR), um den unterschiedlichen Bed\u00fcrfnissen der Piloten gerecht zu werden.<\/li>\n<\/ul>\n<h3>Vorteile:<\/h3>\n<p>Wir entwickeln Helm-Headsets f\u00fcr Luftsport-Profis und -Enthusiasten, darunter Motorschirmpiloten, Gleitschirmflieger und Fallschirmspringer. Diese Fliegerhelme mit Kopfh\u00f6rern sind in Europa und den USA auf Absprungpl\u00e4tzen, Startpl\u00e4tzen f\u00fcr Gleitschirmflieger und Freizeitflugpl\u00e4tzen weit verbreitet. Der PH-HM100 Fliegerhelm-Kopfh\u00f6rer wurde f\u00fcr Sicherheit und Kommunikation entwickelt und kombiniert sto\u00dffesten Schutz mit klarem Luftfahrt-Audio. Die zuverl\u00e4ssigen Flughelm-Headsets werden von RayTalk hergestellt und sind sowohl f\u00fcr OEM-Projekte als auch f\u00fcr Gro\u00dfauftr\u00e4ge erh\u00e4ltlich.<\/p>\n<div id=\"gtx-trans\" style=\"position: absolute; left: 79px; top: 396.225px;\">\n<div class=\"gtx-trans-icon\"><\/div>\n<\/div>","protected":false},"excerpt":{"rendered":"<p>Der RayTalk PH-HM100 Fliegerhelm mit Headset ist f\u00fcr Luftsportarten wie Gleitschirmfliegen, Motorschirmfliegen und Fallschirmspringen konzipiert. Dieses Headset f\u00fcr Gleitschirmflieger verf\u00fcgt \u00fcber ein integriertes festes Visier, das Ihren Kopf bei starkem Wind sch\u00fctzt und gleichzeitig f\u00fcr klare Kommunikation sorgt. W\u00e4hlen Sie zwischen PNR- und ANR-Ger\u00e4uschunterdr\u00fcckung, um Ihren Bed\u00fcrfnissen gerecht zu werden, beide sind vollst\u00e4ndig anpassbar. Eine magnetische Schnellverschlussschnalle sorgt f\u00fcr einen sicheren und m\u00fchelosen Verschluss. Weiche Ohr- und Kopfpolster sorgen bei Extremsportfl\u00fcgen f\u00fcr Komfort.<br \/>\nDas empfindliche Mikrofon sorgt daf\u00fcr, dass Piloten und Bodenpersonal auch unter schwierigen Bedingungen in Verbindung bleiben. Und die Doppelstecker funktionieren mit den meisten allgemeinen Flugzeugsystemen. Die RayTalk PH-HM100 Fliegerhelme mit Headsets bieten Komfort, Schutz und klare Kommunikation beim Luftsport.<\/p>","protected":false},"featured_media":3695,"template":"","meta":[],"product_brand":[],"product_cat":[208,243],"product_tag":[],"class_list":{"0":"post-3716","1":"product","2":"type-product","3":"status-publish","4":"has-post-thumbnail","6":"product_cat-aviation","7":"product_cat-helmet-headsets","9":"first","10":"instock","11":"shipping-taxable","12":"purchasable","13":"product-type-simple"},"_links":{"self":[{"href":"https:\/\/raytalkcomms.com\/de\/wp-json\/wp\/v2\/product\/3716","targetHints":{"allow":["GET"]}}],"collection":[{"href":"https:\/\/raytalkcomms.com\/de\/wp-json\/wp\/v2\/product"}],"about":[{"href":"https:\/\/raytalkcomms.com\/de\/wp-json\/wp\/v2\/types\/product"}],"wp:featuredmedia":[{"embeddable":true,"href":"https:\/\/raytalkcomms.com\/de\/wp-json\/wp\/v2\/media\/3695"}],"wp:attachment":[{"href":"https:\/\/raytalkcomms.com\/de\/wp-json\/wp\/v2\/media?parent=3716"}],"wp:term":[{"taxonomy":"product_brand","embeddable":true,"href":"https:\/\/raytalkcomms.com\/de\/wp-json\/wp\/v2\/product_brand?post=3716"},{"taxonomy":"product_cat","embeddable":true,"href":"https:\/\/raytalkcomms.com\/de\/wp-json\/wp\/v2\/product_cat?post=3716"},{"taxonomy":"product_tag","embeddable":true,"href":"https:\/\/raytalkcomms.com\/de\/wp-json\/wp\/v2\/product_tag?post=3716"}],"curies":[{"name":"wp","href":"https:\/\/api.w.org\/{rel}","templated":true}]}}