{"id":3715,"date":"2025-09-26T13:54:45","date_gmt":"2025-09-26T13:54:45","guid":{"rendered":"https:\/\/raytalkcomms.com\/?post_type=product&#038;p=3715"},"modified":"2025-12-19T13:20:33","modified_gmt":"2025-12-19T13:20:33","slug":"ph-100ak-childrens-airplane-headsets","status":"publish","type":"product","link":"https:\/\/raytalkcomms.com\/de\/produkt\/ph-100ak-childrens-airplane-headsets\/","title":{"rendered":"PH-100AK Kinderflugzeug-Headsets"},"content":{"rendered":"<p>Das PH-100AK Kinderflugzeug-Headset wurde f\u00fcr Kinder im Alter von 6-10 Jahren entwickelt und wiegt nur 389 g (13,9 Unzen), um den Druck auf kleine K\u00f6pfe zu minimieren. Als eines der leichtesten Headsets f\u00fcr die Fliegerei liefert es klaren Ton f\u00fcr die Kommunikation, mit einem geraden Kabeldesign f\u00fcr weniger Verhedderung und einer zus\u00e4tzlichen Audioschnittstelle f\u00fcr zus\u00e4tzliche Vielseitigkeit. Diese Headsets f\u00fcr Flugzeuge sind f\u00fcr Gro\u00dfbestellungen erh\u00e4ltlich und bieten Luftfahrtunternehmen eine zuverl\u00e4ssige und kosteng\u00fcnstige L\u00f6sung f\u00fcr Ausbildungsprogramme f\u00fcr Flugsch\u00fcler.<\/p>\n<h3>Merkmale:<\/h3>\n<ul>\n<li>Passive Ger\u00e4uschunterdr\u00fcckung (NRR): 23 dB<\/li>\n<li>Auxiliary-Audio-Schnittstelle<\/li>\n<li>Konzipiert f\u00fcr Kinder von 6 bis 10 Jahren<\/li>\n<li>Extra schmales Stirnband f\u00fcr perfekten Sitz<\/li>\n<li>Superbequemes Kissen f\u00fcr den Kopf<\/li>\n<li>Flexibler Mikrofonarm<\/li>\n<li>Gerade Schnur<\/li>\n<\/ul>\n<h3>Optionale Anpassungen:<\/h3>\n<ul>\n<li>Gel-\/Schaumstoff-Ohrdichtungen, Kunstleder-Polster k\u00f6nnen optional sein<\/li>\n<li>Schwarz, Blau, Gelb, Gr\u00fcn, Grau, Rosa, Rot, Orange<\/li>\n<\/ul>\n<h3>Vorteile:<\/h3>\n<p>Das PH-100AK Kinderflugzeug-Headset wurde entwickelt, um die besonderen Herausforderungen junger Flieger zu meistern. Als eines der besten Flugzeug-Headsets f\u00fcr Kinder kombiniert es eine leichte Konstruktion mit einer hervorragenden passiven Ger\u00e4uschunterdr\u00fcckung, die das Geh\u00f6r sch\u00fctzt und gleichzeitig einen klaren Klang gew\u00e4hrleistet. Die farbenfrohen Optionen machen das Fliegen f\u00fcr Kinder zum Vergn\u00fcgen und reduzieren Stress und Ablenkungen w\u00e4hrend des Unterrichts oder auf Reisen. F\u00fcr Unternehmen, die eine individuelle Anpassung w\u00fcnschen, k\u00f6nnen ODM-Projekte arrangiert werden, die es Schulen, Flugclubs und privaten Luftfahrtanbietern erm\u00f6glichen, das PH-100AK in ihr eigenes bestes Aviation-Headset f\u00fcr Kinder zu verwandeln.<\/p>","protected":false},"excerpt":{"rendered":"<p>Die PH-100AK Kinderflugzeug-Headsets sind leicht, kompakt und farbenfroh und bieten eine zuverl\u00e4ssige L\u00e4rmreduzierung f\u00fcr junge Passagiere in der privaten und allgemeinen Luftfahrt. Eltern und Fluglehrer machen sich oft Sorgen \u00fcber die L\u00e4rmbelastung, aber diese Kinderflugzeug-Headsets verwenden halb Gel, halb Schaumstoff-Ohrpolster, die weich, haltbar und sicher f\u00fcr junge Ohren sind. Starke Ohrmuscheldichtungen und robuste Geh\u00e4use reduzieren sch\u00e4dliche Ger\u00e4usche auf ein sicheres Niveau und gew\u00e4hrleisten so einen langfristigen Geh\u00f6rschutz.<\/p>\n<p>Mehrere helle Farboptionen, darunter blau, grau, gelb und rosa, machen Fl\u00fcge f\u00fcr Kinder angenehmer. Das Tragen der hellen Flugzeug-Headsets tr\u00e4gt dazu bei, dass sich Kinder w\u00e4hrend des Fluges wohlf\u00fchlen und konzentriert bleiben. So k\u00f6nnen Eltern und Fluglehrer sicherstellen, dass sie sich lange konzentrieren k\u00f6nnen, ohne unn\u00f6tig zu weinen oder abgelenkt zu werden. Die PH-100AK Kinderflugzeug-Headsets sind zertifiziert und getestet, was sie zu einer vertrauensw\u00fcrdigen Wahl f\u00fcr Luftfahrtprofis macht.<\/p>","protected":false},"featured_media":4194,"template":"","meta":[],"product_brand":[],"product_cat":[208,317],"product_tag":[],"class_list":{"0":"post-3715","1":"product","2":"type-product","3":"status-publish","4":"has-post-thumbnail","6":"product_cat-aviation","7":"product_cat-child-headset","9":"first","10":"instock","11":"shipping-taxable","12":"purchasable","13":"product-type-simple"},"_links":{"self":[{"href":"https:\/\/raytalkcomms.com\/de\/wp-json\/wp\/v2\/product\/3715","targetHints":{"allow":["GET"]}}],"collection":[{"href":"https:\/\/raytalkcomms.com\/de\/wp-json\/wp\/v2\/product"}],"about":[{"href":"https:\/\/raytalkcomms.com\/de\/wp-json\/wp\/v2\/types\/product"}],"wp:featuredmedia":[{"embeddable":true,"href":"https:\/\/raytalkcomms.com\/de\/wp-json\/wp\/v2\/media\/4194"}],"wp:attachment":[{"href":"https:\/\/raytalkcomms.com\/de\/wp-json\/wp\/v2\/media?parent=3715"}],"wp:term":[{"taxonomy":"product_brand","embeddable":true,"href":"https:\/\/raytalkcomms.com\/de\/wp-json\/wp\/v2\/product_brand?post=3715"},{"taxonomy":"product_cat","embeddable":true,"href":"https:\/\/raytalkcomms.com\/de\/wp-json\/wp\/v2\/product_cat?post=3715"},{"taxonomy":"product_tag","embeddable":true,"href":"https:\/\/raytalkcomms.com\/de\/wp-json\/wp\/v2\/product_tag?post=3715"}],"curies":[{"name":"wp","href":"https:\/\/api.w.org\/{rel}","templated":true}]}}