{"id":3677,"date":"2025-09-26T10:53:30","date_gmt":"2025-09-26T10:53:30","guid":{"rendered":"https:\/\/raytalkcomms.com\/?post_type=product&#038;p=3677"},"modified":"2026-03-02T07:34:46","modified_gmt":"2026-03-02T07:34:46","slug":"ph-600a-anr-aviation-headsets-with-bluetooth","status":"publish","type":"product","link":"https:\/\/raytalkcomms.com\/de\/produkt\/ph-600a-anr-aviation-headsets-with-bluetooth\/","title":{"rendered":"PH-600A ANR Aviation Headsets mit Bluetooth"},"content":{"rendered":"<p>Das PH-600 Bluetooth-Headset f\u00fcr die Luftfahrt besticht durch sein elegantes Aussehen und seine professionelle Qualit\u00e4t und ist damit eine wettbewerbsf\u00e4hige Wahl auf dem Markt f\u00fcr Headsets f\u00fcr die Luftfahrt. Es verf\u00fcgt \u00fcber einen neuen, komfortablen Kopfb\u00fcgel mit austauschbarem Polster f\u00fcr lange Haltbarkeit sowie \u00fcber hochempfindliche Mikrofone mit Ger\u00e4uschunterdr\u00fcckung, die f\u00fcr eine pr\u00e4zise Positionierung um 270\u00b0 drehbar sind. Die Ohrpolster aus Kunstleder sind weich und ergonomisch geformt und erm\u00f6glichen stundenlanges, erm\u00fcdungsfreies Tragen. F\u00fcr Berufspiloten, Fluglehrer und Luftfahrt-Profis bieten diese Aviation-Headsets hochwertige Leistung zu einem kosteng\u00fcnstigen Preis - mit dem Aussehen und dem Gef\u00fchl von Premium-Marken ohne Kompromisse.<\/p>\n<h3>Merkmale:<\/h3>\n<ul>\n<li>Aktive Ger\u00e4uschunterdr\u00fcckung (NRR): 29 dB<\/li>\n<li>Passive Ger\u00e4uschunterdr\u00fcckung (NRR): 23 dB<\/li>\n<li>Neuartiges komfortables Kopfband mit austauschbarem Polster<\/li>\n<li>Over-the-Head Verstellbares Edelstahlband<\/li>\n<li>Ohrenkissen aus Kunstleder<\/li>\n<li>Bluetooth-Steuerger\u00e4t f\u00fcr Musik und Telefonate<\/li>\n<li>270\u00b0 drehbares Silikonmikrofon<\/li>\n<li>Zus\u00e4tzlicher 3,5-mm-Audioeingang (Kabel im Lieferumfang enthalten)<\/li>\n<li>3-Wege-Audio-Priorit\u00e4tsschalter: A) Intercom-Priorit\u00e4t, B) Alle Audioquellen, C) Nur Intercom.<\/li>\n<li>3-farbige Power\/Batterie-Status-LED.<\/li>\n<li>4-Funktions-Bluetooth-Status-LED.<\/li>\n<li>Ben\u00f6tigt 2 AA-Batterien. (Batterien nicht enthalten)<\/li>\n<li>Hochgradig kompatible Doppelstecker<\/li>\n<\/ul>\n<h3>Vorteile:<\/h3>\n<p>F\u00fcr Piloten, die oft mit Cockpit-L\u00e4rm und langen Tragezeiten zu k\u00e4mpfen haben, bietet das PH-600A Aviation ANR-Headset dauerhaften Komfort und klaren Klang. Dieses Bluetooth-Headset f\u00fcr Flugzeuge ist sowohl f\u00fcr Kleinserien als auch f\u00fcr Gro\u00dfbestellungen geeignet und damit eine ideale L\u00f6sung f\u00fcr Ausbildungseinrichtungen, Fluggesellschaften und professionelle Crews.<\/p>","protected":false},"excerpt":{"rendered":"<p>Die PH-600A Aviation-Headsets kombinieren fortschrittliche ANR-Headset-Technologie mit Bluetooth-F\u00e4higkeit f\u00fcr kristallklare Kommunikation. Eine integrierte Bluetooth-Steuerungsbox sorgt f\u00fcr einfache Konnektivit\u00e4t, w\u00e4hrend die aktive Ger\u00e4uschunterdr\u00fcckung f\u00fcr ein au\u00dfergew\u00f6hnlich leises Cockpit sorgt. Diese auf Komfort und Leistung ausgelegten Headsets passen in die meisten Flugzeugtypen und bieten Piloten zuverl\u00e4ssigen Klang und nahtlosen kabellosen Betrieb.<\/p>","protected":false},"featured_media":4195,"template":"","meta":[],"product_brand":[],"product_cat":[208,314,320],"product_tag":[],"class_list":{"0":"post-3677","1":"product","2":"type-product","3":"status-publish","4":"has-post-thumbnail","6":"product_cat-aviation","7":"product_cat-fixed-wing","8":"product_cat-bluetooth-fixed-wing","10":"first","11":"instock","12":"shipping-taxable","13":"purchasable","14":"product-type-simple"},"_links":{"self":[{"href":"https:\/\/raytalkcomms.com\/de\/wp-json\/wp\/v2\/product\/3677","targetHints":{"allow":["GET"]}}],"collection":[{"href":"https:\/\/raytalkcomms.com\/de\/wp-json\/wp\/v2\/product"}],"about":[{"href":"https:\/\/raytalkcomms.com\/de\/wp-json\/wp\/v2\/types\/product"}],"wp:featuredmedia":[{"embeddable":true,"href":"https:\/\/raytalkcomms.com\/de\/wp-json\/wp\/v2\/media\/4195"}],"wp:attachment":[{"href":"https:\/\/raytalkcomms.com\/de\/wp-json\/wp\/v2\/media?parent=3677"}],"wp:term":[{"taxonomy":"product_brand","embeddable":true,"href":"https:\/\/raytalkcomms.com\/de\/wp-json\/wp\/v2\/product_brand?post=3677"},{"taxonomy":"product_cat","embeddable":true,"href":"https:\/\/raytalkcomms.com\/de\/wp-json\/wp\/v2\/product_cat?post=3677"},{"taxonomy":"product_tag","embeddable":true,"href":"https:\/\/raytalkcomms.com\/de\/wp-json\/wp\/v2\/product_tag?post=3677"}],"curies":[{"name":"wp","href":"https:\/\/api.w.org\/{rel}","templated":true}]}}