{"id":3508,"date":"2025-09-26T02:01:37","date_gmt":"2025-09-26T02:01:37","guid":{"rendered":"https:\/\/raytalkcomms.com\/?post_type=product&#038;p=3508"},"modified":"2025-12-04T13:06:33","modified_gmt":"2025-12-04T13:06:33","slug":"rsm-151-cc-light-weight-shoulder-mic-for-walkie-talkie","status":"publish","type":"product","link":"https:\/\/raytalkcomms.com\/de\/produkt\/rsm-151-cc-light-weight-shoulder-mic-for-walkie-talkie\/","title":{"rendered":"RSM-151\/CC Leichtes Schultermikrofon f\u00fcr Walkie Talkie"},"content":{"rendered":"<p>Unser leichtes Fernmikrofon RSM-151 ist ein neues Design f\u00fcr POC Walkie-Talkie-Funkger\u00e4te, wie Motorola, Kenwood, Icom usw. Dies ist ein unverzichtbares Zubeh\u00f6r f\u00fcr Arbeiter\/Polizei\/Sicherheit, die ihr Funkger\u00e4t h\u00e4ufig benutzen m\u00fcssen und nicht riskieren wollen, ihr Funkger\u00e4t jedes Mal fallen zu lassen, wenn sie sprechen wollen, und ihre H\u00e4nde f\u00fcr andere Dinge frei haben.<\/p>\n<h3>Merkmale:<\/h3>\n<ul>\n<li>PTT-Ausf\u00fchrung<\/li>\n<li>Front-Mikrofon<\/li>\n<li>Lautsprecher mit hoher Ausgangsleistung<\/li>\n<li>Eingebauter 500mAh-Akku<\/li>\n<li>Mit einem robusten, um 360 Grad drehbaren G\u00fcrtelclip<\/li>\n<li>3,5-mm-Audio-Zubeh\u00f6rbuchse<\/li>\n<\/ul>\n<h3>Optionale Anpassungen:<\/h3>\n<ul>\n<li>Ein Leistungsverst\u00e4rkerschalter<\/li>\n<li>Ein Typ-C-Ladeanschluss<\/li>\n<\/ul>\n<h3>Vorteile:<\/h3>\n<p>Das RSM-151 kann sowohl als Handmikrofon als auch als Schultermikrofon verwendet werden und bietet so die Flexibilit\u00e4t eines zuverl\u00e4ssigen Schultermikrofons. Es funktioniert nahtlos in einem Zwei-Wege-Funkger\u00e4t mit Mikrofon-Setup und bietet eine Leistung, die mit den Original-Funkmikrofonen von Kenwood vergleichbar ist, und kombiniert klaren Klang mit leichtem Komfort.<\/p>","protected":false},"excerpt":{"rendered":"<p>Das RSM-151\/CC ist ein leichtes, ferngesteuertes Schultermikrofon f\u00fcr Walkie-Talkies und bietet Profis eine zuverl\u00e4ssige M\u00f6glichkeit, in jeder Situation klar und deutlich zu kommunizieren. Als vielseitiges Schultermikrofon l\u00e4sst sich das RSM-151\/CC sicher an der Uniform befestigen, so dass es freih\u00e4ndig benutzt werden kann. Es ist ein leichtes 2-Wege-Funkmikrofon, das auch \u00fcber viele Stunden hinweg bequem und langlebig bleibt. Dieses praktische Mikrofon f\u00fcr Walkie-Talkie-Benutzer kombiniert eine robuste Bauweise mit klarem Klang, was es zu einem verl\u00e4sslichen Werkzeug in der \u00f6ffentlichen Sicherheit, auf dem Bau und bei Sicherheitsarbeiten macht.<\/p>","protected":false},"featured_media":3414,"template":"","meta":[],"product_brand":[],"product_cat":[214,216],"product_tag":[],"class_list":{"0":"post-3508","1":"product","2":"type-product","3":"status-publish","4":"has-post-thumbnail","6":"product_cat-two-way-radio-accessories","7":"product_cat-speaker-microphone","9":"first","10":"instock","11":"shipping-taxable","12":"purchasable","13":"product-type-simple"},"_links":{"self":[{"href":"https:\/\/raytalkcomms.com\/de\/wp-json\/wp\/v2\/product\/3508","targetHints":{"allow":["GET"]}}],"collection":[{"href":"https:\/\/raytalkcomms.com\/de\/wp-json\/wp\/v2\/product"}],"about":[{"href":"https:\/\/raytalkcomms.com\/de\/wp-json\/wp\/v2\/types\/product"}],"wp:featuredmedia":[{"embeddable":true,"href":"https:\/\/raytalkcomms.com\/de\/wp-json\/wp\/v2\/media\/3414"}],"wp:attachment":[{"href":"https:\/\/raytalkcomms.com\/de\/wp-json\/wp\/v2\/media?parent=3508"}],"wp:term":[{"taxonomy":"product_brand","embeddable":true,"href":"https:\/\/raytalkcomms.com\/de\/wp-json\/wp\/v2\/product_brand?post=3508"},{"taxonomy":"product_cat","embeddable":true,"href":"https:\/\/raytalkcomms.com\/de\/wp-json\/wp\/v2\/product_cat?post=3508"},{"taxonomy":"product_tag","embeddable":true,"href":"https:\/\/raytalkcomms.com\/de\/wp-json\/wp\/v2\/product_tag?post=3508"}],"curies":[{"name":"wp","href":"https:\/\/api.w.org\/{rel}","templated":true}]}}