{"id":6743,"date":"2026-01-07T13:00:33","date_gmt":"2026-01-07T13:00:33","guid":{"rendered":"https:\/\/raytalkcomms.com\/?page_id=6743"},"modified":"2026-03-17T09:19:48","modified_gmt":"2026-03-17T09:19:48","slug":"meet-the-team","status":"publish","type":"page","link":"https:\/\/raytalkcomms.com\/de\/about-us\/meet-the-team\/","title":{"rendered":"Treffen Sie das Team"},"content":{"rendered":"<div data-elementor-type=\"wp-page\" data-elementor-id=\"6743\" class=\"elementor elementor-6743\" data-elementor-post-type=\"page\">\n\t\t\t\t<div class=\"elementor-element elementor-element-7c1b4c0 e-grid e-con-boxed e-con e-parent\" data-id=\"7c1b4c0\" data-element_type=\"container\" data-settings=\"{&quot;background_background&quot;:&quot;classic&quot;}\">\n\t\t\t\t\t<div class=\"e-con-inner\">\n\t\t<div class=\"elementor-element elementor-element-c304c4f e-con-full e-flex e-con e-child\" data-id=\"c304c4f\" data-element_type=\"container\">\n\t\t\t\t<div class=\"elementor-element elementor-element-4980505 elementor-widget elementor-widget-heading\" data-id=\"4980505\" data-element_type=\"widget\" data-widget_type=\"heading.default\">\n\t\t\t\t<div class=\"elementor-widget-container\">\n\t\t\t\t\t<h2 class=\"elementor-heading-title elementor-size-default\">Treffen Sie das Team<\/h2>\t\t\t\t<\/div>\n\t\t\t\t<\/div>\n\t\t\t\t<div class=\"elementor-element elementor-element-af93c84 elementor-widget elementor-widget-text-editor\" data-id=\"af93c84\" data-element_type=\"widget\" data-widget_type=\"text-editor.default\">\n\t\t\t\t<div class=\"elementor-widget-container\">\n\t\t\t\t\t\t\t\t\t<p>Lernen Sie die Menschen kennen, die unsere Kultur und Zukunft gestalten.<\/p>\t\t\t\t\t\t\t\t<\/div>\n\t\t\t\t<\/div>\n\t\t\t\t<\/div>\n\t\t\t\t\t<\/div>\n\t\t\t\t<\/div>\n\t\t<div class=\"elementor-element elementor-element-99fef2b e-flex e-con-boxed e-con e-parent\" data-id=\"99fef2b\" data-element_type=\"container\">\n\t\t\t\t\t<div class=\"e-con-inner\">\n\t\t\t\t<div class=\"elementor-element elementor-element-6f1aa25 elementor-widget elementor-widget-heading\" data-id=\"6f1aa25\" data-element_type=\"widget\" data-widget_type=\"heading.default\">\n\t\t\t\t<div class=\"elementor-widget-container\">\n\t\t\t\t\t<h2 class=\"elementor-heading-title elementor-size-default\">F\u00fchrungsteam<\/h2>\t\t\t\t<\/div>\n\t\t\t\t<\/div>\n\t\t\t\t<div class=\"elementor-element elementor-element-c2a078c elementor-widget__width-initial elementor-widget elementor-widget-text-editor\" data-id=\"c2a078c\" data-element_type=\"widget\" data-widget_type=\"text-editor.default\">\n\t\t\t\t<div class=\"elementor-widget-container\">\n\t\t\t\t\t\t\t\t\t<p>Bei RayTalk Communications ist man sich dar\u00fcber im Klaren, dass ein Unternehmen selbst mit den besten Produkten, die je entwickelt wurden, nur so erfolgreich ist wie sein Team aus engagierten Mitarbeitern.<\/p>\t\t\t\t\t\t\t\t<\/div>\n\t\t\t\t<\/div>\n\t\t\t\t\t<\/div>\n\t\t\t\t<\/div>\n\t\t<div class=\"elementor-element elementor-element-242798c e-flex e-con-boxed e-con e-parent\" data-id=\"242798c\" data-element_type=\"container\">\n\t\t\t\t\t<div class=\"e-con-inner\">\n\t\t<div class=\"elementor-element elementor-element-3c6e880 e-con-full e-flex e-con e-child\" data-id=\"3c6e880\" data-element_type=\"container\">\n\t\t<div class=\"elementor-element elementor-element-24cb2de e-con-full e-flex e-con e-child\" data-id=\"24cb2de\" data-element_type=\"container\">\n\t\t<div class=\"elementor-element elementor-element-0c492c2 e-flex e-con-boxed e-con e-child\" data-id=\"0c492c2\" data-element_type=\"container\">\n\t\t\t\t\t<div class=\"e-con-inner\">\n\t\t\t\t<div class=\"elementor-element elementor-element-5f52bee elementor-widget elementor-widget-image\" data-id=\"5f52bee\" data-element_type=\"widget\" data-widget_type=\"image.default\">\n\t\t\t\t<div class=\"elementor-widget-container\">\n\t\t\t\t\t\t\t\t\t\t\t\t\t\t\t<img fetchpriority=\"high\" decoding=\"async\" width=\"600\" height=\"825\" src=\"https:\/\/raytalkcomms.com\/wp-content\/uploads\/2025\/09\/raytalk-team-3.jpg\" class=\"attachment-large size-large wp-image-3041\" alt=\"\" srcset=\"https:\/\/raytalkcomms.com\/wp-content\/uploads\/2025\/09\/raytalk-team-3.jpg 600w, https:\/\/raytalkcomms.com\/wp-content\/uploads\/2025\/09\/raytalk-team-3-218x300.jpg 218w\" sizes=\"(max-width: 600px) 100vw, 600px\" \/>\t\t\t\t\t\t\t\t\t\t\t\t\t\t\t<\/div>\n\t\t\t\t<\/div>\n\t\t<div class=\"elementor-element elementor-element-e757156 e-con-full e-flex e-con e-child\" data-id=\"e757156\" data-element_type=\"container\">\n\t\t\t\t<div class=\"elementor-element elementor-element-1ef43f4 elementor-widget elementor-widget-heading\" data-id=\"1ef43f4\" data-element_type=\"widget\" data-widget_type=\"heading.default\">\n\t\t\t\t<div class=\"elementor-widget-container\">\n\t\t\t\t\t<h3 class=\"elementor-heading-title elementor-size-default\"><h3 data-elementor-setting-key=\"title\" data-pen-placeholder=\"\u5728\u6b64\u8f93\u5165...\" style=\"--theme-font-size: 30px;--theme-line-height: 1.5;font-style: normal;font-weight: 700;font-size: 20px;, sans-serif;letter-spacing: normal;text-transform: none;text-decoration: none;margin-block-end: 16px;text-align: center\">Herr Jingping Lei (Kim)<span style=\"font-size: 30px;text-align: start\"><\/span><\/h3><\/h3>\t\t\t\t<\/div>\n\t\t\t\t<\/div>\n\t\t\t\t<div class=\"elementor-element elementor-element-7bd28b0 elementor-widget elementor-widget-text-editor\" data-id=\"7bd28b0\" data-element_type=\"widget\" data-widget_type=\"text-editor.default\">\n\t\t\t\t<div class=\"elementor-widget-container\">\n\t\t\t\t\t\t\t\t\t<p>Gr\u00fcnder\/Gesch\u00e4ftsf\u00fchrer<\/p>\t\t\t\t\t\t\t\t<\/div>\n\t\t\t\t<\/div>\n\t\t\t\t<\/div>\n\t\t\t\t\t<\/div>\n\t\t\t\t<\/div>\n\t\t\t\t<\/div>\n\t\t<div class=\"elementor-element elementor-element-a2f3738 e-con-full e-flex e-con e-child\" data-id=\"a2f3738\" data-element_type=\"container\">\n\t\t<div class=\"elementor-element elementor-element-c1df5e3 e-flex e-con-boxed e-con e-child\" data-id=\"c1df5e3\" data-element_type=\"container\">\n\t\t\t\t\t<div class=\"e-con-inner\">\n\t\t\t\t<div class=\"elementor-element elementor-element-2d3f0e9 elementor-widget elementor-widget-image\" data-id=\"2d3f0e9\" data-element_type=\"widget\" data-widget_type=\"image.default\">\n\t\t\t\t<div class=\"elementor-widget-container\">\n\t\t\t\t\t\t\t\t\t\t\t\t\t\t\t<img decoding=\"async\" width=\"600\" height=\"825\" src=\"https:\/\/raytalkcomms.com\/wp-content\/uploads\/2025\/09\/raytalk-team-2.jpg\" class=\"attachment-large size-large wp-image-3043\" alt=\"\" srcset=\"https:\/\/raytalkcomms.com\/wp-content\/uploads\/2025\/09\/raytalk-team-2.jpg 600w, https:\/\/raytalkcomms.com\/wp-content\/uploads\/2025\/09\/raytalk-team-2-218x300.jpg 218w\" sizes=\"(max-width: 600px) 100vw, 600px\" \/>\t\t\t\t\t\t\t\t\t\t\t\t\t\t\t<\/div>\n\t\t\t\t<\/div>\n\t\t<div class=\"elementor-element elementor-element-fde7aa2 e-con-full e-flex e-con e-child\" data-id=\"fde7aa2\" data-element_type=\"container\">\n\t\t\t\t<div class=\"elementor-element elementor-element-9af79c9 elementor-widget elementor-widget-heading\" data-id=\"9af79c9\" data-element_type=\"widget\" data-widget_type=\"heading.default\">\n\t\t\t\t<div class=\"elementor-widget-container\">\n\t\t\t\t\t<h3 class=\"elementor-heading-title elementor-size-default\"><h3 data-elementor-setting-key=\"title\" data-pen-placeholder=\"\u5728\u6b64\u8f93\u5165...\" style=\"--theme-font-size: 30px;--theme-line-height: 1.5;font-style: normal;font-weight: 700;font-size: 20px;, sans-serif;letter-spacing: normal;text-transform: none;text-decoration: none;margin-block-end: 16px;text-align: center\">Lisha Wong (Ailsa)<span style=\"font-size: 30px;text-align: start\"><\/span><\/h3><\/h3>\t\t\t\t<\/div>\n\t\t\t\t<\/div>\n\t\t\t\t<div class=\"elementor-element elementor-element-7908ec3 elementor-widget elementor-widget-text-editor\" data-id=\"7908ec3\" data-element_type=\"widget\" data-widget_type=\"text-editor.default\">\n\t\t\t\t<div class=\"elementor-widget-container\">\n\t\t\t\t\t\t\t\t\t<p>Vizepr\u00e4sident des Vertriebs<\/p>\t\t\t\t\t\t\t\t<\/div>\n\t\t\t\t<\/div>\n\t\t\t\t<\/div>\n\t\t\t\t\t<\/div>\n\t\t\t\t<\/div>\n\t\t\t\t<\/div>\n\t\t<div class=\"elementor-element elementor-element-1f8cf7f e-con-full e-flex e-con e-child\" data-id=\"1f8cf7f\" data-element_type=\"container\">\n\t\t<div class=\"elementor-element elementor-element-b77809a e-flex e-con-boxed e-con e-child\" data-id=\"b77809a\" data-element_type=\"container\">\n\t\t\t\t\t<div class=\"e-con-inner\">\n\t\t\t\t<div class=\"elementor-element elementor-element-6fddbf8 elementor-widget elementor-widget-image\" data-id=\"6fddbf8\" data-element_type=\"widget\" data-widget_type=\"image.default\">\n\t\t\t\t<div class=\"elementor-widget-container\">\n\t\t\t\t\t\t\t\t\t\t\t\t\t\t\t<img decoding=\"async\" width=\"600\" height=\"825\" src=\"https:\/\/raytalkcomms.com\/wp-content\/uploads\/2026\/01\/Howard.jpg\" class=\"attachment-large size-large wp-image-6747\" alt=\"General Manager Assistant \/ HR Director\" srcset=\"https:\/\/raytalkcomms.com\/wp-content\/uploads\/2026\/01\/Howard.jpg 600w, https:\/\/raytalkcomms.com\/wp-content\/uploads\/2026\/01\/Howard-218x300.jpg 218w\" sizes=\"(max-width: 600px) 100vw, 600px\" \/>\t\t\t\t\t\t\t\t\t\t\t\t\t\t\t<\/div>\n\t\t\t\t<\/div>\n\t\t<div class=\"elementor-element elementor-element-d411801 e-con-full e-flex e-con e-child\" data-id=\"d411801\" data-element_type=\"container\">\n\t\t\t\t<div class=\"elementor-element elementor-element-e6298cb elementor-widget elementor-widget-heading\" data-id=\"e6298cb\" data-element_type=\"widget\" data-widget_type=\"heading.default\">\n\t\t\t\t<div class=\"elementor-widget-container\">\n\t\t\t\t\t<h3 class=\"elementor-heading-title elementor-size-default\"><h3 data-elementor-setting-key=\"title\" data-pen-placeholder=\"\u5728\u6b64\u8f93\u5165...\" style=\"--theme-font-size: 30px;--theme-line-height: 1.5;font-style: normal;font-weight: 700;font-size: 20px;, sans-serif;letter-spacing: normal;text-transform: none;text-decoration: none;margin-block-end: 16px;text-align: center\">Houfa Huang(Howard)<span style=\"font-size: 30px;text-align: start\"><\/span><\/h3><\/h3>\t\t\t\t<\/div>\n\t\t\t\t<\/div>\n\t\t\t\t<div class=\"elementor-element elementor-element-9f62315 elementor-widget elementor-widget-text-editor\" data-id=\"9f62315\" data-element_type=\"widget\" data-widget_type=\"text-editor.default\">\n\t\t\t\t<div class=\"elementor-widget-container\">\n\t\t\t\t\t\t\t\t\t<p>General Manager Assistant \/ HR Director<\/p>\t\t\t\t\t\t\t\t<\/div>\n\t\t\t\t<\/div>\n\t\t\t\t<\/div>\n\t\t\t\t\t<\/div>\n\t\t\t\t<\/div>\n\t\t\t\t<\/div>\n\t\t\t\t<\/div>\n\t\t<div class=\"elementor-element elementor-element-a08fd5b e-con-full e-flex e-con e-child\" data-id=\"a08fd5b\" data-element_type=\"container\">\n\t\t<div class=\"elementor-element elementor-element-628c1eb e-con-full e-flex e-con e-child\" data-id=\"628c1eb\" data-element_type=\"container\">\n\t\t<div class=\"elementor-element elementor-element-6d4d6ea e-flex e-con-boxed e-con e-child\" data-id=\"6d4d6ea\" data-element_type=\"container\">\n\t\t\t\t\t<div class=\"e-con-inner\">\n\t\t\t\t<div class=\"elementor-element elementor-element-b2a0bb7 elementor-widget elementor-widget-image\" data-id=\"b2a0bb7\" data-element_type=\"widget\" data-widget_type=\"image.default\">\n\t\t\t\t<div class=\"elementor-widget-container\">\n\t\t\t\t\t\t\t\t\t\t\t\t\t\t\t<img loading=\"lazy\" decoding=\"async\" width=\"600\" height=\"825\" src=\"https:\/\/raytalkcomms.com\/wp-content\/uploads\/2025\/12\/Head-of-Production-Management-Center.jpg\" class=\"attachment-large size-large wp-image-5516\" alt=\"raytalk team: Head of Production Management Center\" srcset=\"https:\/\/raytalkcomms.com\/wp-content\/uploads\/2025\/12\/Head-of-Production-Management-Center.jpg 600w, https:\/\/raytalkcomms.com\/wp-content\/uploads\/2025\/12\/Head-of-Production-Management-Center-218x300.jpg 218w, https:\/\/raytalkcomms.com\/wp-content\/uploads\/2025\/12\/Head-of-Production-Management-Center-9x12.jpg 9w\" sizes=\"(max-width: 600px) 100vw, 600px\" \/>\t\t\t\t\t\t\t\t\t\t\t\t\t\t\t<\/div>\n\t\t\t\t<\/div>\n\t\t<div class=\"elementor-element elementor-element-7acb4b4 e-con-full e-flex e-con e-child\" data-id=\"7acb4b4\" data-element_type=\"container\">\n\t\t\t\t<div class=\"elementor-element elementor-element-e63d465 elementor-widget elementor-widget-heading\" data-id=\"e63d465\" data-element_type=\"widget\" data-widget_type=\"heading.default\">\n\t\t\t\t<div class=\"elementor-widget-container\">\n\t\t\t\t\t<h3 class=\"elementor-heading-title elementor-size-default\"><h3 data-elementor-setting-key=\"title\" data-pen-placeholder=\"\u5728\u6b64\u8f93\u5165...\" style=\"--theme-font-size: 30px;--theme-line-height: 1.5;font-style: normal;font-weight: 700;font-size: 20px;, sans-serif;letter-spacing: normal;text-transform: none;text-decoration: none;margin-block-end: 16px;text-align: center\">Tian Xiao<span style=\"font-size: 30px;text-align: start\"><\/span><\/h3><\/h3>\t\t\t\t<\/div>\n\t\t\t\t<\/div>\n\t\t\t\t<div class=\"elementor-element elementor-element-5ccf1d8 elementor-widget elementor-widget-text-editor\" data-id=\"5ccf1d8\" data-element_type=\"widget\" data-widget_type=\"text-editor.default\">\n\t\t\t\t<div class=\"elementor-widget-container\">\n\t\t\t\t\t\t\t\t\t<p data-pm-slice=\"1 1 []\">Produktionsleiter<\/p>\t\t\t\t\t\t\t\t<\/div>\n\t\t\t\t<\/div>\n\t\t\t\t<\/div>\n\t\t\t\t\t<\/div>\n\t\t\t\t<\/div>\n\t\t\t\t<\/div>\n\t\t<div class=\"elementor-element elementor-element-05c9bc7 e-con-full e-flex e-con e-child\" data-id=\"05c9bc7\" data-element_type=\"container\">\n\t\t<div class=\"elementor-element elementor-element-ac88861 e-flex e-con-boxed e-con e-child\" data-id=\"ac88861\" data-element_type=\"container\">\n\t\t\t\t\t<div class=\"e-con-inner\">\n\t\t\t\t<div class=\"elementor-element elementor-element-2c80ff0 elementor-widget elementor-widget-image\" data-id=\"2c80ff0\" data-element_type=\"widget\" data-widget_type=\"image.default\">\n\t\t\t\t<div class=\"elementor-widget-container\">\n\t\t\t\t\t\t\t\t\t\t\t\t\t\t\t<img loading=\"lazy\" decoding=\"async\" width=\"600\" height=\"825\" src=\"https:\/\/raytalkcomms.com\/wp-content\/uploads\/2025\/12\/RD-Supervisor.jpg\" class=\"attachment-large size-large wp-image-5518\" alt=\"R&amp;D Supervisor\" srcset=\"https:\/\/raytalkcomms.com\/wp-content\/uploads\/2025\/12\/RD-Supervisor.jpg 600w, https:\/\/raytalkcomms.com\/wp-content\/uploads\/2025\/12\/RD-Supervisor-218x300.jpg 218w, https:\/\/raytalkcomms.com\/wp-content\/uploads\/2025\/12\/RD-Supervisor-9x12.jpg 9w\" sizes=\"(max-width: 600px) 100vw, 600px\" \/>\t\t\t\t\t\t\t\t\t\t\t\t\t\t\t<\/div>\n\t\t\t\t<\/div>\n\t\t<div class=\"elementor-element elementor-element-57844fa e-con-full e-flex e-con e-child\" data-id=\"57844fa\" data-element_type=\"container\">\n\t\t\t\t<div class=\"elementor-element elementor-element-d01f6f5 elementor-widget elementor-widget-heading\" data-id=\"d01f6f5\" data-element_type=\"widget\" data-widget_type=\"heading.default\">\n\t\t\t\t<div class=\"elementor-widget-container\">\n\t\t\t\t\t<h3 class=\"elementor-heading-title elementor-size-default\"><h3 data-elementor-setting-key=\"title\" data-pen-placeholder=\"\u5728\u6b64\u8f93\u5165...\" style=\"--theme-font-size: 30px;--theme-line-height: 1.5;font-style: normal;font-weight: 700;font-size: 20px;, sans-serif;letter-spacing: normal;text-transform: none;text-decoration: none;margin-block-end: 16px;text-align: center\">Wei Zhang(Sam)<span style=\"font-size: 30px;text-align: start\"><\/span><\/h3><\/h3>\t\t\t\t<\/div>\n\t\t\t\t<\/div>\n\t\t\t\t<div class=\"elementor-element elementor-element-8f021a1 elementor-widget elementor-widget-text-editor\" data-id=\"8f021a1\" data-element_type=\"widget\" data-widget_type=\"text-editor.default\">\n\t\t\t\t<div class=\"elementor-widget-container\">\n\t\t\t\t\t\t\t\t\t<p>F&amp;E-Direktor<\/p>\t\t\t\t\t\t\t\t<\/div>\n\t\t\t\t<\/div>\n\t\t\t\t<\/div>\n\t\t\t\t\t<\/div>\n\t\t\t\t<\/div>\n\t\t\t\t<\/div>\n\t\t<div class=\"elementor-element elementor-element-7c72b84 e-con-full e-flex e-con e-child\" data-id=\"7c72b84\" data-element_type=\"container\">\n\t\t<div class=\"elementor-element elementor-element-42516b6 e-flex e-con-boxed e-con e-child\" data-id=\"42516b6\" data-element_type=\"container\">\n\t\t\t\t\t<div class=\"e-con-inner\">\n\t\t\t\t<div class=\"elementor-element elementor-element-38193a0 elementor-widget elementor-widget-image\" data-id=\"38193a0\" data-element_type=\"widget\" data-widget_type=\"image.default\">\n\t\t\t\t<div class=\"elementor-widget-container\">\n\t\t\t\t\t\t\t\t\t\t\t\t\t\t\t<img loading=\"lazy\" decoding=\"async\" width=\"600\" height=\"825\" src=\"https:\/\/raytalkcomms.com\/wp-content\/uploads\/2025\/12\/Tooling-Division-Manager.jpg\" class=\"attachment-large size-large wp-image-5515\" alt=\"Tooling Fabrication Supervisor\" srcset=\"https:\/\/raytalkcomms.com\/wp-content\/uploads\/2025\/12\/Tooling-Division-Manager.jpg 600w, https:\/\/raytalkcomms.com\/wp-content\/uploads\/2025\/12\/Tooling-Division-Manager-218x300.jpg 218w, https:\/\/raytalkcomms.com\/wp-content\/uploads\/2025\/12\/Tooling-Division-Manager-9x12.jpg 9w\" sizes=\"(max-width: 600px) 100vw, 600px\" \/>\t\t\t\t\t\t\t\t\t\t\t\t\t\t\t<\/div>\n\t\t\t\t<\/div>\n\t\t<div class=\"elementor-element elementor-element-25f25cb e-con-full e-flex e-con e-child\" data-id=\"25f25cb\" data-element_type=\"container\">\n\t\t\t\t<div class=\"elementor-element elementor-element-61abf6f elementor-widget elementor-widget-heading\" data-id=\"61abf6f\" data-element_type=\"widget\" data-widget_type=\"heading.default\">\n\t\t\t\t<div class=\"elementor-widget-container\">\n\t\t\t\t\t<h3 class=\"elementor-heading-title elementor-size-default\"><h3 data-elementor-setting-key=\"title\" data-pen-placeholder=\"\u5728\u6b64\u8f93\u5165...\" style=\"--theme-font-size: 30px;--theme-line-height: 1.5;font-style: normal;font-weight: 700;font-size: 20px;, sans-serif;letter-spacing: normal;text-transform: none;text-decoration: none;margin-block-end: 16px;text-align: center\">Lei Huang<span style=\"font-size: 30px;text-align: start\"><\/span><\/h3><\/h3>\t\t\t\t<\/div>\n\t\t\t\t<\/div>\n\t\t\t\t<div class=\"elementor-element elementor-element-5f12043 elementor-widget elementor-widget-text-editor\" data-id=\"5f12043\" data-element_type=\"widget\" data-widget_type=\"text-editor.default\">\n\t\t\t\t<div class=\"elementor-widget-container\">\n\t\t\t\t\t\t\t\t\t<p>Direktor Werkzeugbau<\/p>\t\t\t\t\t\t\t\t<\/div>\n\t\t\t\t<\/div>\n\t\t\t\t<\/div>\n\t\t\t\t\t<\/div>\n\t\t\t\t<\/div>\n\t\t\t\t<\/div>\n\t\t\t\t<\/div>\n\t\t\t\t\t<\/div>\n\t\t\t\t<\/div>\n\t\t<div class=\"elementor-element elementor-element-ea9b489 e-flex e-con-boxed e-con e-parent\" data-id=\"ea9b489\" data-element_type=\"container\">\n\t\t\t\t\t<div class=\"e-con-inner\">\n\t\t\t\t<div class=\"elementor-element elementor-element-ae4a4cf elementor-widget elementor-widget-heading\" data-id=\"ae4a4cf\" data-element_type=\"widget\" data-widget_type=\"heading.default\">\n\t\t\t\t<div class=\"elementor-widget-container\">\n\t\t\t\t\t<h2 class=\"elementor-heading-title elementor-size-default\">Verkaufsteam<\/h2>\t\t\t\t<\/div>\n\t\t\t\t<\/div>\n\t\t\t\t<div class=\"elementor-element elementor-element-0fd83b1 elementor-widget__width-initial elementor-widget elementor-widget-text-editor\" data-id=\"0fd83b1\" data-element_type=\"widget\" data-widget_type=\"text-editor.default\">\n\t\t\t\t<div class=\"elementor-widget-container\">\n\t\t\t\t\t\t\t\t\t<p>Bei RayTalk Communications wird unser Vertriebsteam durch Vertrauen, Einsicht und ein tiefes Verst\u00e4ndnis f\u00fcr die Bed\u00fcrfnisse unserer Kunden angetrieben - so werden aus Beziehungen langfristige Werte.<\/p>\t\t\t\t\t\t\t\t<\/div>\n\t\t\t\t<\/div>\n\t\t\t\t\t<\/div>\n\t\t\t\t<\/div>\n\t\t<div class=\"elementor-element elementor-element-473fd47 e-flex e-con-boxed e-con e-parent\" data-id=\"473fd47\" data-element_type=\"container\">\n\t\t\t\t\t<div class=\"e-con-inner\">\n\t\t<div class=\"elementor-element elementor-element-9d85bda e-con-full e-flex e-con e-child\" data-id=\"9d85bda\" data-element_type=\"container\">\n\t\t<div class=\"elementor-element elementor-element-5c88eb4 e-con-full e-flex e-con e-child\" data-id=\"5c88eb4\" data-element_type=\"container\">\n\t\t<div class=\"elementor-element elementor-element-cbd41e1 e-flex e-con-boxed e-con e-child\" data-id=\"cbd41e1\" data-element_type=\"container\">\n\t\t\t\t\t<div class=\"e-con-inner\">\n\t\t<div class=\"elementor-element elementor-element-2951d55 e-con-full e-flex e-con e-child\" data-id=\"2951d55\" data-element_type=\"container\">\n\t\t\t\t<div class=\"elementor-element elementor-element-b30415a elementor-widget elementor-widget-heading\" data-id=\"b30415a\" data-element_type=\"widget\" data-widget_type=\"heading.default\">\n\t\t\t\t<div class=\"elementor-widget-container\">\n\t\t\t\t\t<h4 class=\"elementor-heading-title elementor-size-default\">Gl\u00e4nzende M\u00e4dchen<\/h4>\t\t\t\t<\/div>\n\t\t\t\t<\/div>\n\t\t\t\t<div class=\"elementor-element elementor-element-ce2dbb8 elementor-widget elementor-widget-image\" data-id=\"ce2dbb8\" data-element_type=\"widget\" data-widget_type=\"image.default\">\n\t\t\t\t<div class=\"elementor-widget-container\">\n\t\t\t\t\t\t\t\t\t\t\t\t\t\t\t<img loading=\"lazy\" decoding=\"async\" width=\"450\" height=\"300\" src=\"https:\/\/raytalkcomms.com\/wp-content\/uploads\/2026\/01\/Shining-Girls.jpg\" class=\"attachment-large size-large wp-image-6809\" alt=\"\" srcset=\"https:\/\/raytalkcomms.com\/wp-content\/uploads\/2026\/01\/Shining-Girls.jpg 450w, https:\/\/raytalkcomms.com\/wp-content\/uploads\/2026\/01\/Shining-Girls-300x200.jpg 300w\" sizes=\"(max-width: 450px) 100vw, 450px\" \/>\t\t\t\t\t\t\t\t\t\t\t\t\t\t\t<\/div>\n\t\t\t\t<\/div>\n\t\t\t\t<\/div>\n\t\t\t\t\t<\/div>\n\t\t\t\t<\/div>\n\t\t\t\t<\/div>\n\t\t<div class=\"elementor-element elementor-element-df3f87a e-con-full e-flex e-con e-child\" data-id=\"df3f87a\" data-element_type=\"container\">\n\t\t<div class=\"elementor-element elementor-element-6c7be81 e-flex e-con-boxed e-con e-child\" data-id=\"6c7be81\" data-element_type=\"container\">\n\t\t\t\t\t<div class=\"e-con-inner\">\n\t\t<div class=\"elementor-element elementor-element-3c7a528 e-con-full e-flex e-con e-child\" data-id=\"3c7a528\" data-element_type=\"container\">\n\t\t\t\t<div class=\"elementor-element elementor-element-53c82cf elementor-widget elementor-widget-heading\" data-id=\"53c82cf\" data-element_type=\"widget\" data-widget_type=\"heading.default\">\n\t\t\t\t<div class=\"elementor-widget-container\">\n\t\t\t\t\t<h4 class=\"elementor-heading-title elementor-size-default\">Zuk\u00fcnftige Stars<\/h4>\t\t\t\t<\/div>\n\t\t\t\t<\/div>\n\t\t\t\t<div class=\"elementor-element elementor-element-9c5b0fe elementor-widget elementor-widget-image\" data-id=\"9c5b0fe\" data-element_type=\"widget\" data-widget_type=\"image.default\">\n\t\t\t\t<div class=\"elementor-widget-container\">\n\t\t\t\t\t\t\t\t\t\t\t\t\t\t\t<img loading=\"lazy\" decoding=\"async\" width=\"450\" height=\"300\" src=\"https:\/\/raytalkcomms.com\/wp-content\/uploads\/2026\/01\/Future-Stars.jpg\" class=\"attachment-large size-large wp-image-6810\" alt=\"\" srcset=\"https:\/\/raytalkcomms.com\/wp-content\/uploads\/2026\/01\/Future-Stars.jpg 450w, https:\/\/raytalkcomms.com\/wp-content\/uploads\/2026\/01\/Future-Stars-300x200.jpg 300w\" sizes=\"(max-width: 450px) 100vw, 450px\" \/>\t\t\t\t\t\t\t\t\t\t\t\t\t\t\t<\/div>\n\t\t\t\t<\/div>\n\t\t\t\t<\/div>\n\t\t\t\t\t<\/div>\n\t\t\t\t<\/div>\n\t\t\t\t<\/div>\n\t\t<div class=\"elementor-element elementor-element-eea68fc e-con-full e-flex e-con e-child\" data-id=\"eea68fc\" data-element_type=\"container\">\n\t\t<div class=\"elementor-element elementor-element-b2ecd20 e-flex e-con-boxed e-con e-child\" data-id=\"b2ecd20\" data-element_type=\"container\">\n\t\t\t\t\t<div class=\"e-con-inner\">\n\t\t<div class=\"elementor-element elementor-element-13f352e e-con-full e-flex e-con e-child\" data-id=\"13f352e\" data-element_type=\"container\">\n\t\t\t\t<div class=\"elementor-element elementor-element-b7d192e elementor-widget elementor-widget-heading\" data-id=\"b7d192e\" data-element_type=\"widget\" data-widget_type=\"heading.default\">\n\t\t\t\t<div class=\"elementor-widget-container\">\n\t\t\t\t\t<h4 class=\"elementor-heading-title elementor-size-default\">Jenseits des Teams<\/h4>\t\t\t\t<\/div>\n\t\t\t\t<\/div>\n\t\t\t\t<div class=\"elementor-element elementor-element-b7e9682 elementor-widget elementor-widget-image\" data-id=\"b7e9682\" data-element_type=\"widget\" data-widget_type=\"image.default\">\n\t\t\t\t<div class=\"elementor-widget-container\">\n\t\t\t\t\t\t\t\t\t\t\t\t\t\t\t<img loading=\"lazy\" decoding=\"async\" width=\"450\" height=\"300\" src=\"https:\/\/raytalkcomms.com\/wp-content\/uploads\/2026\/01\/Beyond-Team.jpg\" class=\"attachment-large size-large wp-image-6811\" alt=\"\" srcset=\"https:\/\/raytalkcomms.com\/wp-content\/uploads\/2026\/01\/Beyond-Team.jpg 450w, https:\/\/raytalkcomms.com\/wp-content\/uploads\/2026\/01\/Beyond-Team-300x200.jpg 300w\" sizes=\"(max-width: 450px) 100vw, 450px\" \/>\t\t\t\t\t\t\t\t\t\t\t\t\t\t\t<\/div>\n\t\t\t\t<\/div>\n\t\t\t\t<\/div>\n\t\t\t\t\t<\/div>\n\t\t\t\t<\/div>\n\t\t\t\t<\/div>\n\t\t\t\t<\/div>\n\t\t\t\t\t<\/div>\n\t\t\t\t<\/div>\n\t\t\t\t<\/div>","protected":false},"excerpt":{"rendered":"<p>Meet&nbsp;the&nbsp;Team Meet the people shaping our culture and future. Leadership Team At RayTalk Communications, its understood that even with the greatest products ever created, a company is only as successful as its combined team of dedicated people. Mr. Jingping Lei (Kim) Founder \/ General Manager Lisha Wong (Ailsa) VP\u00a0of\u00a0Sales Houfa Huang(Howard) General Manager Assistant \/ [&hellip;]<\/p>\n","protected":false},"author":1,"featured_media":0,"parent":953,"menu_order":0,"comment_status":"closed","ping_status":"closed","template":"","meta":{"footnotes":""},"class_list":["post-6743","page","type-page","status-publish","hentry"],"blocksy_meta":[],"_links":{"self":[{"href":"https:\/\/raytalkcomms.com\/de\/wp-json\/wp\/v2\/pages\/6743","targetHints":{"allow":["GET"]}}],"collection":[{"href":"https:\/\/raytalkcomms.com\/de\/wp-json\/wp\/v2\/pages"}],"about":[{"href":"https:\/\/raytalkcomms.com\/de\/wp-json\/wp\/v2\/types\/page"}],"author":[{"embeddable":true,"href":"https:\/\/raytalkcomms.com\/de\/wp-json\/wp\/v2\/users\/1"}],"replies":[{"embeddable":true,"href":"https:\/\/raytalkcomms.com\/de\/wp-json\/wp\/v2\/comments?post=6743"}],"version-history":[{"count":16,"href":"https:\/\/raytalkcomms.com\/de\/wp-json\/wp\/v2\/pages\/6743\/revisions"}],"predecessor-version":[{"id":7483,"href":"https:\/\/raytalkcomms.com\/de\/wp-json\/wp\/v2\/pages\/6743\/revisions\/7483"}],"up":[{"embeddable":true,"href":"https:\/\/raytalkcomms.com\/de\/wp-json\/wp\/v2\/pages\/953"}],"wp:attachment":[{"href":"https:\/\/raytalkcomms.com\/de\/wp-json\/wp\/v2\/media?parent=6743"}],"curies":[{"name":"wp","href":"https:\/\/api.w.org\/{rel}","templated":true}]}}