{"id":2870,"date":"2025-09-16T08:12:00","date_gmt":"2025-09-16T08:12:00","guid":{"rendered":"https:\/\/raytalkcomms.com\/?page_id=2870"},"modified":"2025-12-31T08:34:27","modified_gmt":"2025-12-31T08:34:27","slug":"technical-advantages","status":"publish","type":"page","link":"https:\/\/raytalkcomms.com\/de\/odm-service\/technical-advantages\/","title":{"rendered":"Technische Vorteile"},"content":{"rendered":"<div data-elementor-type=\"wp-page\" data-elementor-id=\"2870\" class=\"elementor elementor-2870\" data-elementor-post-type=\"page\">\n\t\t\t\t<div class=\"elementor-element elementor-element-6732be4 e-grid e-con-boxed e-con e-parent\" data-id=\"6732be4\" data-element_type=\"container\" data-settings=\"{&quot;background_background&quot;:&quot;classic&quot;}\">\n\t\t\t\t\t<div class=\"e-con-inner\">\n\t\t<div class=\"elementor-element elementor-element-4a42ef1 e-con-full e-flex e-con e-child\" data-id=\"4a42ef1\" data-element_type=\"container\">\n\t\t\t\t<div class=\"elementor-element elementor-element-89389a8 elementor-widget elementor-widget-heading\" data-id=\"89389a8\" data-element_type=\"widget\" data-widget_type=\"heading.default\">\n\t\t\t\t<div class=\"elementor-widget-container\">\n\t\t\t\t\t<h2 class=\"elementor-heading-title elementor-size-default\">Technische Vorteile<\/h2>\t\t\t\t<\/div>\n\t\t\t\t<\/div>\n\t\t\t\t<div class=\"elementor-element elementor-element-15cdcfa elementor-widget elementor-widget-text-editor\" data-id=\"15cdcfa\" data-element_type=\"widget\" data-widget_type=\"text-editor.default\">\n\t\t\t\t<div class=\"elementor-widget-container\">\n\t\t\t\t\t\t\t\t\t<p>Wo Innovation auf Pr\u00e4zision trifft.<\/p>\t\t\t\t\t\t\t\t<\/div>\n\t\t\t\t<\/div>\n\t\t\t\t<\/div>\n\t\t\t\t\t<\/div>\n\t\t\t\t<\/div>\n\t\t<div class=\"elementor-element elementor-element-4cd7afa e-flex e-con-boxed e-con e-parent\" data-id=\"4cd7afa\" data-element_type=\"container\">\n\t\t\t\t\t<div class=\"e-con-inner\">\n\t\t\t\t<div class=\"elementor-element elementor-element-21cd72f e-n-tabs-mobile elementor-widget elementor-widget-n-tabs\" data-id=\"21cd72f\" data-element_type=\"widget\" data-settings=\"{&quot;horizontal_scroll&quot;:&quot;disable&quot;}\" data-widget_type=\"nested-tabs.default\">\n\t\t\t\t<div class=\"elementor-widget-container\">\n\t\t\t\t\t\t\t<div class=\"e-n-tabs\" data-widget-number=\"35444527\" aria-label=\"Tabs. Open items with Enter or Space, close with Escape and navigate using the Arrow keys.\" data-no-translation-aria-label=\"\">\n\t\t\t<div class=\"e-n-tabs-heading\" role=\"tablist\">\n\t\t\t\t\t<button id=\"e-n-tab-title-354445271\" data-tab-title-id=\"e-n-tab-title-354445271\" class=\"e-n-tab-title\" aria-selected=\"true\" data-tab-index=\"1\" role=\"tab\" tabindex=\"0\" aria-controls=\"e-n-tab-content-354445271\" style=\"--n-tabs-title-order: 1;\">\n\t\t\t\t\t<span class=\"e-n-tab-icon\">\n\t\t\t<i aria-hidden=\"true\" class=\"fas fa-pencil-ruler\"><\/i>\t\t\t<i aria-hidden=\"true\" class=\"fas fa-pencil-ruler\"><\/i>\t\t<\/span>\n\t\t\t\t\t<span class=\"e-n-tab-title-text\">\n\t\t\t\tGestaltung\t\t\t<\/span>\n\t\t<\/button>\n\t\t\t\t<button id=\"e-n-tab-title-354445272\" data-tab-title-id=\"e-n-tab-title-354445272\" class=\"e-n-tab-title\" aria-selected=\"false\" data-tab-index=\"2\" role=\"tab\" tabindex=\"-1\" aria-controls=\"e-n-tab-content-354445272\" style=\"--n-tabs-title-order: 2;\">\n\t\t\t\t\t<span class=\"e-n-tab-icon\">\n\t\t\t<i aria-hidden=\"true\" class=\"fas fa-cog\"><\/i>\t\t\t<i aria-hidden=\"true\" class=\"fas fa-cog\"><\/i>\t\t<\/span>\n\t\t\t\t\t<span class=\"e-n-tab-title-text\">\n\t\t\t\tTechnik\t\t\t<\/span>\n\t\t<\/button>\n\t\t\t\t<button id=\"e-n-tab-title-354445273\" data-tab-title-id=\"e-n-tab-title-354445273\" class=\"e-n-tab-title\" aria-selected=\"false\" data-tab-index=\"3\" role=\"tab\" tabindex=\"-1\" aria-controls=\"e-n-tab-content-354445273\" style=\"--n-tabs-title-order: 3;\">\n\t\t\t\t\t<span class=\"e-n-tab-icon\">\n\t\t\t<i aria-hidden=\"true\" class=\"fas fa-hammer\"><\/i>\t\t\t<i aria-hidden=\"true\" class=\"fas fa-hammer\"><\/i>\t\t<\/span>\n\t\t\t\t\t<span class=\"e-n-tab-title-text\">\n\t\t\t\tHerstellung\t\t\t<\/span>\n\t\t<\/button>\n\t\t\t\t\t<\/div>\n\t\t\t<div class=\"e-n-tabs-content\">\n\t\t\t\t<div id=\"e-n-tab-content-354445271\" role=\"tabpanel\" aria-labelledby=\"e-n-tab-title-354445271\" data-tab-index=\"1\" style=\"--n-tabs-title-order: 1;\" class=\"e-active elementor-element elementor-element-7fa2ba2 e-con-full e-flex e-con e-child\" data-id=\"7fa2ba2\" data-element_type=\"container\">\n\t\t<div class=\"elementor-element elementor-element-c9607cb e-flex e-con-boxed e-con e-child\" data-id=\"c9607cb\" data-element_type=\"container\">\n\t\t\t\t\t<div class=\"e-con-inner\">\n\t\t\t\t<div class=\"elementor-element elementor-element-bc7251e elementor-widget elementor-widget-image\" data-id=\"bc7251e\" data-element_type=\"widget\" data-widget_type=\"image.default\">\n\t\t\t\t<div class=\"elementor-widget-container\">\n\t\t\t\t\t\t\t\t\t\t\t\t\t\t\t<img fetchpriority=\"high\" decoding=\"async\" width=\"1024\" height=\"366\" src=\"https:\/\/raytalkcomms.com\/wp-content\/uploads\/2025\/09\/ODM-Design-1024x366.jpg\" class=\"attachment-large size-large wp-image-3611\" alt=\"Blueprint and 3D design of two way radio accessories showcasing RayTalk engineering, design, and manufacturing expertise.\" srcset=\"https:\/\/raytalkcomms.com\/wp-content\/uploads\/2025\/09\/ODM-Design-1024x366.jpg 1024w, https:\/\/raytalkcomms.com\/wp-content\/uploads\/2025\/09\/ODM-Design-300x107.jpg 300w, https:\/\/raytalkcomms.com\/wp-content\/uploads\/2025\/09\/ODM-Design-768x274.jpg 768w, https:\/\/raytalkcomms.com\/wp-content\/uploads\/2025\/09\/ODM-Design-1536x549.jpg 1536w, https:\/\/raytalkcomms.com\/wp-content\/uploads\/2025\/09\/ODM-Design-1000x357.jpg 1000w, https:\/\/raytalkcomms.com\/wp-content\/uploads\/2025\/09\/ODM-Design.jpg 1903w\" sizes=\"(max-width: 1024px) 100vw, 1024px\" \/>\t\t\t\t\t\t\t\t\t\t\t\t\t\t\t<\/div>\n\t\t\t\t<\/div>\n\t\t\t\t<div class=\"elementor-element elementor-element-c4d88d2 elementor-widget elementor-widget-text-editor\" data-id=\"c4d88d2\" data-element_type=\"widget\" data-widget_type=\"text-editor.default\">\n\t\t\t\t<div class=\"elementor-widget-container\">\n\t\t\t\t\t\t\t\t\t<p>Wir sind Experten f\u00fcr den Entwurf und die Herstellung von Formen. Ganz gleich, ob unsere Kunden einfache geformte Kunststoffteile oder komplexere elektronische Komponenten ben\u00f6tigen, unser Ingenieurteam verf\u00fcgt \u00fcber die F\u00e4higkeit und die Werkzeuge, um schnelle L\u00f6sungen zu entwickeln. Ein erfolgreiches Fertigungsdesign-Projekt h\u00e4ngt von der Diskussion und Zusammenarbeit zwischen Ihnen und dem Kunden ab.<\/p>\t\t\t\t\t\t\t\t<\/div>\n\t\t\t\t<\/div>\n\t\t\t\t\t<\/div>\n\t\t\t\t<\/div>\n\t\t\t\t<\/div>\n\t\t<div id=\"e-n-tab-content-354445272\" role=\"tabpanel\" aria-labelledby=\"e-n-tab-title-354445272\" data-tab-index=\"2\" style=\"--n-tabs-title-order: 2;\" class=\"elementor-element elementor-element-536ee01 e-con-full e-flex e-con e-child\" data-id=\"536ee01\" data-element_type=\"container\">\n\t\t<div class=\"elementor-element elementor-element-dc6a3c6 e-con-full e-flex e-con e-child\" data-id=\"dc6a3c6\" data-element_type=\"container\" data-settings=\"{&quot;background_background&quot;:&quot;classic&quot;}\">\n\t\t\t\t<div class=\"elementor-element elementor-element-0d30616 elementor-widget elementor-widget-heading\" data-id=\"0d30616\" data-element_type=\"widget\" data-widget_type=\"heading.default\">\n\t\t\t\t<div class=\"elementor-widget-container\">\n\t\t\t\t\t<h3 class=\"elementor-heading-title elementor-size-default\">PCBA<\/h3>\t\t\t\t<\/div>\n\t\t\t\t<\/div>\n\t\t\t\t<div class=\"elementor-element elementor-element-a4ac5b4 elementor-widget elementor-widget-text-editor\" data-id=\"a4ac5b4\" data-element_type=\"widget\" data-widget_type=\"text-editor.default\">\n\t\t\t\t<div class=\"elementor-widget-container\">\n\t\t\t\t\t\t\t\t\t<p>PCBA ist eine unverzichtbare Komponente in elektronischen Produkten. Wir k\u00f6nnen einfache bis komplexe mehrschichtige integrierte Schaltungen herstellen. Unser F&amp;E-Team kann fortschrittliche Schaltungen entwerfen, um umfassende Produkte herzustellen.<\/p>\t\t\t\t\t\t\t\t<\/div>\n\t\t\t\t<\/div>\n\t\t\t\t<\/div>\n\t\t<div class=\"elementor-element elementor-element-b3632f6 e-con-full e-flex e-con e-child\" data-id=\"b3632f6\" data-element_type=\"container\" data-settings=\"{&quot;background_background&quot;:&quot;classic&quot;}\">\n\t\t\t\t<div class=\"elementor-element elementor-element-bf587ac elementor-widget elementor-widget-heading\" data-id=\"bf587ac\" data-element_type=\"widget\" data-widget_type=\"heading.default\">\n\t\t\t\t<div class=\"elementor-widget-container\">\n\t\t\t\t\t<h3 class=\"elementor-heading-title elementor-size-default\">GUSSFORMGESTALTUNG<\/h3>\t\t\t\t<\/div>\n\t\t\t\t<\/div>\n\t\t\t\t<div class=\"elementor-element elementor-element-b74f217 elementor-widget elementor-widget-text-editor\" data-id=\"b74f217\" data-element_type=\"widget\" data-widget_type=\"text-editor.default\">\n\t\t\t\t<div class=\"elementor-widget-container\">\n\t\t\t\t\t\t\t\t\t<p>Wir verf\u00fcgen \u00fcber eine eigene Gussformabteilung, die mit allen Arten von Gussformen gef\u00fcllt ist. Abgesehen von den Formen f\u00fcr herk\u00f6mmliche Produkte werden viele von ihnen f\u00fcr Kunden ma\u00dfgeschneidert. Unsere F\u00e4higkeit, Spritzgussformen und Montagevorrichtungen zu entwerfen und herzustellen, hebt uns von der Konkurrenz ab.<\/p><p>Ganz gleich, ob es sich um eine kleine Charge elektronischer Bauteile oder eine gro\u00dfe Charge von Kunststoffteilen handelt, wir entwerfen und fertigen stets qualitativ hochwertige Spritzgussformen zu geringeren Kosten und mit h\u00f6herer Geschwindigkeit. Da wir den Entwurfsprozess f\u00fcr die Spritzgussformen vollst\u00e4ndig kontrollieren k\u00f6nnen, sind wir in der Lage, bestimmte Teile und die dazugeh\u00f6rigen Werkzeuge so zu entwerfen, dass eine effiziente Fertigung m\u00f6glich ist. Wir k\u00f6nnen Ihr Produkt innerhalb von zehn Wochen oder weniger vom Konzept bis zur vollst\u00e4ndigen Produktion bringen. Dies minimiert die Gesamtproduktionskosten ohne Qualit\u00e4tseinbu\u00dfen.<\/p>\t\t\t\t\t\t\t\t<\/div>\n\t\t\t\t<\/div>\n\t\t\t\t<\/div>\n\t\t<div class=\"elementor-element elementor-element-711b573 e-con-full e-flex e-con e-child\" data-id=\"711b573\" data-element_type=\"container\" data-settings=\"{&quot;background_background&quot;:&quot;classic&quot;}\">\n\t\t\t\t<div class=\"elementor-element elementor-element-6cce6ca elementor-widget elementor-widget-heading\" data-id=\"6cce6ca\" data-element_type=\"widget\" data-widget_type=\"heading.default\">\n\t\t\t\t<div class=\"elementor-widget-container\">\n\t\t\t\t\t<h3 class=\"elementor-heading-title elementor-size-default\">3D-DRUCK<\/h3>\t\t\t\t<\/div>\n\t\t\t\t<\/div>\n\t\t\t\t<div class=\"elementor-element elementor-element-9cdb8b0 elementor-widget elementor-widget-text-editor\" data-id=\"9cdb8b0\" data-element_type=\"widget\" data-widget_type=\"text-editor.default\">\n\t\t\t\t<div class=\"elementor-widget-container\">\n\t\t\t\t\t\t\t\t\t<p>Heutzutage ist der 3D-Druck bei verschiedenen Produktionskomponenten, Prototypen und Werkzeugen weit verbreitet. In der Ray Talk-Fertigung wenden wir den 3D-Druck auch bei OEM- und ODM-Projekten an. Funktionale und strukturelle 3D-Prototypen k\u00f6nnen helfen, den Projektzeitplan einzuhalten und effizienter zur Massenproduktion \u00fcberzugehen.<\/p>\t\t\t\t\t\t\t\t<\/div>\n\t\t\t\t<\/div>\n\t\t\t\t<\/div>\n\t\t\t\t<\/div>\n\t\t<div id=\"e-n-tab-content-354445273\" role=\"tabpanel\" aria-labelledby=\"e-n-tab-title-354445273\" data-tab-index=\"3\" style=\"--n-tabs-title-order: 3;\" class=\"elementor-element elementor-element-b1e0d53 e-con-full e-flex e-con e-child\" data-id=\"b1e0d53\" data-element_type=\"container\">\n\t\t<div class=\"elementor-element elementor-element-b7a49c1 e-con-full e-flex e-con e-child\" data-id=\"b7a49c1\" data-element_type=\"container\" data-settings=\"{&quot;background_background&quot;:&quot;classic&quot;}\">\n\t\t\t\t<div class=\"elementor-element elementor-element-4bf3e03 elementor-widget elementor-widget-heading\" data-id=\"4bf3e03\" data-element_type=\"widget\" data-widget_type=\"heading.default\">\n\t\t\t\t<div class=\"elementor-widget-container\">\n\t\t\t\t\t<h3 class=\"elementor-heading-title elementor-size-default\">EINKAUF &amp; IQC<\/h3>\t\t\t\t<\/div>\n\t\t\t\t<\/div>\n\t\t\t\t<div class=\"elementor-element elementor-element-a37a44b elementor-widget elementor-widget-text-editor\" data-id=\"a37a44b\" data-element_type=\"widget\" data-widget_type=\"text-editor.default\">\n\t\t\t\t<div class=\"elementor-widget-container\">\n\t\t\t\t\t\t\t\t\t<p>Kauf aller erforderlichen Materialien und Komponenten und Herstellung der Werkzeuge. Dies dauert in der Regel 4-6 Wochen. Sobald die Materialien in unserem Werk eingetroffen sind, pr\u00fcft die IQC-Abteilung die Rohstoffe, um sicherzustellen, dass die in der Produktion verwendeten Materialien alle qualifizierte Produkte sind. Danach wird die St\u00fcckliste (BOM) von unseren Inventarexperten organisiert und an die Monteure des Produktionsteams f\u00fcr die n\u00e4chsten Schritte weitergeleitet.<\/p>\t\t\t\t\t\t\t\t<\/div>\n\t\t\t\t<\/div>\n\t\t\t\t<\/div>\n\t\t<div class=\"elementor-element elementor-element-a69cb73 e-con-full e-flex e-con e-child\" data-id=\"a69cb73\" data-element_type=\"container\" data-settings=\"{&quot;background_background&quot;:&quot;classic&quot;}\">\n\t\t\t\t<div class=\"elementor-element elementor-element-30839d0 elementor-widget elementor-widget-heading\" data-id=\"30839d0\" data-element_type=\"widget\" data-widget_type=\"heading.default\">\n\t\t\t\t<div class=\"elementor-widget-container\">\n\t\t\t\t\t<h3 class=\"elementor-heading-title elementor-size-default\">FERTIGUNG<\/h3>\t\t\t\t<\/div>\n\t\t\t\t<\/div>\n\t\t\t\t<div class=\"elementor-element elementor-element-6a6cadf elementor-widget elementor-widget-text-editor\" data-id=\"6a6cadf\" data-element_type=\"widget\" data-widget_type=\"text-editor.default\">\n\t\t\t\t<div class=\"elementor-widget-container\">\n\t\t\t\t\t\t\t\t\t<p>Sobald der Kunde das Vorproduktionsmuster best\u00e4tigt, benachrichtigen wir unverz\u00fcglich die Produktionslinie, die dann die Kommissionierung, die \u00dcberpr\u00fcfung, die Ersatzteile und die entsprechenden Produktionswerkzeuge beantragt und den Produktionsprozess organisiert, um eine effiziente Produktion zu f\u00f6rdern. Sobald die Massenproduktion beginnt, werden wir die Lieferzeit best\u00e4tigen. Im Allgemeinen betr\u00e4gt unsere Lieferzeit etwa 4 Wochen. Die genaue Zeit h\u00e4ngt von der Komplexit\u00e4t und dem Umfang des Projekts ab. Unabh\u00e4ngig von der Komplexit\u00e4t des Projekts oder der Gr\u00f6\u00dfe des Auftrags und des Umfangs verf\u00fcgen wir \u00fcber eine komplette Produktionsanlage und ein professionelles technisches Team, um Ihre Produktionsanforderungen zu erf\u00fcllen.<\/p>\t\t\t\t\t\t\t\t<\/div>\n\t\t\t\t<\/div>\n\t\t\t\t<\/div>\n\t\t<div class=\"elementor-element elementor-element-cc77ea6 e-con-full e-flex e-con e-child\" data-id=\"cc77ea6\" data-element_type=\"container\" data-settings=\"{&quot;background_background&quot;:&quot;classic&quot;}\">\n\t\t\t\t<div class=\"elementor-element elementor-element-71c0845 elementor-widget elementor-widget-heading\" data-id=\"71c0845\" data-element_type=\"widget\" data-widget_type=\"heading.default\">\n\t\t\t\t<div class=\"elementor-widget-container\">\n\t\t\t\t\t<h3 class=\"elementor-heading-title elementor-size-default\">TESTING<\/h3>\t\t\t\t<\/div>\n\t\t\t\t<\/div>\n\t\t\t\t<div class=\"elementor-element elementor-element-ce8ea6e elementor-widget elementor-widget-text-editor\" data-id=\"ce8ea6e\" data-element_type=\"widget\" data-widget_type=\"text-editor.default\">\n\t\t\t\t<div class=\"elementor-widget-container\">\n\t\t\t\t\t\t\t\t\t<p>Wir f\u00fchren mehrere Testrunden und eine vollst\u00e4ndige Inspektion der Produkte vor dem Versand durch. In der Regel pr\u00fcft unser QA\/QC-Personal die Produkte vor und nach der Produktion, Montage und Verpackung, um den Kunden qualit\u00e4tsgesicherte Produkte zu liefern und sicherzustellen, dass die Produkte speziell f\u00fcr ihre einzigartigen Anwendungen konzipiert sind.<\/p>\t\t\t\t\t\t\t\t<\/div>\n\t\t\t\t<\/div>\n\t\t\t\t<\/div>\n\t\t\t\t<\/div>\n\t\t\t\t\t<\/div>\n\t\t<\/div>\n\t\t\t\t\t\t<\/div>\n\t\t\t\t<\/div>\n\t\t\t\t\t<\/div>\n\t\t\t\t<\/div>\n\t\t<div class=\"elementor-element elementor-element-c933118 e-flex e-con-boxed e-con e-parent\" data-id=\"c933118\" data-element_type=\"container\">\n\t\t\t\t\t<div class=\"e-con-inner\">\n\t\t\t\t\t<\/div>\n\t\t\t\t<\/div>\n\t\t\t\t<\/div>","protected":false},"excerpt":{"rendered":"<p>Technical Advantages Where innovation meets precision. Design Engineering Manufacturing We are experts in mold design and manufacturing. Whether our customers need simple molded plastic parts or more complex electronic components, Our engineering team has the ability and tools to generate quick solutions. A successful manufacturing design project is related to the discussion and cooperation between [&hellip;]<\/p>\n","protected":false},"author":1,"featured_media":3611,"parent":2525,"menu_order":0,"comment_status":"closed","ping_status":"closed","template":"","meta":{"footnotes":""},"class_list":["post-2870","page","type-page","status-publish","has-post-thumbnail","hentry"],"blocksy_meta":[],"_links":{"self":[{"href":"https:\/\/raytalkcomms.com\/de\/wp-json\/wp\/v2\/pages\/2870","targetHints":{"allow":["GET"]}}],"collection":[{"href":"https:\/\/raytalkcomms.com\/de\/wp-json\/wp\/v2\/pages"}],"about":[{"href":"https:\/\/raytalkcomms.com\/de\/wp-json\/wp\/v2\/types\/page"}],"author":[{"embeddable":true,"href":"https:\/\/raytalkcomms.com\/de\/wp-json\/wp\/v2\/users\/1"}],"replies":[{"embeddable":true,"href":"https:\/\/raytalkcomms.com\/de\/wp-json\/wp\/v2\/comments?post=2870"}],"version-history":[{"count":24,"href":"https:\/\/raytalkcomms.com\/de\/wp-json\/wp\/v2\/pages\/2870\/revisions"}],"predecessor-version":[{"id":6667,"href":"https:\/\/raytalkcomms.com\/de\/wp-json\/wp\/v2\/pages\/2870\/revisions\/6667"}],"up":[{"embeddable":true,"href":"https:\/\/raytalkcomms.com\/de\/wp-json\/wp\/v2\/pages\/2525"}],"wp:featuredmedia":[{"embeddable":true,"href":"https:\/\/raytalkcomms.com\/de\/wp-json\/wp\/v2\/media\/3611"}],"wp:attachment":[{"href":"https:\/\/raytalkcomms.com\/de\/wp-json\/wp\/v2\/media?parent=2870"}],"curies":[{"name":"wp","href":"https:\/\/api.w.org\/{rel}","templated":true}]}}