{"id":2866,"date":"2025-09-16T08:11:28","date_gmt":"2025-09-16T08:11:28","guid":{"rendered":"https:\/\/raytalkcomms.com\/?page_id=2866"},"modified":"2026-01-07T09:45:13","modified_gmt":"2026-01-07T09:45:13","slug":"service-overview","status":"publish","type":"page","link":"https:\/\/raytalkcomms.com\/de\/odm-service\/service-overview\/","title":{"rendered":"Service-\u00dcbersicht"},"content":{"rendered":"<div data-elementor-type=\"wp-page\" data-elementor-id=\"2866\" class=\"elementor elementor-2866\" data-elementor-post-type=\"page\">\n\t\t\t\t<div class=\"elementor-element elementor-element-720e9fb e-grid e-con-boxed e-con e-parent\" data-id=\"720e9fb\" data-element_type=\"container\" data-settings=\"{&quot;background_background&quot;:&quot;classic&quot;}\">\n\t\t\t\t\t<div class=\"e-con-inner\">\n\t\t<div class=\"elementor-element elementor-element-fb3f336 e-con-full e-flex e-con e-child\" data-id=\"fb3f336\" data-element_type=\"container\">\n\t\t\t\t<div class=\"elementor-element elementor-element-fd9d0c7 elementor-widget-tablet__width-initial elementor-widget elementor-widget-heading\" data-id=\"fd9d0c7\" data-element_type=\"widget\" data-widget_type=\"heading.default\">\n\t\t\t\t<div class=\"elementor-widget-container\">\n\t\t\t\t\t<h2 class=\"elementor-heading-title elementor-size-default\">LEISTUNGS\u00dcBERSICHT<\/h2>\t\t\t\t<\/div>\n\t\t\t\t<\/div>\n\t\t\t\t<div class=\"elementor-element elementor-element-67cad6c elementor-widget elementor-widget-text-editor\" data-id=\"67cad6c\" data-element_type=\"widget\" data-widget_type=\"text-editor.default\">\n\t\t\t\t<div class=\"elementor-widget-container\">\n\t\t\t\t\t\t\t\t\t<p>Ma\u00dfgeschneiderte Kommunikationsl\u00f6sungen f\u00fcr jede Branche.<\/p>\t\t\t\t\t\t\t\t<\/div>\n\t\t\t\t<\/div>\n\t\t\t\t<\/div>\n\t\t\t\t\t<\/div>\n\t\t\t\t<\/div>\n\t\t<div class=\"elementor-element elementor-element-0df47db e-flex e-con-boxed e-con e-parent\" data-id=\"0df47db\" data-element_type=\"container\">\n\t\t\t\t\t<div class=\"e-con-inner\">\n\t\t<div class=\"elementor-element elementor-element-9e29ca1 e-con-full e-flex e-con e-child\" data-id=\"9e29ca1\" data-element_type=\"container\">\n\t\t\t\t<div class=\"elementor-element elementor-element-f8f108d elementor-widget elementor-widget-heading\" data-id=\"f8f108d\" data-element_type=\"widget\" data-widget_type=\"heading.default\">\n\t\t\t\t<div class=\"elementor-widget-container\">\n\t\t\t\t\t<h1 class=\"elementor-heading-title elementor-size-default\"><p data-pm-slice=\"1 1 []\">Wenden <\/p><br><p data-pm-slice=\"1 1 []\">Ideen <\/p><br><p data-pm-slice=\"1 1 []\">in <\/p><br><p data-pm-slice=\"1 1 []\">Realit\u00e4t<span><\/span><\/p><\/h1>\t\t\t\t<\/div>\n\t\t\t\t<\/div>\n\t\t\t\t<div class=\"elementor-element elementor-element-395d34c elementor-widget elementor-widget-text-editor\" data-id=\"395d34c\" data-element_type=\"widget\" data-widget_type=\"text-editor.default\">\n\t\t\t\t<div class=\"elementor-widget-container\">\n\t\t\t\t\t\t\t\t\t<p data-pm-slice=\"1 1 []\">RayTalk Communications Ltd. bietet End-to-End-ODM-Dienstleistungen und -L\u00f6sungen f\u00fcr Anwendungen in den Bereichen \u00f6ffentliche Sicherheit, Milit\u00e4r, Rennsport, Bluetooth und PoC (Push-to-Talk over Cellular). Mit einer starken F&amp;E-Basis und fortschrittlichen Fertigungskapazit\u00e4ten setzen wir Ihre Produktideen in die Realit\u00e4t um. Vom Konzept und Design \u00fcber die Entwicklung bis hin zur Massenproduktion und Qualit\u00e4tskontrolle liefern wir ma\u00dfgeschneiderte, zuverl\u00e4ssige und skalierbare Produkte innerhalb des Zeit- und Kostenrahmens. RayTalk ist Ihr zuverl\u00e4ssiger Partner f\u00fcr ma\u00dfgeschneiderte Zwei-Wege-Funkkommunikationsl\u00f6sungen.<\/p>\t\t\t\t\t\t\t\t<\/div>\n\t\t\t\t<\/div>\n\t\t\t\t<\/div>\n\t\t\t\t<div class=\"elementor-element elementor-element-0050f27 elementor-widget elementor-widget-image\" data-id=\"0050f27\" data-element_type=\"widget\" data-widget_type=\"image.default\">\n\t\t\t\t<div class=\"elementor-widget-container\">\n\t\t\t\t\t\t\t\t\t\t\t\t\t\t\t<img fetchpriority=\"high\" decoding=\"async\" width=\"724\" height=\"1024\" src=\"https:\/\/raytalkcomms.com\/wp-content\/uploads\/2026\/01\/OEM-ODM-Project-Timeline-724x1024.jpg\" class=\"attachment-large size-large wp-image-6737\" alt=\"\" srcset=\"https:\/\/raytalkcomms.com\/wp-content\/uploads\/2026\/01\/OEM-ODM-Project-Timeline-724x1024.jpg 724w, https:\/\/raytalkcomms.com\/wp-content\/uploads\/2026\/01\/OEM-ODM-Project-Timeline-212x300.jpg 212w, https:\/\/raytalkcomms.com\/wp-content\/uploads\/2026\/01\/OEM-ODM-Project-Timeline-768x1087.jpg 768w, https:\/\/raytalkcomms.com\/wp-content\/uploads\/2026\/01\/OEM-ODM-Project-Timeline.jpg 800w\" sizes=\"(max-width: 724px) 100vw, 724px\" \/>\t\t\t\t\t\t\t\t\t\t\t\t\t\t\t<\/div>\n\t\t\t\t<\/div>\n\t\t\t\t\t<\/div>\n\t\t\t\t<\/div>\n\t\t<div class=\"elementor-element elementor-element-7110b6b e-flex e-con-boxed e-con e-parent\" data-id=\"7110b6b\" data-element_type=\"container\">\n\t\t\t\t\t<div class=\"e-con-inner\">\n\t\t<div class=\"elementor-element elementor-element-0ae4e3d e-con-full e-flex e-con e-child\" data-id=\"0ae4e3d\" data-element_type=\"container\" data-settings=\"{&quot;background_background&quot;:&quot;classic&quot;}\">\n\t\t\t\t<div class=\"elementor-element elementor-element-a35cf29 elementor-widget elementor-widget-image\" data-id=\"a35cf29\" data-element_type=\"widget\" data-widget_type=\"image.default\">\n\t\t\t\t<div class=\"elementor-widget-container\">\n\t\t\t\t\t\t\t\t\t\t\t\t\t\t\t<img decoding=\"async\" width=\"1024\" height=\"666\" src=\"https:\/\/raytalkcomms.com\/wp-content\/uploads\/2025\/12\/our-factory-1-1024x666.png\" class=\"attachment-large size-large wp-image-5771\" alt=\"\" srcset=\"https:\/\/raytalkcomms.com\/wp-content\/uploads\/2025\/12\/our-factory-1-1024x666.png 1024w, https:\/\/raytalkcomms.com\/wp-content\/uploads\/2025\/12\/our-factory-1-300x195.png 300w, https:\/\/raytalkcomms.com\/wp-content\/uploads\/2025\/12\/our-factory-1-768x500.png 768w, https:\/\/raytalkcomms.com\/wp-content\/uploads\/2025\/12\/our-factory-1-1000x651.png 1000w, https:\/\/raytalkcomms.com\/wp-content\/uploads\/2025\/12\/our-factory-1.png 1529w\" sizes=\"(max-width: 1024px) 100vw, 1024px\" \/>\t\t\t\t\t\t\t\t\t\t\t\t\t\t\t<\/div>\n\t\t\t\t<\/div>\n\t\t\t\t<\/div>\n\t\t<div class=\"elementor-element elementor-element-e4642a9 e-con-full e-flex e-con e-child\" data-id=\"e4642a9\" data-element_type=\"container\">\n\t\t\t\t<div class=\"elementor-element elementor-element-080f569 elementor-widget elementor-widget-heading\" data-id=\"080f569\" data-element_type=\"widget\" data-widget_type=\"heading.default\">\n\t\t\t\t<div class=\"elementor-widget-container\">\n\t\t\t\t\t<h2 class=\"elementor-heading-title elementor-size-default\">Unser<br>Werk<\/h2>\t\t\t\t<\/div>\n\t\t\t\t<\/div>\n\t\t<div class=\"elementor-element elementor-element-e2b4586 e-flex e-con-boxed e-con e-child\" data-id=\"e2b4586\" data-element_type=\"container\">\n\t\t\t\t\t<div class=\"e-con-inner\">\n\t\t<div class=\"elementor-element elementor-element-600542b e-con-full e-flex e-con e-child\" data-id=\"600542b\" data-element_type=\"container\">\n\t\t\t\t<div class=\"elementor-element elementor-element-c811f69 elementor-widget elementor-widget-heading\" data-id=\"c811f69\" data-element_type=\"widget\" data-widget_type=\"heading.default\">\n\t\t\t\t<div class=\"elementor-widget-container\">\n\t\t\t\t\t<h3 class=\"elementor-heading-title elementor-size-default\">#1<\/h3>\t\t\t\t<\/div>\n\t\t\t\t<\/div>\n\t\t\t\t<\/div>\n\t\t<div class=\"elementor-element elementor-element-a8559c0 e-con-full e-flex e-con e-child\" data-id=\"a8559c0\" data-element_type=\"container\">\n\t\t\t\t<div class=\"elementor-element elementor-element-ddf99f7 elementor-widget elementor-widget-heading\" data-id=\"ddf99f7\" data-element_type=\"widget\" data-widget_type=\"heading.default\">\n\t\t\t\t<div class=\"elementor-widget-container\">\n\t\t\t\t\t<h1 class=\"elementor-heading-title elementor-size-default\">NBT<\/h1>\t\t\t\t<\/div>\n\t\t\t\t<\/div>\n\t\t\t\t<div class=\"elementor-element elementor-element-e1a8952 elementor-widget elementor-widget-text-editor\" data-id=\"e1a8952\" data-element_type=\"widget\" data-widget_type=\"text-editor.default\">\n\t\t\t\t<div class=\"elementor-widget-container\">\n\t\t\t\t\t\t\t\t\t<p>NBT, ein weiterer zentraler Hersteller, ist auf OEM- und ODM-Projekte spezialisiert und spielt eine entscheidende Rolle bei der Entwicklung neuer Produkte. Mit einem erfahrenen F&amp;E-Team und einem ISO9001-Management erf\u00fcllt NBT die h\u00f6chsten Standards.<\/p>\t\t\t\t\t\t\t\t<\/div>\n\t\t\t\t<\/div>\n\t\t\t\t<\/div>\n\t\t\t\t\t<\/div>\n\t\t\t\t<\/div>\n\t\t<div class=\"elementor-element elementor-element-974b7f5 e-flex e-con-boxed e-con e-child\" data-id=\"974b7f5\" data-element_type=\"container\">\n\t\t\t\t\t<div class=\"e-con-inner\">\n\t\t<div class=\"elementor-element elementor-element-85e1b3e e-con-full e-flex e-con e-child\" data-id=\"85e1b3e\" data-element_type=\"container\">\n\t\t\t\t<div class=\"elementor-element elementor-element-a75ecb6 elementor-widget elementor-widget-heading\" data-id=\"a75ecb6\" data-element_type=\"widget\" data-widget_type=\"heading.default\">\n\t\t\t\t<div class=\"elementor-widget-container\">\n\t\t\t\t\t<h3 class=\"elementor-heading-title elementor-size-default\">#2<\/h3>\t\t\t\t<\/div>\n\t\t\t\t<\/div>\n\t\t\t\t<\/div>\n\t\t<div class=\"elementor-element elementor-element-29d4221 e-con-full e-flex e-con e-child\" data-id=\"29d4221\" data-element_type=\"container\">\n\t\t\t\t<div class=\"elementor-element elementor-element-543723b elementor-widget elementor-widget-heading\" data-id=\"543723b\" data-element_type=\"widget\" data-widget_type=\"heading.default\">\n\t\t\t\t<div class=\"elementor-widget-container\">\n\t\t\t\t\t<h1 class=\"elementor-heading-title elementor-size-default\">GT<\/h1>\t\t\t\t<\/div>\n\t\t\t\t<\/div>\n\t\t\t\t<div class=\"elementor-element elementor-element-37c8cc9 elementor-widget elementor-widget-text-editor\" data-id=\"37c8cc9\" data-element_type=\"widget\" data-widget_type=\"text-editor.default\">\n\t\t\t\t<div class=\"elementor-widget-container\">\n\t\t\t\t\t\t\t\t\t<p>GT, das sich seit 2010 auf Funkger\u00e4tezubeh\u00f6r spezialisiert hat, spielt eine wichtige Rolle bei der Aufrechterhaltung einer stabilen Lieferkette und einer qualifizierten Belegschaft, um eine effiziente Produktion zu gew\u00e4hrleisten.<\/p>\t\t\t\t\t\t\t\t<\/div>\n\t\t\t\t<\/div>\n\t\t\t\t<\/div>\n\t\t\t\t\t<\/div>\n\t\t\t\t<\/div>\n\t\t<div class=\"elementor-element elementor-element-8f114dd e-flex e-con-boxed e-con e-child\" data-id=\"8f114dd\" data-element_type=\"container\">\n\t\t\t\t\t<div class=\"e-con-inner\">\n\t\t<div class=\"elementor-element elementor-element-dcd414c e-con-full e-flex e-con e-child\" data-id=\"dcd414c\" data-element_type=\"container\">\n\t\t\t\t<div class=\"elementor-element elementor-element-9430d98 elementor-widget elementor-widget-heading\" data-id=\"9430d98\" data-element_type=\"widget\" data-widget_type=\"heading.default\">\n\t\t\t\t<div class=\"elementor-widget-container\">\n\t\t\t\t\t<h3 class=\"elementor-heading-title elementor-size-default\">#3<\/h3>\t\t\t\t<\/div>\n\t\t\t\t<\/div>\n\t\t\t\t<\/div>\n\t\t<div class=\"elementor-element elementor-element-09dc168 e-con-full e-flex e-con e-child\" data-id=\"09dc168\" data-element_type=\"container\">\n\t\t\t\t<div class=\"elementor-element elementor-element-501b2b9 elementor-widget elementor-widget-heading\" data-id=\"501b2b9\" data-element_type=\"widget\" data-widget_type=\"heading.default\">\n\t\t\t\t<div class=\"elementor-widget-container\">\n\t\t\t\t\t<h1 class=\"elementor-heading-title elementor-size-default\">RayTalk Precision Mold Ltd.<\/h1>\t\t\t\t<\/div>\n\t\t\t\t<\/div>\n\t\t\t\t<div class=\"elementor-element elementor-element-2d3e9ae elementor-widget elementor-widget-text-editor\" data-id=\"2d3e9ae\" data-element_type=\"widget\" data-widget_type=\"text-editor.default\">\n\t\t\t\t<div class=\"elementor-widget-container\">\n\t\t\t\t\t\t\t\t\t<p>RayTalk Precision wurde im Jahr 2022 gegr\u00fcndet, um unsere OEM- und ODM-Projekte besser unterst\u00fctzen zu k\u00f6nnen.<\/p>\t\t\t\t\t\t\t\t<\/div>\n\t\t\t\t<\/div>\n\t\t\t\t<\/div>\n\t\t\t\t\t<\/div>\n\t\t\t\t<\/div>\n\t\t\t\t<\/div>\n\t\t\t\t\t<\/div>\n\t\t\t\t<\/div>\n\t\t\t\t<\/div>","protected":false},"excerpt":{"rendered":"<p>As a leading Original Design Manufacturer, RayTalk ODM Service delivers tailored communication solutions for every industry, covering aviation headsets, two way radios, Bluetooth and POC &#038; Two Way Radio accessories.<\/p>","protected":false},"author":1,"featured_media":3436,"parent":2525,"menu_order":0,"comment_status":"closed","ping_status":"closed","template":"","meta":{"footnotes":""},"class_list":["post-2866","page","type-page","status-publish","has-post-thumbnail","hentry"],"blocksy_meta":[],"_links":{"self":[{"href":"https:\/\/raytalkcomms.com\/de\/wp-json\/wp\/v2\/pages\/2866","targetHints":{"allow":["GET"]}}],"collection":[{"href":"https:\/\/raytalkcomms.com\/de\/wp-json\/wp\/v2\/pages"}],"about":[{"href":"https:\/\/raytalkcomms.com\/de\/wp-json\/wp\/v2\/types\/page"}],"author":[{"embeddable":true,"href":"https:\/\/raytalkcomms.com\/de\/wp-json\/wp\/v2\/users\/1"}],"replies":[{"embeddable":true,"href":"https:\/\/raytalkcomms.com\/de\/wp-json\/wp\/v2\/comments?post=2866"}],"version-history":[{"count":42,"href":"https:\/\/raytalkcomms.com\/de\/wp-json\/wp\/v2\/pages\/2866\/revisions"}],"predecessor-version":[{"id":6741,"href":"https:\/\/raytalkcomms.com\/de\/wp-json\/wp\/v2\/pages\/2866\/revisions\/6741"}],"up":[{"embeddable":true,"href":"https:\/\/raytalkcomms.com\/de\/wp-json\/wp\/v2\/pages\/2525"}],"wp:featuredmedia":[{"embeddable":true,"href":"https:\/\/raytalkcomms.com\/de\/wp-json\/wp\/v2\/media\/3436"}],"wp:attachment":[{"href":"https:\/\/raytalkcomms.com\/de\/wp-json\/wp\/v2\/media?parent=2866"}],"curies":[{"name":"wp","href":"https:\/\/api.w.org\/{rel}","templated":true}]}}